{"id":16483,"date":"2026-04-02T16:24:00","date_gmt":"2026-04-02T14:24:00","guid":{"rendered":"https:\/\/macketi.com\/?post_type=product&#038;p=16483"},"modified":"2026-04-02T16:24:00","modified_gmt":"2026-04-02T14:24:00","slug":"perfume-de-hombre-zara-night-pour-homme-i","status":"publish","type":"product","link":"https:\/\/macketi.com\/en\/product\/perfume-de-hombre-zara-night-pour-homme-i\/","title":{"rendered":"Perfume de hombre ZARA Night Pour Homme I"},"content":{"rendered":"<p data-path-to-node=\"3\">Es una fragancia de la familia <b data-path-to-node=\"3\" data-index-in-node=\"31\">\u00c1mbar Amaderada<\/b>. Se siente mucho m\u00e1s acogedora y menos \u00abpunzante\u00bb que su hermana mayor.<\/p>\n<p data-path-to-node=\"4,0,0\"><b data-path-to-node=\"4,0,0\" data-index-in-node=\"0\">*Notas de Salida:<\/b> Bergamota (un toque c\u00edtrico suave para abrir).<\/p>\n<p data-path-to-node=\"4,1,0\"><b data-path-to-node=\"4,1,0\" data-index-in-node=\"0\">*Notas de Coraz\u00f3n:<\/b> <b data-path-to-node=\"4,1,0\" data-index-in-node=\"18\">Pimienta negra<\/b> y notas florales ligeras (le dan un car\u00e1cter especiado pero sutil).<\/p>\n<p data-path-to-node=\"4,2,0\"><b data-path-to-node=\"4,2,0\" data-index-in-node=\"0\">*Notas de Fondo:<\/b> <b data-path-to-node=\"4,2,0\" data-index-in-node=\"16\">Vainilla y Cedro<\/b>. La vainilla es la protagonista aqu\u00ed, aportando un dulzor polvoso y reconfortante.<\/p>","protected":false},"excerpt":{"rendered":"<p>Esta es la fragancia <b data-path-to-node=\"0\" data-index-in-node=\"21\">Night Pour Homme I<\/b> de la l\u00ednea <b data-path-to-node=\"0\" data-index-in-node=\"52\">Heritage Selection<\/b> de <b data-path-to-node=\"0\" data-index-in-node=\"74\">ZARA<\/b>. Mientras que la versi\u00f3n \u00abII\u00bb que vimos antes es m\u00e1s fresca y c\u00edtrica, esta versi\u00f3n es m\u00e1s <b data-path-to-node=\"0\" data-index-in-node=\"170\">relajada, suave y cremosa<\/b>.<\/p>","protected":false},"featured_media":16484,"comment_status":"open","ping_status":"closed","template":"","meta":[],"product_brand":[505],"product_cat":[489],"product_tag":[],"class_list":{"0":"post-16483","1":"product","2":"type-product","3":"status-publish","4":"has-post-thumbnail","6":"product_brand-zara","7":"product_cat-perfumes","8":"thunk-woo-product-list","9":"th-shop-mania-woo-hover-","10":"open-single-product-tab-horizontal","11":"open-shadow-","12":"open-shadow-hover-","13":"th-shop-mania-single-product-content-left","15":"first","16":"instock","17":"taxable","18":"shipping-taxable","19":"purchasable","20":"product-type-simple"},"aioseo_notices":[],"_links":{"self":[{"href":"https:\/\/macketi.com\/en\/wp-json\/wp\/v2\/product\/16483","targetHints":{"allow":["GET"]}}],"collection":[{"href":"https:\/\/macketi.com\/en\/wp-json\/wp\/v2\/product"}],"about":[{"href":"https:\/\/macketi.com\/en\/wp-json\/wp\/v2\/types\/product"}],"replies":[{"embeddable":true,"href":"https:\/\/macketi.com\/en\/wp-json\/wp\/v2\/comments?post=16483"}],"wp:featuredmedia":[{"embeddable":true,"href":"https:\/\/macketi.com\/en\/wp-json\/wp\/v2\/media\/16484"}],"wp:attachment":[{"href":"https:\/\/macketi.com\/en\/wp-json\/wp\/v2\/media?parent=16483"}],"wp:term":[{"taxonomy":"product_brand","embeddable":true,"href":"https:\/\/macketi.com\/en\/wp-json\/wp\/v2\/product_brand?post=16483"},{"taxonomy":"product_cat","embeddable":true,"href":"https:\/\/macketi.com\/en\/wp-json\/wp\/v2\/product_cat?post=16483"},{"taxonomy":"product_tag","embeddable":true,"href":"https:\/\/macketi.com\/en\/wp-json\/wp\/v2\/product_tag?post=16483"}],"curies":[{"name":"wp","href":"https:\/\/api.w.org\/{rel}","templated":true}]}}