{"id":16386,"date":"2026-03-31T13:59:41","date_gmt":"2026-03-31T11:59:41","guid":{"rendered":"https:\/\/macketi.com\/?post_type=product&#038;p=16386"},"modified":"2026-04-01T16:07:45","modified_gmt":"2026-04-01T14:07:45","slug":"crema-hidratante-cerave","status":"publish","type":"product","link":"https:\/\/macketi.com\/en\/product\/crema-hidratante-cerave\/","title":{"rendered":"Crema hidratante Cerave"},"content":{"rendered":"<ul>\n<li>\n<p data-path-to-node=\"11,0,0\"><b data-path-to-node=\"11,0,0\" data-index-in-node=\"0\">Hidrataci\u00f3n de larga duraci\u00f3n:<\/b> Promete mantener la piel suave durante todo el d\u00eda.<\/p>\n<\/li>\n<li>\n<p data-path-to-node=\"11,1,0\"><b data-path-to-node=\"11,1,0\" data-index-in-node=\"0\">Apta para toda la familia:<\/b> Puede ser usada por adultos y ni\u00f1os.<\/p>\n<\/li>\n<li>\n<p data-path-to-node=\"11,2,0\"><b data-path-to-node=\"11,2,0\" data-index-in-node=\"0\">Aval Dermatol\u00f3gico:<\/b> Desarrollada con dermat\u00f3logos, lo que aporta un extra de confianza para pieles con problemas de sequedad extrema o eccemas.<\/p>\n<\/li>\n<\/ul>","protected":false},"excerpt":{"rendered":"<p>Este producto es la <b data-path-to-node=\"0\" data-index-in-node=\"20\">Loci\u00f3n Hidratante de CeraVe<\/b>, un cl\u00e1sico de la dermocosm\u00e9tica dise\u00f1ado espec\u00edficamente para pieles secas a muy secas. Es conocida por ser una f\u00f3rmula ligera pero profundamente hidratante que ayuda a reparar la barrera natural de la piel.<\/p>","protected":false},"featured_media":16387,"comment_status":"open","ping_status":"closed","template":"","meta":[],"product_brand":[642],"product_cat":[512],"product_tag":[],"class_list":{"0":"post-16386","1":"product","2":"type-product","3":"status-publish","4":"has-post-thumbnail","6":"product_brand-cerave","7":"product_cat-cremas","8":"thunk-woo-product-list","9":"th-shop-mania-woo-hover-","10":"open-single-product-tab-horizontal","11":"open-shadow-","12":"open-shadow-hover-","13":"th-shop-mania-single-product-content-left","15":"first","16":"instock","17":"downloadable","18":"taxable","19":"shipping-taxable","20":"purchasable","21":"product-type-simple"},"_links":{"self":[{"href":"https:\/\/macketi.com\/en\/wp-json\/wp\/v2\/product\/16386","targetHints":{"allow":["GET"]}}],"collection":[{"href":"https:\/\/macketi.com\/en\/wp-json\/wp\/v2\/product"}],"about":[{"href":"https:\/\/macketi.com\/en\/wp-json\/wp\/v2\/types\/product"}],"replies":[{"embeddable":true,"href":"https:\/\/macketi.com\/en\/wp-json\/wp\/v2\/comments?post=16386"}],"wp:featuredmedia":[{"embeddable":true,"href":"https:\/\/macketi.com\/en\/wp-json\/wp\/v2\/media\/16387"}],"wp:attachment":[{"href":"https:\/\/macketi.com\/en\/wp-json\/wp\/v2\/media?parent=16386"}],"wp:term":[{"taxonomy":"product_brand","embeddable":true,"href":"https:\/\/macketi.com\/en\/wp-json\/wp\/v2\/product_brand?post=16386"},{"taxonomy":"product_cat","embeddable":true,"href":"https:\/\/macketi.com\/en\/wp-json\/wp\/v2\/product_cat?post=16386"},{"taxonomy":"product_tag","embeddable":true,"href":"https:\/\/macketi.com\/en\/wp-json\/wp\/v2\/product_tag?post=16386"}],"curies":[{"name":"wp","href":"https:\/\/api.w.org\/{rel}","templated":true}]}}