{"id":15076,"date":"2026-02-21T19:35:06","date_gmt":"2026-02-21T18:35:06","guid":{"rendered":"https:\/\/macketi.com\/?post_type=product&#038;p=15076"},"modified":"2026-02-21T19:38:07","modified_gmt":"2026-02-21T18:38:07","slug":"smartwatch","status":"publish","type":"product","link":"https:\/\/macketi.com\/en\/product\/smartwatch\/","title":{"rendered":"Smartwatch"},"content":{"rendered":"<h3 data-path-to-node=\"2\">\u231a Dise\u00f1o y Componentes<\/h3>\n<ul data-path-to-node=\"3\">\n<li>\n<p data-path-to-node=\"3,0,0\"><b data-path-to-node=\"3,0,0\" data-index-in-node=\"0\">Cuerpo del Reloj:<\/b> Presenta una caja de forma <b data-path-to-node=\"3,0,0\" data-index-in-node=\"45\">cuadrada con bordes redondeados<\/b> en color negro, con una pantalla t\u00e1ctil que ocupa gran parte del frontal.<\/p>\n<\/li>\n<li>\n<p data-path-to-node=\"3,1,0\"><b data-path-to-node=\"3,1,0\" data-index-in-node=\"0\">Correa:<\/b> Incluye una correa de <b data-path-to-node=\"3,1,0\" data-index-in-node=\"30\">silicona flexible<\/b> en color <b data-path-to-node=\"3,1,0\" data-index-in-node=\"57\">azul marino<\/b>. El dise\u00f1o de la correa es de tipo deportivo, con m\u00faltiples perforaciones para ajustar el tama\u00f1o y un sistema de cierre de pin.<\/p>\n<\/li>\n<li>\n<p data-path-to-node=\"3,2,0\"><b data-path-to-node=\"3,2,0\" data-index-in-node=\"0\">Empaque:<\/b> El dispositivo se encuentra dentro de una base protectora blanca que mantiene el cuerpo del reloj y la correa organizados por separado dentro de la caja.<\/p>\n<\/li>\n<\/ul>\n<hr data-path-to-node=\"4\" \/>\n<h3 data-path-to-node=\"5\">\ud83d\udee0\ufe0f Funcionalidades T\u00edpicas (Referenciales)<\/h3>\n<p data-path-to-node=\"6\">Aunque la imagen no muestra la interfaz encendida, este tipo de smartwatches suelen ofrecer:<\/p>\n<ul data-path-to-node=\"7\">\n<li>\n<p data-path-to-node=\"7,0,0\"><b data-path-to-node=\"7,0,0\" data-index-in-node=\"0\">Monitoreo de Salud:<\/b> Seguimiento de pasos, ritmo card\u00edaco y niveles de ox\u00edgeno en sangre.<\/p>\n<\/li>\n<li>\n<p data-path-to-node=\"7,1,0\"><b data-path-to-node=\"7,1,0\" data-index-in-node=\"0\">Notificaciones:<\/b> Sincronizaci\u00f3n con el tel\u00e9fono para recibir alertas de mensajes, llamadas y redes sociales.<\/p>\n<\/li>\n<li>\n<p data-path-to-node=\"7,2,0\"><b data-path-to-node=\"7,2,0\" data-index-in-node=\"0\">Deportes:<\/b> Modos de entrenamiento integrados para correr, caminar o andar en bicicleta.<\/p>\n<\/li>\n<\/ul>","protected":false},"excerpt":{"rendered":"<div class=\"ng-tns-c3156147216-64\">\n<section id=\"processing-state-8\" class=\"processing-state_container ng-tns-c3156147216-64 is-gpi-avatar ng-trigger ng-trigger-processingStateShowHide ng-star-inserted is-done-processing\">\n<div id=\"processing-state-8-summary\" class=\"processing-state_details ng-trigger ng-trigger-menuExpansion ng-tns-c3156147216-64 is-gpi-avatar ng-star-inserted\" aria-hidden=\"true\">\n<div class=\"tool-summary ng-tns-c3156147216-64\">\n<div class=\"tool-summary-message ng-tns-c3156147216-64 gds-body-l ng-star-inserted\">\n<div class=\"ng-tns-c3156147216-64\">Este producto es un <b data-path-to-node=\"0\" data-index-in-node=\"20\">Smartwatch<\/b> (reloj inteligente) presentado en su empaque original, dise\u00f1ado con una est\u00e9tica deportiva y funcional.<\/div>\n<\/div>\n<\/div>\n<\/div>\n<\/section>\n<\/div>","protected":false},"featured_media":15077,"comment_status":"open","ping_status":"closed","template":"","meta":[],"product_brand":[],"product_cat":[293],"product_tag":[],"class_list":{"0":"post-15076","1":"product","2":"type-product","3":"status-publish","4":"has-post-thumbnail","6":"product_cat-relojes-inteligentes","7":"thunk-woo-product-list","8":"th-shop-mania-woo-hover-","9":"open-single-product-tab-horizontal","10":"open-shadow-","11":"open-shadow-hover-","12":"th-shop-mania-single-product-content-left","14":"first","15":"instock","16":"downloadable","17":"taxable","18":"shipping-taxable","19":"purchasable","20":"product-type-simple"},"_links":{"self":[{"href":"https:\/\/macketi.com\/en\/wp-json\/wp\/v2\/product\/15076","targetHints":{"allow":["GET"]}}],"collection":[{"href":"https:\/\/macketi.com\/en\/wp-json\/wp\/v2\/product"}],"about":[{"href":"https:\/\/macketi.com\/en\/wp-json\/wp\/v2\/types\/product"}],"replies":[{"embeddable":true,"href":"https:\/\/macketi.com\/en\/wp-json\/wp\/v2\/comments?post=15076"}],"wp:featuredmedia":[{"embeddable":true,"href":"https:\/\/macketi.com\/en\/wp-json\/wp\/v2\/media\/15077"}],"wp:attachment":[{"href":"https:\/\/macketi.com\/en\/wp-json\/wp\/v2\/media?parent=15076"}],"wp:term":[{"taxonomy":"product_brand","embeddable":true,"href":"https:\/\/macketi.com\/en\/wp-json\/wp\/v2\/product_brand?post=15076"},{"taxonomy":"product_cat","embeddable":true,"href":"https:\/\/macketi.com\/en\/wp-json\/wp\/v2\/product_cat?post=15076"},{"taxonomy":"product_tag","embeddable":true,"href":"https:\/\/macketi.com\/en\/wp-json\/wp\/v2\/product_tag?post=15076"}],"curies":[{"name":"wp","href":"https:\/\/api.w.org\/{rel}","templated":true}]}}