{"id":14929,"date":"2026-02-14T22:46:28","date_gmt":"2026-02-14T21:46:28","guid":{"rendered":"https:\/\/macketi.com\/?post_type=product&#038;p=14929"},"modified":"2026-03-07T00:26:36","modified_gmt":"2026-03-06T23:26:36","slug":"pantalon-corto-tecnico-de-montana-y-outdoor-joma","status":"publish","type":"product","link":"https:\/\/macketi.com\/en\/product\/pantalon-corto-tecnico-de-montana-y-outdoor-joma\/","title":{"rendered":"Pantal\u00f3n corto t\u00e9cnico de monta\u00f1a y outdoor Joma"},"content":{"rendered":"<h3 data-path-to-node=\"2\">Dise\u00f1o y Ajuste<\/h3>\n<ul data-path-to-node=\"3\">\n<li>\n<p data-path-to-node=\"3,0,0\"><b data-path-to-node=\"3,0,0\" data-index-in-node=\"0\">Sistema de Cierre:<\/b> Destaca por incluir un <b data-path-to-node=\"3,0,0\" data-index-in-node=\"42\">cintur\u00f3n de cincha ajustable<\/b> con una hebilla de liberaci\u00f3n r\u00e1pida tipo \u00abclic\u00bb, lo que garantiza que la prenda se mantenga en su sitio durante movimientos exigentes.<\/p>\n<\/li>\n<li>\n<p data-path-to-node=\"3,1,0\"><b data-path-to-node=\"3,1,0\" data-index-in-node=\"0\">Colores disponibles:<\/b> Se presenta en opciones cl\u00e1sicas y sufridas para la monta\u00f1a, como el <b data-path-to-node=\"3,1,0\" data-index-in-node=\"90\">azul marino<\/b> y el <b data-path-to-node=\"3,1,0\" data-index-in-node=\"107\">negro<\/b>.<\/p>\n<\/li>\n<li>\n<p data-path-to-node=\"3,2,0\"><b data-path-to-node=\"3,2,0\" data-index-in-node=\"0\">Logotipo:<\/b> Incluye el logo de Joma bordado de forma discreta en el lateral, manteniendo una est\u00e9tica t\u00e9cnica y profesional.<\/p>\n<\/li>\n<\/ul>\n<h3 data-path-to-node=\"4\">Funcionalidad y Almacenamiento<\/h3>\n<ul data-path-to-node=\"5\">\n<li>\n<p data-path-to-node=\"5,0,0\"><b data-path-to-node=\"5,0,0\" data-index-in-node=\"0\">Bolsillos:<\/b> Cuenta con dos <b data-path-to-node=\"5,0,0\" data-index-in-node=\"26\">bolsillos laterales de corte vertical<\/b> de f\u00e1cil acceso para objetos peque\u00f1os.<\/p>\n<\/li>\n<li>\n<p data-path-to-node=\"5,1,0\"><b data-path-to-node=\"5,1,0\" data-index-in-node=\"0\">Corte T\u00e9cnico:<\/b> El dise\u00f1o es recto y estructurado, con una longitud de pierna media que equilibra la protecci\u00f3n con la ventilaci\u00f3n necesaria para climas c\u00e1lidos.<\/p>\n<\/li>\n<\/ul>\n<h3 data-path-to-node=\"6\">Material y Uso Recomendado<\/h3>\n<ul data-path-to-node=\"7\">\n<li>\n<p data-path-to-node=\"7,0,0\"><b data-path-to-node=\"7,0,0\" data-index-in-node=\"0\">Tejido Resistente:<\/b> Est\u00e1 fabricado con materiales sint\u00e9ticos dise\u00f1ados para ser <b data-path-to-node=\"7,0,0\" data-index-in-node=\"79\">ligeros, transpirables y de secado r\u00e1pido<\/b>, fundamentales cuando se est\u00e1 expuesto a la humedad o al sudor en la naturaleza.<\/p>\n<\/li>\n<li>\n<p data-path-to-node=\"7,1,0\"><b data-path-to-node=\"7,1,0\" data-index-in-node=\"0\">Versatilidad:<\/b> Aunque es una prenda t\u00e9cnica para <b data-path-to-node=\"7,1,0\" data-index-in-node=\"48\">outdoor<\/b>, su dise\u00f1o limpio y sobrio permite usarlo perfectamente como una prenda casual de verano en entornos urbanos.<\/p>\n<\/li>\n<\/ul>","protected":false},"excerpt":{"rendered":"<p>Este producto es un <b data-path-to-node=\"0\" data-index-in-node=\"20\">pantal\u00f3n corto t\u00e9cnico de monta\u00f1a y outdoor<\/b> de la marca <b data-path-to-node=\"0\" data-index-in-node=\"76\">Joma<\/b>, dise\u00f1ado para ofrecer resistencia y funcionalidad en actividades al aire libre como el senderismo o el trekking.<\/p>","protected":false},"featured_media":14930,"comment_status":"open","ping_status":"closed","template":"","meta":[],"product_brand":[586],"product_cat":[597],"product_tag":[],"class_list":{"0":"post-14929","1":"product","2":"type-product","3":"status-publish","4":"has-post-thumbnail","6":"product_brand-joma","7":"product_cat-pantaloncillos-deportivos","8":"pa_talla-medium","9":"thunk-woo-product-list","10":"th-shop-mania-woo-hover-","11":"open-single-product-tab-horizontal","12":"open-shadow-","13":"open-shadow-hover-","14":"th-shop-mania-single-product-content-left","16":"first","17":"instock","18":"taxable","19":"shipping-taxable","20":"purchasable","21":"product-type-variable"},"_links":{"self":[{"href":"https:\/\/macketi.com\/en\/wp-json\/wp\/v2\/product\/14929","targetHints":{"allow":["GET"]}}],"collection":[{"href":"https:\/\/macketi.com\/en\/wp-json\/wp\/v2\/product"}],"about":[{"href":"https:\/\/macketi.com\/en\/wp-json\/wp\/v2\/types\/product"}],"replies":[{"embeddable":true,"href":"https:\/\/macketi.com\/en\/wp-json\/wp\/v2\/comments?post=14929"}],"wp:featuredmedia":[{"embeddable":true,"href":"https:\/\/macketi.com\/en\/wp-json\/wp\/v2\/media\/14930"}],"wp:attachment":[{"href":"https:\/\/macketi.com\/en\/wp-json\/wp\/v2\/media?parent=14929"}],"wp:term":[{"taxonomy":"product_brand","embeddable":true,"href":"https:\/\/macketi.com\/en\/wp-json\/wp\/v2\/product_brand?post=14929"},{"taxonomy":"product_cat","embeddable":true,"href":"https:\/\/macketi.com\/en\/wp-json\/wp\/v2\/product_cat?post=14929"},{"taxonomy":"product_tag","embeddable":true,"href":"https:\/\/macketi.com\/en\/wp-json\/wp\/v2\/product_tag?post=14929"}],"curies":[{"name":"wp","href":"https:\/\/api.w.org\/{rel}","templated":true}]}}