{"id":14926,"date":"2026-02-14T22:39:11","date_gmt":"2026-02-14T21:39:11","guid":{"rendered":"https:\/\/macketi.com\/?post_type=product&#038;p=14926"},"modified":"2026-03-07T00:28:17","modified_gmt":"2026-03-06T23:28:17","slug":"pantalon-corto-joma","status":"publish","type":"product","link":"https:\/\/macketi.com\/en\/product\/pantalon-corto-joma\/","title":{"rendered":"Pantal\u00f3n corto Joma"},"content":{"rendered":"<h3 data-path-to-node=\"2\">Dise\u00f1o y Funcionalidad<\/h3>\n<ul data-path-to-node=\"3\">\n<li>\n<p data-path-to-node=\"3,0,0\"><b data-path-to-node=\"3,0,0\" data-index-in-node=\"0\">Color:<\/b> Azul marino uniforme (Navy).<\/p>\n<\/li>\n<li>\n<p data-path-to-node=\"3,1,0\"><b data-path-to-node=\"3,1,0\" data-index-in-node=\"0\">Sistema de Cierre:<\/b> Incluye un <b data-path-to-node=\"3,1,0\" data-index-in-node=\"30\">cintur\u00f3n ajustable integrado<\/b> con hebilla de liberaci\u00f3n r\u00e1pida (clic), lo que permite un ajuste personalizado y seguro durante caminatas o actividad f\u00edsica.<\/p>\n<\/li>\n<li>\n<p data-path-to-node=\"3,2,0\"><b data-path-to-node=\"3,2,0\" data-index-in-node=\"0\">Bolsillos:<\/b> Dispone de bolsillos laterales abiertos de corte cl\u00e1sico.<\/p>\n<\/li>\n<li>\n<p data-path-to-node=\"3,3,0\"><b data-path-to-node=\"3,3,0\" data-index-in-node=\"0\">Logotipo:<\/b> El logo de Joma aparece de forma discreta, bordado en el mismo tono de azul (o un tono muy similar) en la pierna izquierda, d\u00e1ndole un aspecto m\u00e1s sobrio y menos deportivo que las l\u00edneas de f\u00fatbol.<\/p>\n<\/li>\n<\/ul>\n<h3 data-path-to-node=\"4\">Material y Construcci\u00f3n<\/h3>\n<ul data-path-to-node=\"5\">\n<li>\n<p data-path-to-node=\"5,0,0\"><b data-path-to-node=\"5,0,0\" data-index-in-node=\"0\">Tejido:<\/b> Probablemente fabricado en una mezcla de poliamida o poli\u00e9ster con elastano, lo que le confiere propiedades de <b data-path-to-node=\"5,0,0\" data-index-in-node=\"119\">secado r\u00e1pido<\/b> y <b data-path-to-node=\"5,0,0\" data-index-in-node=\"135\">elasticidad<\/b> (stretch) para facilitar el movimiento en terrenos irregulares.<\/p>\n<\/li>\n<li>\n<p data-path-to-node=\"5,1,0\"><b data-path-to-node=\"5,1,0\" data-index-in-node=\"0\">Corte:<\/b> Corte recto y t\u00e9cnico, dise\u00f1ado para ser resistente a la abrasi\u00f3n en entornos de monta\u00f1a o aire libre.<\/p>\n<\/li>\n<\/ul>\n<h3 data-path-to-node=\"6\">Uso Ideal<\/h3>\n<p data-path-to-node=\"7\">Es perfecto para quienes buscan una prenda vers\u00e1til que sirva tanto para una <b data-path-to-node=\"7\" data-index-in-node=\"77\">ruta de senderismo<\/b> como para un <b data-path-to-node=\"7\" data-index-in-node=\"109\">look casual de verano<\/b>, gracias a su est\u00e9tica limpia y funcional.<\/p>","protected":false},"excerpt":{"rendered":"<p>Este es un pantal\u00f3n corto de la marca <b data-path-to-node=\"0\" data-index-in-node=\"38\">Joma<\/b>, pero a diferencia del anterior, este modelo est\u00e1 dise\u00f1ado para <b data-path-to-node=\"0\" data-index-in-node=\"107\">trekking, senderismo o uso casual\/outdoor<\/b>. Es una prenda m\u00e1s t\u00e9cnica y estructurada.<\/p>","protected":false},"featured_media":14927,"comment_status":"open","ping_status":"closed","template":"","meta":[],"product_brand":[586],"product_cat":[597],"product_tag":[],"class_list":{"0":"post-14926","1":"product","2":"type-product","3":"status-publish","4":"has-post-thumbnail","6":"product_brand-joma","7":"product_cat-pantaloncillos-deportivos","8":"pa_talla-medium","9":"thunk-woo-product-list","10":"th-shop-mania-woo-hover-","11":"open-single-product-tab-horizontal","12":"open-shadow-","13":"open-shadow-hover-","14":"th-shop-mania-single-product-content-left","16":"first","17":"instock","18":"taxable","19":"shipping-taxable","20":"purchasable","21":"product-type-variable"},"aioseo_notices":[],"_links":{"self":[{"href":"https:\/\/macketi.com\/en\/wp-json\/wp\/v2\/product\/14926","targetHints":{"allow":["GET"]}}],"collection":[{"href":"https:\/\/macketi.com\/en\/wp-json\/wp\/v2\/product"}],"about":[{"href":"https:\/\/macketi.com\/en\/wp-json\/wp\/v2\/types\/product"}],"replies":[{"embeddable":true,"href":"https:\/\/macketi.com\/en\/wp-json\/wp\/v2\/comments?post=14926"}],"wp:featuredmedia":[{"embeddable":true,"href":"https:\/\/macketi.com\/en\/wp-json\/wp\/v2\/media\/14927"}],"wp:attachment":[{"href":"https:\/\/macketi.com\/en\/wp-json\/wp\/v2\/media?parent=14926"}],"wp:term":[{"taxonomy":"product_brand","embeddable":true,"href":"https:\/\/macketi.com\/en\/wp-json\/wp\/v2\/product_brand?post=14926"},{"taxonomy":"product_cat","embeddable":true,"href":"https:\/\/macketi.com\/en\/wp-json\/wp\/v2\/product_cat?post=14926"},{"taxonomy":"product_tag","embeddable":true,"href":"https:\/\/macketi.com\/en\/wp-json\/wp\/v2\/product_tag?post=14926"}],"curies":[{"name":"wp","href":"https:\/\/api.w.org\/{rel}","templated":true}]}}