{"id":14923,"date":"2026-02-14T22:32:01","date_gmt":"2026-02-14T21:32:01","guid":{"rendered":"https:\/\/macketi.com\/?post_type=product&#038;p=14923"},"modified":"2026-03-07T00:30:16","modified_gmt":"2026-03-06T23:30:16","slug":"pantalon-corto-deportivo-joma","status":"publish","type":"product","link":"https:\/\/macketi.com\/en\/product\/pantalon-corto-deportivo-joma\/","title":{"rendered":"Pantal\u00f3n corto deportivo Joma"},"content":{"rendered":"<ul data-path-to-node=\"2\">\n<li>\n<p data-path-to-node=\"2,0,0\"><b data-path-to-node=\"2,0,0\" data-index-in-node=\"0\">Color:<\/b> Azul marino (Navy) con detalles en blanco.<\/p>\n<\/li>\n<li>\n<p data-path-to-node=\"2,1,0\"><b data-path-to-node=\"2,1,0\" data-index-in-node=\"0\">Marca:<\/b> Logotipo de <b data-path-to-node=\"2,1,0\" data-index-in-node=\"19\">Joma<\/b> (la \u00abJ\u00bb caracter\u00edstica) bordado o serigrafiado en color blanco en la pierna izquierda.<\/p>\n<\/li>\n<li>\n<p data-path-to-node=\"2,2,0\"><b data-path-to-node=\"2,2,0\" data-index-in-node=\"0\">Laterales:<\/b> Presenta una franja blanca vertical en ambos costados que se interrumpe antes de llegar al borde inferior, un dise\u00f1o cl\u00e1sico de las colecciones de equipaci\u00f3n de la marca.<\/p>\n<\/li>\n<\/ul>\n<h3 data-path-to-node=\"3\">Caracter\u00edsticas T\u00e9cnicas<\/h3>\n<ul data-path-to-node=\"4\">\n<li>\n<p data-path-to-node=\"4,0,0\"><b data-path-to-node=\"4,0,0\" data-index-in-node=\"0\">Cintura:<\/b> El\u00e1stica para un ajuste c\u00f3modo, probablemente con un cord\u00f3n interno para mayor seguridad durante el movimiento.<\/p>\n<\/li>\n<li>\n<p data-path-to-node=\"4,1,0\"><b data-path-to-node=\"4,1,0\" data-index-in-node=\"0\">Tejido:<\/b> Fabricado en <b data-path-to-node=\"4,1,0\" data-index-in-node=\"21\">poli\u00e9ster ligero<\/b>, un material transpirable que facilita la evacuaci\u00f3n del sudor y tiene un secado r\u00e1pido.<\/p>\n<\/li>\n<li>\n<p data-path-to-node=\"4,2,0\"><b data-path-to-node=\"4,2,0\" data-index-in-node=\"0\">Corte:<\/b> Estilo cl\u00e1sico por encima de la rodilla, pensado para ofrecer total libertad de movimiento en las piernas.<\/p>\n<\/li>\n<\/ul>\n<h3 data-path-to-node=\"5\">Uso Recomendado<\/h3>\n<p data-path-to-node=\"6\">Es una prenda t\u00e9cnica ideal para <b data-path-to-node=\"6\" data-index-in-node=\"33\">equipaciones de clubes<\/b> o para uso individual en el gimnasio. Su dise\u00f1o es duradero y resistente a los lavados frecuentes, manteniendo la intensidad del color.<\/p>","protected":false},"excerpt":{"rendered":"<p>Este es un pantal\u00f3n corto deportivo de la marca <b data-path-to-node=\"0\" data-index-in-node=\"48\">Joma<\/b>, dise\u00f1ado principalmente para entrenamientos de f\u00fatbol, running o actividades de fitness.<\/p>","protected":false},"featured_media":14924,"comment_status":"open","ping_status":"closed","template":"","meta":[],"product_brand":[586],"product_cat":[597],"product_tag":[],"class_list":{"0":"post-14923","1":"product","2":"type-product","3":"status-publish","4":"has-post-thumbnail","6":"product_brand-joma","7":"product_cat-pantaloncillos-deportivos","8":"pa_talla-xl","9":"thunk-woo-product-list","10":"th-shop-mania-woo-hover-","11":"open-single-product-tab-horizontal","12":"open-shadow-","13":"open-shadow-hover-","14":"th-shop-mania-single-product-content-left","16":"first","17":"instock","18":"taxable","19":"shipping-taxable","20":"purchasable","21":"product-type-variable"},"_links":{"self":[{"href":"https:\/\/macketi.com\/en\/wp-json\/wp\/v2\/product\/14923","targetHints":{"allow":["GET"]}}],"collection":[{"href":"https:\/\/macketi.com\/en\/wp-json\/wp\/v2\/product"}],"about":[{"href":"https:\/\/macketi.com\/en\/wp-json\/wp\/v2\/types\/product"}],"replies":[{"embeddable":true,"href":"https:\/\/macketi.com\/en\/wp-json\/wp\/v2\/comments?post=14923"}],"wp:featuredmedia":[{"embeddable":true,"href":"https:\/\/macketi.com\/en\/wp-json\/wp\/v2\/media\/14924"}],"wp:attachment":[{"href":"https:\/\/macketi.com\/en\/wp-json\/wp\/v2\/media?parent=14923"}],"wp:term":[{"taxonomy":"product_brand","embeddable":true,"href":"https:\/\/macketi.com\/en\/wp-json\/wp\/v2\/product_brand?post=14923"},{"taxonomy":"product_cat","embeddable":true,"href":"https:\/\/macketi.com\/en\/wp-json\/wp\/v2\/product_cat?post=14923"},{"taxonomy":"product_tag","embeddable":true,"href":"https:\/\/macketi.com\/en\/wp-json\/wp\/v2\/product_tag?post=14923"}],"curies":[{"name":"wp","href":"https:\/\/api.w.org\/{rel}","templated":true}]}}