{"id":14920,"date":"2026-02-14T15:43:08","date_gmt":"2026-02-14T14:43:08","guid":{"rendered":"https:\/\/macketi.com\/?post_type=product&#038;p=14920"},"modified":"2026-02-14T15:43:09","modified_gmt":"2026-02-14T14:43:09","slug":"banador-tipo-short-joma-3","status":"publish","type":"product","link":"https:\/\/macketi.com\/en\/product\/banador-tipo-short-joma-3\/","title":{"rendered":"Ba\u00f1ador tipo short JOMA"},"content":{"rendered":"<h3 data-path-to-node=\"1\"><b data-path-to-node=\"1\" data-index-in-node=\"0\">Dise\u00f1o y Est\u00e9tica<\/b><\/h3>\n<ul data-path-to-node=\"2\">\n<li>\n<p data-path-to-node=\"2,0,0\"><b data-path-to-node=\"2,0,0\" data-index-in-node=\"0\">Combinaci\u00f3n de Colores:<\/b> Presenta un contraste intenso con una base de color <b data-path-to-node=\"2,0,0\" data-index-in-node=\"76\">rojo vibrante<\/b> y detalles en <b data-path-to-node=\"2,0,0\" data-index-in-node=\"104\">negro<\/b>.<\/p>\n<\/li>\n<li>\n<p data-path-to-node=\"2,1,0\"><b data-path-to-node=\"2,1,0\" data-index-in-node=\"0\">Patr\u00f3n de Rayas:<\/b> Est\u00e1 decorado con un estampado de <b data-path-to-node=\"2,1,0\" data-index-in-node=\"51\">rayas horizontales negras<\/b> que tienen bordes irregulares o con efecto de \u00abpincelada\u00bb, lo que le da un aspecto moderno.<\/p>\n<\/li>\n<li>\n<p data-path-to-node=\"2,2,0\"><b data-path-to-node=\"2,2,0\" data-index-in-node=\"0\">Ribetes en Contraste:<\/b> Los laterales y el dobladillo inferior est\u00e1n rematados con un <b data-path-to-node=\"2,2,0\" data-index-in-node=\"84\">vivo negro<\/b> que define la silueta de la prenda.<\/p>\n<\/li>\n<\/ul>\n<h3 data-path-to-node=\"3\"><b data-path-to-node=\"3\" data-index-in-node=\"0\">Construcci\u00f3n y Ajuste<\/b><\/h3>\n<ul data-path-to-node=\"4\">\n<li>\n<p data-path-to-node=\"4,0,0\"><b data-path-to-node=\"4,0,0\" data-index-in-node=\"0\">Cintura Profesional:<\/b> Posee una <b data-path-to-node=\"4,0,0\" data-index-in-node=\"31\">cintura plana en color negro<\/b> que proporciona un ajuste m\u00e1s t\u00e9cnico y elegante que la el\u00e1stica tradicional.<\/p>\n<\/li>\n<li>\n<p data-path-to-node=\"4,1,0\"><b data-path-to-node=\"4,1,0\" data-index-in-node=\"0\">Sistema de Cierre:<\/b> Incluye un <b data-path-to-node=\"4,1,0\" data-index-in-node=\"30\">cord\u00f3n ajustable negro<\/b> en la parte frontal para asegurar el pantal\u00f3n firmemente a la cintura.<\/p>\n<\/li>\n<li>\n<p data-path-to-node=\"4,2,0\"><b data-path-to-node=\"4,2,0\" data-index-in-node=\"0\">Corte Ergon\u00f3mico:<\/b> Las perneras tienen un acabado redondeado con peque\u00f1as <b data-path-to-node=\"4,2,0\" data-index-in-node=\"73\">aberturas laterales<\/b>, permitiendo una mayor libertad de movimiento al nadar o caminar.<\/p>\n<\/li>\n<\/ul>\n<h3 data-path-to-node=\"5\"><b data-path-to-node=\"5\" data-index-in-node=\"0\">Material<\/b><\/h3>\n<ul data-path-to-node=\"6\">\n<li>\n<p data-path-to-node=\"6,0,0\">Est\u00e1 fabricado con un tejido sint\u00e9tico ligero dise\u00f1ado para ofrecer un <b data-path-to-node=\"6,0,0\" data-index-in-node=\"71\">secado r\u00e1pido<\/b> y comodidad fuera del agua.<\/p>\n<\/li>\n<\/ul>","protected":false},"excerpt":{"rendered":"<p>Este producto es un <b data-path-to-node=\"0\" data-index-in-node=\"20\">ba\u00f1ador tipo short<\/b> con un dise\u00f1o audaz y deportivo, ideal para actividades recreativas en el agua.<\/p>","protected":false},"featured_media":14921,"comment_status":"open","ping_status":"closed","template":"","meta":[],"product_brand":[586],"product_cat":[593],"product_tag":[],"class_list":{"0":"post-14920","1":"product","2":"type-product","3":"status-publish","4":"has-post-thumbnail","6":"product_brand-joma","7":"product_cat-banadores","8":"pa_talla-medium","9":"thunk-woo-product-list","10":"th-shop-mania-woo-hover-","11":"open-single-product-tab-horizontal","12":"open-shadow-","13":"open-shadow-hover-","14":"th-shop-mania-single-product-content-left","16":"first","17":"instock","18":"taxable","19":"shipping-taxable","20":"purchasable","21":"product-type-variable"},"_links":{"self":[{"href":"https:\/\/macketi.com\/en\/wp-json\/wp\/v2\/product\/14920","targetHints":{"allow":["GET"]}}],"collection":[{"href":"https:\/\/macketi.com\/en\/wp-json\/wp\/v2\/product"}],"about":[{"href":"https:\/\/macketi.com\/en\/wp-json\/wp\/v2\/types\/product"}],"replies":[{"embeddable":true,"href":"https:\/\/macketi.com\/en\/wp-json\/wp\/v2\/comments?post=14920"}],"wp:featuredmedia":[{"embeddable":true,"href":"https:\/\/macketi.com\/en\/wp-json\/wp\/v2\/media\/14921"}],"wp:attachment":[{"href":"https:\/\/macketi.com\/en\/wp-json\/wp\/v2\/media?parent=14920"}],"wp:term":[{"taxonomy":"product_brand","embeddable":true,"href":"https:\/\/macketi.com\/en\/wp-json\/wp\/v2\/product_brand?post=14920"},{"taxonomy":"product_cat","embeddable":true,"href":"https:\/\/macketi.com\/en\/wp-json\/wp\/v2\/product_cat?post=14920"},{"taxonomy":"product_tag","embeddable":true,"href":"https:\/\/macketi.com\/en\/wp-json\/wp\/v2\/product_tag?post=14920"}],"curies":[{"name":"wp","href":"https:\/\/api.w.org\/{rel}","templated":true}]}}