{"id":14917,"date":"2026-02-14T15:37:35","date_gmt":"2026-02-14T14:37:35","guid":{"rendered":"https:\/\/macketi.com\/?post_type=product&#038;p=14917"},"modified":"2026-02-14T15:37:36","modified_gmt":"2026-02-14T14:37:36","slug":"banador-tipo-short-joma-2","status":"publish","type":"product","link":"https:\/\/macketi.com\/en\/product\/banador-tipo-short-joma-2\/","title":{"rendered":"Ba\u00f1ador tipo short JOMA"},"content":{"rendered":"<h3 data-path-to-node=\"1\"><b data-path-to-node=\"1\" data-index-in-node=\"0\">Dise\u00f1o y Est\u00e9tica<\/b><\/h3>\n<ul data-path-to-node=\"2\">\n<li>\n<p data-path-to-node=\"2,0,0\"><b data-path-to-node=\"2,0,0\" data-index-in-node=\"0\">Estampado de Rayas:<\/b> Presenta un patr\u00f3n de rayas horizontales blancas con bordes irregulares o \u00abdentados\u00bb sobre un fondo azul oscuro, lo que le da un aspecto din\u00e1mico y moderno.<\/p>\n<\/li>\n<li>\n<p data-path-to-node=\"2,1,0\"><b data-path-to-node=\"2,1,0\" data-index-in-node=\"0\">Detalles en Contraste:<\/b> La cintura y los bordes laterales est\u00e1n acabados en un tono <b data-path-to-node=\"2,1,0\" data-index-in-node=\"83\">azul celeste claro<\/b>, resaltando la estructura del pantal\u00f3n.<\/p>\n<\/li>\n<li>\n<p data-path-to-node=\"2,2,0\"><b data-path-to-node=\"2,2,0\" data-index-in-node=\"0\">Acabados Curvos:<\/b> Las perneras cuentan con una peque\u00f1a abertura lateral y bordes redondeados, un estilo cl\u00e1sico de los ba\u00f1adores de competici\u00f3n y surf.<\/p>\n<\/li>\n<\/ul>\n<h3 data-path-to-node=\"3\"><b data-path-to-node=\"3\" data-index-in-node=\"0\">Funcionalidad y Ajuste<\/b><\/h3>\n<ul data-path-to-node=\"4\">\n<li>\n<p data-path-to-node=\"4,0,0\"><b data-path-to-node=\"4,0,0\" data-index-in-node=\"0\">Cintura Plana:<\/b> A diferencia de los modelos anteriores, este cuenta con una pretina delantera m\u00e1s lisa y profesional.<\/p>\n<\/li>\n<li>\n<p data-path-to-node=\"4,1,0\"><b data-path-to-node=\"4,1,0\" data-index-in-node=\"0\">Cierre de Cord\u00f3n:<\/b> Incluye un <b data-path-to-node=\"4,1,0\" data-index-in-node=\"29\">cord\u00f3n negro<\/b> frontal para un ajuste seguro y personalizado.<\/p>\n<\/li>\n<li>\n<p data-path-to-node=\"4,2,0\"><b data-path-to-node=\"4,2,0\" data-index-in-node=\"0\">Detalle de Marca:<\/b> Posee un peque\u00f1o logotipo circular dorado o amarillo en la parte inferior de la pierna izquierda.<\/p>\n<\/li>\n<\/ul>\n<h3 data-path-to-node=\"5\"><b data-path-to-node=\"5\" data-index-in-node=\"0\">Material<\/b><\/h3>\n<p data-path-to-node=\"6\">Est\u00e1 confeccionado en un tejido sint\u00e9tico ligero, dise\u00f1ado para ser resistente al agua y ofrecer un <b data-path-to-node=\"6\" data-index-in-node=\"100\">secado r\u00e1pido<\/b>.<\/p>","protected":false},"excerpt":{"rendered":"<p>Este es un <b data-path-to-node=\"0\" data-index-in-node=\"11\">ba\u00f1ador tipo short<\/b> para hombre con un dise\u00f1o de inspiraci\u00f3n n\u00e1utica, ideal para actividades de playa o piscina.<\/p>","protected":false},"featured_media":14918,"comment_status":"open","ping_status":"closed","template":"","meta":[],"product_brand":[586],"product_cat":[593],"product_tag":[],"class_list":{"0":"post-14917","1":"product","2":"type-product","3":"status-publish","4":"has-post-thumbnail","6":"product_brand-joma","7":"product_cat-banadores","8":"pa_talla-medium","9":"thunk-woo-product-list","10":"th-shop-mania-woo-hover-","11":"open-single-product-tab-horizontal","12":"open-shadow-","13":"open-shadow-hover-","14":"th-shop-mania-single-product-content-left","16":"first","17":"instock","18":"taxable","19":"shipping-taxable","20":"purchasable","21":"product-type-variable"},"_links":{"self":[{"href":"https:\/\/macketi.com\/en\/wp-json\/wp\/v2\/product\/14917","targetHints":{"allow":["GET"]}}],"collection":[{"href":"https:\/\/macketi.com\/en\/wp-json\/wp\/v2\/product"}],"about":[{"href":"https:\/\/macketi.com\/en\/wp-json\/wp\/v2\/types\/product"}],"replies":[{"embeddable":true,"href":"https:\/\/macketi.com\/en\/wp-json\/wp\/v2\/comments?post=14917"}],"wp:featuredmedia":[{"embeddable":true,"href":"https:\/\/macketi.com\/en\/wp-json\/wp\/v2\/media\/14918"}],"wp:attachment":[{"href":"https:\/\/macketi.com\/en\/wp-json\/wp\/v2\/media?parent=14917"}],"wp:term":[{"taxonomy":"product_brand","embeddable":true,"href":"https:\/\/macketi.com\/en\/wp-json\/wp\/v2\/product_brand?post=14917"},{"taxonomy":"product_cat","embeddable":true,"href":"https:\/\/macketi.com\/en\/wp-json\/wp\/v2\/product_cat?post=14917"},{"taxonomy":"product_tag","embeddable":true,"href":"https:\/\/macketi.com\/en\/wp-json\/wp\/v2\/product_tag?post=14917"}],"curies":[{"name":"wp","href":"https:\/\/api.w.org\/{rel}","templated":true}]}}