{"id":14914,"date":"2026-02-14T15:29:33","date_gmt":"2026-02-14T14:29:33","guid":{"rendered":"https:\/\/macketi.com\/?post_type=product&#038;p=14914"},"modified":"2026-02-14T15:29:33","modified_gmt":"2026-02-14T14:29:33","slug":"banador-tipo-short-joma","status":"publish","type":"product","link":"https:\/\/macketi.com\/en\/product\/banador-tipo-short-joma\/","title":{"rendered":"Ba\u00f1ador tipo short JOMA"},"content":{"rendered":"<h3 data-path-to-node=\"2\"><b data-path-to-node=\"2\" data-index-in-node=\"0\">Dise\u00f1o y Est\u00e9tica<\/b><\/h3>\n<ul data-path-to-node=\"3\">\n<li>\n<p data-path-to-node=\"3,0,0\"><b data-path-to-node=\"3,0,0\" data-index-in-node=\"0\">Estilo Bicolor:<\/b> La prenda presenta una divisi\u00f3n horizontal clara. La parte superior es de un color <b data-path-to-node=\"3,0,0\" data-index-in-node=\"99\">verde ne\u00f3n o lima vibrante<\/b>, decorada con un patr\u00f3n gr\u00e1fico de trazos negros irregulares. La parte inferior es de un tono <b data-path-to-node=\"3,0,0\" data-index-in-node=\"220\">azul marino liso<\/b>.<\/p>\n<\/li>\n<li>\n<p data-path-to-node=\"3,1,0\"><b data-path-to-node=\"3,1,0\" data-index-in-node=\"0\">Logotipo:<\/b> Incluye el nombre de la marca \u00abJoma\u00bb en letras blancas de gran tama\u00f1o situadas en la pierna izquierda.<\/p>\n<\/li>\n<\/ul>\n<h3 data-path-to-node=\"4\"><b data-path-to-node=\"4\" data-index-in-node=\"0\">Detalles T\u00e9cnicos y Confort<\/b><\/h3>\n<ul data-path-to-node=\"5\">\n<li>\n<p data-path-to-node=\"5,0,0\"><b data-path-to-node=\"5,0,0\" data-index-in-node=\"0\">Ajuste El\u00e1stico:<\/b> Posee una cintura el\u00e1stica fruncida que garantiza una sujeci\u00f3n c\u00f3moda.<\/p>\n<\/li>\n<li>\n<p data-path-to-node=\"5,1,0\"><b data-path-to-node=\"5,1,0\" data-index-in-node=\"0\">Cord\u00f3n Ajustable:<\/b> Incluye un cord\u00f3n externo en color azul marino para personalizar el ajuste a la cintura.<\/p>\n<\/li>\n<li>\n<p data-path-to-node=\"5,2,0\"><b data-path-to-node=\"5,2,0\" data-index-in-node=\"0\">Material:<\/b> Confeccionado en un tejido sint\u00e9tico ligero de <b data-path-to-node=\"5,2,0\" data-index-in-node=\"57\">secado r\u00e1pido<\/b>, ideal para entornos acu\u00e1ticos como playas o piscinas.<\/p>\n<\/li>\n<\/ul>\n<h3 data-path-to-node=\"6\"><b data-path-to-node=\"6\" data-index-in-node=\"0\">Uso Sugerido<\/b><\/h3>\n<p data-path-to-node=\"7\">Gracias a su dise\u00f1o llamativo, es perfecto para quienes buscan una prenda deportiva con personalidad para el verano, ya sea para nataci\u00f3n recreativa o deportes de playa.<\/p>","protected":false},"excerpt":{"rendered":"<p>Este producto es un <b data-path-to-node=\"0\" data-index-in-node=\"20\">ba\u00f1ador tipo short<\/b> de la marca deportiva <b data-path-to-node=\"0\" data-index-in-node=\"61\">Joma<\/b>, dise\u00f1ado con un enfoque funcional y un estilo visual de alto contraste.<\/p>","protected":false},"featured_media":14915,"comment_status":"open","ping_status":"closed","template":"","meta":[],"product_brand":[586],"product_cat":[593],"product_tag":[],"class_list":{"0":"post-14914","1":"product","2":"type-product","3":"status-publish","4":"has-post-thumbnail","6":"product_brand-joma","7":"product_cat-banadores","8":"pa_talla-medium","9":"thunk-woo-product-list","10":"th-shop-mania-woo-hover-","11":"open-single-product-tab-horizontal","12":"open-shadow-","13":"open-shadow-hover-","14":"th-shop-mania-single-product-content-left","16":"first","17":"instock","18":"taxable","19":"shipping-taxable","20":"purchasable","21":"product-type-variable"},"aioseo_notices":[],"_links":{"self":[{"href":"https:\/\/macketi.com\/en\/wp-json\/wp\/v2\/product\/14914","targetHints":{"allow":["GET"]}}],"collection":[{"href":"https:\/\/macketi.com\/en\/wp-json\/wp\/v2\/product"}],"about":[{"href":"https:\/\/macketi.com\/en\/wp-json\/wp\/v2\/types\/product"}],"replies":[{"embeddable":true,"href":"https:\/\/macketi.com\/en\/wp-json\/wp\/v2\/comments?post=14914"}],"wp:featuredmedia":[{"embeddable":true,"href":"https:\/\/macketi.com\/en\/wp-json\/wp\/v2\/media\/14915"}],"wp:attachment":[{"href":"https:\/\/macketi.com\/en\/wp-json\/wp\/v2\/media?parent=14914"}],"wp:term":[{"taxonomy":"product_brand","embeddable":true,"href":"https:\/\/macketi.com\/en\/wp-json\/wp\/v2\/product_brand?post=14914"},{"taxonomy":"product_cat","embeddable":true,"href":"https:\/\/macketi.com\/en\/wp-json\/wp\/v2\/product_cat?post=14914"},{"taxonomy":"product_tag","embeddable":true,"href":"https:\/\/macketi.com\/en\/wp-json\/wp\/v2\/product_tag?post=14914"}],"curies":[{"name":"wp","href":"https:\/\/api.w.org\/{rel}","templated":true}]}}