{"id":14910,"date":"2026-02-14T15:21:17","date_gmt":"2026-02-14T14:21:17","guid":{"rendered":"https:\/\/macketi.com\/?post_type=product&#038;p=14910"},"modified":"2026-02-14T15:31:15","modified_gmt":"2026-02-14T14:31:15","slug":"banadore-tipo-short-joma","status":"publish","type":"product","link":"https:\/\/macketi.com\/en\/product\/banadore-tipo-short-joma\/","title":{"rendered":"Ba\u00f1ador tipo short JOMA"},"content":{"rendered":"<h3 data-path-to-node=\"1\"><b data-path-to-node=\"1\" data-index-in-node=\"0\">Dise\u00f1o y Est\u00e9tica<\/b><\/h3>\n<ul data-path-to-node=\"2\">\n<li>\n<p data-path-to-node=\"2,0,0\"><b data-path-to-node=\"2,0,0\" data-index-in-node=\"0\">Estilo Bicolor:<\/b> Presenta una divisi\u00f3n horizontal en dos tonos de azul. La parte superior es de un <b data-path-to-node=\"2,0,0\" data-index-in-node=\"98\">azul vibrante con un estampado gr\u00e1fico<\/b> de salpicaduras o trazos blancos, mientras que la parte inferior es de un <b data-path-to-node=\"2,0,0\" data-index-in-node=\"211\">azul celeste liso<\/b>.<\/p>\n<\/li>\n<li>\n<p data-path-to-node=\"2,1,0\"><b data-path-to-node=\"2,1,0\" data-index-in-node=\"0\">Logotipo:<\/b> Incluye el nombre de la marca \u00abJoma\u00bb en letras grandes y blancas de serigraf\u00eda sobre la pierna izquierda, lo que le da un toque deportivo cl\u00e1sico.<\/p>\n<\/li>\n<\/ul>\n<h3 data-path-to-node=\"3\"><b data-path-to-node=\"3\" data-index-in-node=\"0\">Construcci\u00f3n y Comodidad<\/b><\/h3>\n<ul data-path-to-node=\"4\">\n<li>\n<p data-path-to-node=\"4,0,0\"><b data-path-to-node=\"4,0,0\" data-index-in-node=\"0\">Cintura El\u00e1stica:<\/b> Cuenta con una pretina fruncida que se adapta c\u00f3modamente al cuerpo.<\/p>\n<\/li>\n<li>\n<p data-path-to-node=\"4,1,0\"><b data-path-to-node=\"4,1,0\" data-index-in-node=\"0\">Ajuste Personalizado:<\/b> Incluye un <b data-path-to-node=\"4,1,0\" data-index-in-node=\"33\">cord\u00f3n ajustable<\/b> en el mismo tono azul de la parte superior para asegurar la prenda durante el movimiento o al nadar.<\/p>\n<\/li>\n<li>\n<p data-path-to-node=\"4,2,0\"><b data-path-to-node=\"4,2,0\" data-index-in-node=\"0\">Tejido:<\/b> Fabricado en un material sint\u00e9tico ligero (probablemente poli\u00e9ster o poliamida) de <b data-path-to-node=\"4,2,0\" data-index-in-node=\"91\">secado r\u00e1pido<\/b>, ideal para su uso en piscinas o playas.<\/p>\n<\/li>\n<\/ul>\n<h3 data-path-to-node=\"5\"><b data-path-to-node=\"5\" data-index-in-node=\"0\">Uso Recomendado<\/b><\/h3>\n<p data-path-to-node=\"6\">Es una prenda vers\u00e1til, excelente para actividades acu\u00e1ticas, deportes de playa o simplemente como vestimenta casual de verano gracias a su dise\u00f1o llamativo y funcional.<\/p>","protected":false},"excerpt":{"rendered":"<p>Este es un <b data-path-to-node=\"0\" data-index-in-node=\"15\">ba\u00f1ador tipo short<\/b> de la marca deportiva <b data-path-to-node=\"0\" data-index-in-node=\"58\">Joma<\/b>, dise\u00f1ado con un estilo moderno y din\u00e1mico. Aqu\u00ed tienes el desglose de sus caracter\u00edsticas principales:<\/p>","protected":false},"featured_media":14911,"comment_status":"open","ping_status":"closed","template":"","meta":[],"product_brand":[586],"product_cat":[593],"product_tag":[],"class_list":{"0":"post-14910","1":"product","2":"type-product","3":"status-publish","4":"has-post-thumbnail","6":"product_brand-joma","7":"product_cat-banadores","8":"pa_talla-5xs","9":"thunk-woo-product-list","10":"th-shop-mania-woo-hover-","11":"open-single-product-tab-horizontal","12":"open-shadow-","13":"open-shadow-hover-","14":"th-shop-mania-single-product-content-left","16":"first","17":"instock","18":"taxable","19":"shipping-taxable","20":"purchasable","21":"product-type-variable"},"_links":{"self":[{"href":"https:\/\/macketi.com\/en\/wp-json\/wp\/v2\/product\/14910","targetHints":{"allow":["GET"]}}],"collection":[{"href":"https:\/\/macketi.com\/en\/wp-json\/wp\/v2\/product"}],"about":[{"href":"https:\/\/macketi.com\/en\/wp-json\/wp\/v2\/types\/product"}],"replies":[{"embeddable":true,"href":"https:\/\/macketi.com\/en\/wp-json\/wp\/v2\/comments?post=14910"}],"wp:featuredmedia":[{"embeddable":true,"href":"https:\/\/macketi.com\/en\/wp-json\/wp\/v2\/media\/14911"}],"wp:attachment":[{"href":"https:\/\/macketi.com\/en\/wp-json\/wp\/v2\/media?parent=14910"}],"wp:term":[{"taxonomy":"product_brand","embeddable":true,"href":"https:\/\/macketi.com\/en\/wp-json\/wp\/v2\/product_brand?post=14910"},{"taxonomy":"product_cat","embeddable":true,"href":"https:\/\/macketi.com\/en\/wp-json\/wp\/v2\/product_cat?post=14910"},{"taxonomy":"product_tag","embeddable":true,"href":"https:\/\/macketi.com\/en\/wp-json\/wp\/v2\/product_tag?post=14910"}],"curies":[{"name":"wp","href":"https:\/\/api.w.org\/{rel}","templated":true}]}}