{"id":14906,"date":"2026-02-14T10:30:15","date_gmt":"2026-02-14T09:30:15","guid":{"rendered":"https:\/\/macketi.com\/?post_type=product&#038;p=14906"},"modified":"2026-03-07T00:32:56","modified_gmt":"2026-03-06T23:32:56","slug":"pantalon-deportivo-con-linea-lateral-azul-real","status":"publish","type":"product","link":"https:\/\/macketi.com\/en\/product\/pantalon-deportivo-con-linea-lateral-azul-real\/","title":{"rendered":"Pantal\u00f3n Deportivo con L\u00ednea Lateral (Azul Real)"},"content":{"rendered":"<ul>\n<li>\n<p data-path-to-node=\"10,0,0\"><b data-path-to-node=\"10,0,0\" data-index-in-node=\"0\">Marca:<\/b> Logotipo J (isotipo) visible en la pierna izquierda.<\/p>\n<\/li>\n<li>\n<p data-path-to-node=\"10,1,0\"><b data-path-to-node=\"10,1,0\" data-index-in-node=\"0\">Detalle de Dise\u00f1o:<\/b> Presenta una <b data-path-to-node=\"10,1,0\" data-index-in-node=\"32\">fina l\u00ednea blanca lateral<\/b> (piping) que recorre ambos costados de la prenda.<\/p>\n<\/li>\n<li>\n<p data-path-to-node=\"10,2,0\"><b data-path-to-node=\"10,2,0\" data-index-in-node=\"0\">Tejido:<\/b> Poli\u00e9ster liso de alto rendimiento con cintura el\u00e1stica multipunto.<\/p>\n<\/li>\n<\/ul>","protected":false},"excerpt":{"rendered":"<p>Modelo con un dise\u00f1o m\u00e1s cl\u00e1sico y estilizado para equipaciones.<\/p>","protected":false},"featured_media":14907,"comment_status":"open","ping_status":"closed","template":"","meta":[],"product_brand":[586],"product_cat":[597],"product_tag":[],"class_list":{"0":"post-14906","1":"product","2":"type-product","3":"status-publish","4":"has-post-thumbnail","6":"product_brand-joma","7":"product_cat-pantaloncillos-deportivos","8":"pa_talla-medium","9":"thunk-woo-product-list","10":"th-shop-mania-woo-hover-","11":"open-single-product-tab-horizontal","12":"open-shadow-","13":"open-shadow-hover-","14":"th-shop-mania-single-product-content-left","16":"first","17":"instock","18":"taxable","19":"shipping-taxable","20":"purchasable","21":"product-type-variable"},"_links":{"self":[{"href":"https:\/\/macketi.com\/en\/wp-json\/wp\/v2\/product\/14906","targetHints":{"allow":["GET"]}}],"collection":[{"href":"https:\/\/macketi.com\/en\/wp-json\/wp\/v2\/product"}],"about":[{"href":"https:\/\/macketi.com\/en\/wp-json\/wp\/v2\/types\/product"}],"replies":[{"embeddable":true,"href":"https:\/\/macketi.com\/en\/wp-json\/wp\/v2\/comments?post=14906"}],"wp:featuredmedia":[{"embeddable":true,"href":"https:\/\/macketi.com\/en\/wp-json\/wp\/v2\/media\/14907"}],"wp:attachment":[{"href":"https:\/\/macketi.com\/en\/wp-json\/wp\/v2\/media?parent=14906"}],"wp:term":[{"taxonomy":"product_brand","embeddable":true,"href":"https:\/\/macketi.com\/en\/wp-json\/wp\/v2\/product_brand?post=14906"},{"taxonomy":"product_cat","embeddable":true,"href":"https:\/\/macketi.com\/en\/wp-json\/wp\/v2\/product_cat?post=14906"},{"taxonomy":"product_tag","embeddable":true,"href":"https:\/\/macketi.com\/en\/wp-json\/wp\/v2\/product_tag?post=14906"}],"curies":[{"name":"wp","href":"https:\/\/api.w.org\/{rel}","templated":true}]}}