{"id":14900,"date":"2026-02-14T10:04:01","date_gmt":"2026-02-14T09:04:01","guid":{"rendered":"https:\/\/macketi.com\/?post_type=product&#038;p=14900"},"modified":"2026-03-07T00:37:52","modified_gmt":"2026-03-06T23:37:52","slug":"pantalon-corto-deportivo-estandar-morado-joma","status":"publish","type":"product","link":"https:\/\/macketi.com\/en\/product\/pantalon-corto-deportivo-estandar-morado-joma\/","title":{"rendered":"Pantal\u00f3n Corto Deportivo Est\u00e1ndar (Morado) JOMA"},"content":{"rendered":"<ul data-path-to-node=\"10\">\n<li>\n<p data-path-to-node=\"10,0,0\"><b data-path-to-node=\"10,0,0\" data-index-in-node=\"0\">Color:<\/b> Morado intenso.<\/p>\n<\/li>\n<li>\n<p data-path-to-node=\"10,1,0\"><b data-path-to-node=\"10,1,0\" data-index-in-node=\"0\">Tejido:<\/b> Poli\u00e9ster liso de secado r\u00e1pido con una ca\u00edda fluida.<\/p>\n<\/li>\n<li>\n<p data-path-to-node=\"10,2,0\"><b data-path-to-node=\"10,2,0\" data-index-in-node=\"0\">Construcci\u00f3n:<\/b> Cintura el\u00e1stica reforzada con varias costuras para mayor longevidad.<\/p>\n<\/li>\n<li>\n<p data-path-to-node=\"10,3,0\"><b data-path-to-node=\"10,3,0\" data-index-in-node=\"0\">Uso Recomendado:<\/b> Equipaciones de equipo, clases de gimnasia o entrenamiento diario.<\/p>\n<\/li>\n<\/ul>\n<hr data-path-to-node=\"11\" \/>\n<h3 data-path-to-node=\"12\"><b data-path-to-node=\"12\" data-index-in-node=\"0\">Resumen Comparativo<\/b><\/h3>\n<table data-path-to-node=\"13\">\n<thead>\n<tr>\n<td><strong>Caracter\u00edstica<\/strong><\/td>\n<td><strong>Modelo Negro<\/strong><\/td>\n<td><strong>Modelo Azul Celeste<\/strong><\/td>\n<td><strong>Modelo Morado<\/strong><\/td>\n<\/tr>\n<\/thead>\n<tbody>\n<tr>\n<td><span data-path-to-node=\"13,1,0,0\"><b data-path-to-node=\"13,1,0,0\" data-index-in-node=\"0\">Uso Ideal<\/b><\/span><\/td>\n<td><span data-path-to-node=\"13,1,1,0\">Porteros \/ Protecci\u00f3n<\/span><\/td>\n<td><span data-path-to-node=\"13,1,2,0\">Alto Rendimiento<\/span><\/td>\n<td><span data-path-to-node=\"13,1,3,0\">Multideporte \/ Ocio<\/span><\/td>\n<\/tr>\n<tr>\n<td><span data-path-to-node=\"13,2,0,0\"><b data-path-to-node=\"13,2,0,0\" data-index-in-node=\"0\">Tejido<\/b><\/span><\/td>\n<td><span data-path-to-node=\"13,2,1,0\">Reforzado<\/span><\/td>\n<td><span data-path-to-node=\"13,2,2,0\">Malla Transpirable<\/span><\/td>\n<td><span data-path-to-node=\"13,2,3,0\">Poli\u00e9ster Est\u00e1ndar<\/span><\/td>\n<\/tr>\n<tr>\n<td><span data-path-to-node=\"13,3,0,0\"><b data-path-to-node=\"13,3,0,0\" data-index-in-node=\"0\">Bolsillos<\/b><\/span><\/td>\n<td><span data-path-to-node=\"13,3,1,0\">No<\/span><\/td>\n<td><span data-path-to-node=\"13,3,2,0\">S\u00ed<\/span><\/td>\n<td><span data-path-to-node=\"13,3,3,0\">S\u00ed<\/span><\/td>\n<\/tr>\n<tr>\n<td><span data-path-to-node=\"13,4,0,0\"><b data-path-to-node=\"13,4,0,0\" data-index-in-node=\"0\">Acolchado<\/b><\/span><\/td>\n<td><span data-path-to-node=\"13,4,1,0\">S\u00ed (Caderas)<\/span><\/td>\n<td><span data-path-to-node=\"13,4,2,0\">No<\/span><\/td>\n<td><span data-path-to-node=\"13,4,3,0\">No<\/span><\/td>\n<\/tr>\n<\/tbody>\n<\/table>","protected":false},"excerpt":{"rendered":"<p>Un modelo vers\u00e1til con un corte cl\u00e1sico para uso multideportivo.<\/p>","protected":false},"featured_media":14901,"comment_status":"open","ping_status":"closed","template":"","meta":[],"product_brand":[586],"product_cat":[597],"product_tag":[],"class_list":{"0":"post-14900","1":"product","2":"type-product","3":"status-publish","4":"has-post-thumbnail","6":"product_brand-joma","7":"product_cat-pantaloncillos-deportivos","8":"pa_talla-medium","9":"thunk-woo-product-list","10":"th-shop-mania-woo-hover-","11":"open-single-product-tab-horizontal","12":"open-shadow-","13":"open-shadow-hover-","14":"th-shop-mania-single-product-content-left","16":"first","17":"instock","18":"taxable","19":"shipping-taxable","20":"purchasable","21":"product-type-variable"},"_links":{"self":[{"href":"https:\/\/macketi.com\/en\/wp-json\/wp\/v2\/product\/14900","targetHints":{"allow":["GET"]}}],"collection":[{"href":"https:\/\/macketi.com\/en\/wp-json\/wp\/v2\/product"}],"about":[{"href":"https:\/\/macketi.com\/en\/wp-json\/wp\/v2\/types\/product"}],"replies":[{"embeddable":true,"href":"https:\/\/macketi.com\/en\/wp-json\/wp\/v2\/comments?post=14900"}],"wp:featuredmedia":[{"embeddable":true,"href":"https:\/\/macketi.com\/en\/wp-json\/wp\/v2\/media\/14901"}],"wp:attachment":[{"href":"https:\/\/macketi.com\/en\/wp-json\/wp\/v2\/media?parent=14900"}],"wp:term":[{"taxonomy":"product_brand","embeddable":true,"href":"https:\/\/macketi.com\/en\/wp-json\/wp\/v2\/product_brand?post=14900"},{"taxonomy":"product_cat","embeddable":true,"href":"https:\/\/macketi.com\/en\/wp-json\/wp\/v2\/product_cat?post=14900"},{"taxonomy":"product_tag","embeddable":true,"href":"https:\/\/macketi.com\/en\/wp-json\/wp\/v2\/product_tag?post=14900"}],"curies":[{"name":"wp","href":"https:\/\/api.w.org\/{rel}","templated":true}]}}