{"id":14600,"date":"2026-02-06T13:34:26","date_gmt":"2026-02-06T12:34:26","guid":{"rendered":"https:\/\/macketi.com\/?post_type=product&#038;p=14600"},"modified":"2026-03-07T01:34:16","modified_gmt":"2026-03-07T00:34:16","slug":"camiseta-deportiva-joma-15","status":"publish","type":"product","link":"https:\/\/macketi.com\/en\/product\/camiseta-deportiva-joma-15\/","title":{"rendered":"Camiseta deportiva JOMA"},"content":{"rendered":"<ul data-path-to-node=\"2\">\n<li>\n<p data-path-to-node=\"2,0,0\"><b data-path-to-node=\"2,0,0\" data-index-in-node=\"0\">Dise\u00f1o y Color<\/b>: Presenta un cuerpo principal en <b data-path-to-node=\"2,0,0\" data-index-in-node=\"48\">color azul royal<\/b> vibrante, con mangas y paneles superiores en <b data-path-to-node=\"2,0,0\" data-index-in-node=\"110\">blanco<\/b> contrastante.<\/p>\n<\/li>\n<li>\n<p data-path-to-node=\"2,1,0\"><b data-path-to-node=\"2,1,0\" data-index-in-node=\"0\">Logotipo<\/b>: Incluye el logotipo caracter\u00edstico de la \u00abJ\u00bb de Joma en el lado derecho del pecho, estampado en color blanco para resaltar sobre el fondo azul.<\/p>\n<\/li>\n<li>\n<p data-path-to-node=\"2,2,0\"><b data-path-to-node=\"2,2,0\" data-index-in-node=\"0\">Corte y Cuello<\/b>: Posee un <b data-path-to-node=\"2,2,0\" data-index-in-node=\"25\">cuello redondo<\/b> (crew neck) reforzado en azul y mangas cortas de estilo ragl\u00e1n, que ofrecen una mayor libertad de movimiento en los brazos y hombros.<\/p>\n<\/li>\n<li>\n<p data-path-to-node=\"2,3,0\"><b data-path-to-node=\"2,3,0\" data-index-in-node=\"0\">Marca<\/b>: La prenda se presenta en una percha blanca oficial con el nombre de Joma.<\/p>\n<\/li>\n<\/ul>\n<hr data-path-to-node=\"3\" \/>\n<h3 data-path-to-node=\"4\"><b data-path-to-node=\"4\" data-index-in-node=\"0\">Puntos Clave<\/b><\/h3>\n<ul data-path-to-node=\"5\">\n<li>\n<p data-path-to-node=\"5,0,0\"><b data-path-to-node=\"5,0,0\" data-index-in-node=\"0\">Estilo Deportivo<\/b>: Su dise\u00f1o limpio y profesional es perfecto para uniformes de clubes o entrenamientos individuales.<\/p>\n<\/li>\n<li>\n<p data-path-to-node=\"5,1,0\"><b data-path-to-node=\"5,1,0\" data-index-in-node=\"0\">Funcionalidad<\/b>: Al ser una prenda t\u00e9cnica, suele estar fabricada con materiales ligeros y transpirables que ayudan a gestionar la humedad durante el ejercicio intenso.<\/p>\n<\/li>\n<\/ul>\n<p data-path-to-node=\"6\">","protected":false},"excerpt":{"rendered":"<p>Esta es una camiseta t\u00e9cnica de alto rendimiento de la marca <b data-path-to-node=\"0\" data-index-in-node=\"61\">Joma<\/b>, dise\u00f1ada con un estilo cl\u00e1sico bicolor ideal para f\u00fatbol, entrenamiento o cualquier actividad deportiva de equipo.<\/p>","protected":false},"featured_media":14601,"comment_status":"open","ping_status":"closed","template":"","meta":[],"product_brand":[586],"product_cat":[600],"product_tag":[],"class_list":{"0":"post-14600","1":"product","2":"type-product","3":"status-publish","4":"has-post-thumbnail","6":"product_brand-joma","7":"product_cat-camisetas-deportivas","8":"pa_talla-large","9":"thunk-woo-product-list","10":"th-shop-mania-woo-hover-","11":"open-single-product-tab-horizontal","12":"open-shadow-","13":"open-shadow-hover-","14":"th-shop-mania-single-product-content-left","16":"first","17":"instock","18":"taxable","19":"shipping-taxable","20":"purchasable","21":"product-type-variable"},"_links":{"self":[{"href":"https:\/\/macketi.com\/en\/wp-json\/wp\/v2\/product\/14600","targetHints":{"allow":["GET"]}}],"collection":[{"href":"https:\/\/macketi.com\/en\/wp-json\/wp\/v2\/product"}],"about":[{"href":"https:\/\/macketi.com\/en\/wp-json\/wp\/v2\/types\/product"}],"replies":[{"embeddable":true,"href":"https:\/\/macketi.com\/en\/wp-json\/wp\/v2\/comments?post=14600"}],"wp:featuredmedia":[{"embeddable":true,"href":"https:\/\/macketi.com\/en\/wp-json\/wp\/v2\/media\/14601"}],"wp:attachment":[{"href":"https:\/\/macketi.com\/en\/wp-json\/wp\/v2\/media?parent=14600"}],"wp:term":[{"taxonomy":"product_brand","embeddable":true,"href":"https:\/\/macketi.com\/en\/wp-json\/wp\/v2\/product_brand?post=14600"},{"taxonomy":"product_cat","embeddable":true,"href":"https:\/\/macketi.com\/en\/wp-json\/wp\/v2\/product_cat?post=14600"},{"taxonomy":"product_tag","embeddable":true,"href":"https:\/\/macketi.com\/en\/wp-json\/wp\/v2\/product_tag?post=14600"}],"curies":[{"name":"wp","href":"https:\/\/api.w.org\/{rel}","templated":true}]}}