{"id":14597,"date":"2026-02-06T13:24:45","date_gmt":"2026-02-06T12:24:45","guid":{"rendered":"https:\/\/macketi.com\/?post_type=product&#038;p=14597"},"modified":"2026-03-07T01:35:49","modified_gmt":"2026-03-07T00:35:49","slug":"camiseta-deportiva-joma-14","status":"publish","type":"product","link":"https:\/\/macketi.com\/en\/product\/camiseta-deportiva-joma-14\/","title":{"rendered":"Camiseta deportiva JOMA"},"content":{"rendered":"<ul data-path-to-node=\"2\">\n<li>\n<p data-path-to-node=\"2,0,0\"><b data-path-to-node=\"2,0,0\" data-index-in-node=\"0\">Dise\u00f1o de Color:<\/b> Presenta un cuerpo principal en color <b data-path-to-node=\"2,0,0\" data-index-in-node=\"55\">amarillo vibrante<\/b> con mangas y cuello en contraste de color <b data-path-to-node=\"2,0,0\" data-index-in-node=\"115\">azul marino<\/b>.<\/p>\n<\/li>\n<li>\n<p data-path-to-node=\"2,1,0\"><b data-path-to-node=\"2,1,0\" data-index-in-node=\"0\">Logotipo:<\/b> Incluye el logotipo de la \u00abJ\u00bb de Joma bordado o impreso en el lado derecho del pecho en color azul marino, haciendo juego con las mangas.<\/p>\n<\/li>\n<li>\n<p data-path-to-node=\"2,2,0\"><b data-path-to-node=\"2,2,0\" data-index-in-node=\"0\">Corte y Cuello:<\/b> Posee un <b data-path-to-node=\"2,2,0\" data-index-in-node=\"25\">cuello redondo<\/b> (crew neck) reforzado y mangas cortas de estilo ragl\u00e1n, que permiten una mayor libertad de movimiento en los hombros.<\/p>\n<\/li>\n<li>\n<p data-path-to-node=\"2,3,0\"><b data-path-to-node=\"2,3,0\" data-index-in-node=\"0\">Material:<\/b> Al ser una prenda t\u00e9cnica de Joma, suele estar fabricada en <b data-path-to-node=\"2,3,0\" data-index-in-node=\"70\">100% poli\u00e9ster<\/b>, un tejido ligero, resistente y de secado r\u00e1pido que facilita la transpiraci\u00f3n durante el ejercicio.<\/p>\n<\/li>\n<li>\n<p data-path-to-node=\"2,4,0\"><b data-path-to-node=\"2,4,0\" data-index-in-node=\"0\">Presentaci\u00f3n:<\/b> Se muestra colgada en una percha blanca oficial con el nombre de la marca.<\/p>\n<\/li>\n<\/ul>\n<hr data-path-to-node=\"3\" \/>\n<h3 data-path-to-node=\"4\"><b data-path-to-node=\"4\" data-index-in-node=\"0\">Puntos Destacados<\/b><\/h3>\n<ul data-path-to-node=\"5\">\n<li>\n<p data-path-to-node=\"5,0,0\"><b data-path-to-node=\"5,0,0\" data-index-in-node=\"0\">Versatilidad:<\/b> Su dise\u00f1o limpio y bicolor la hace perfecta para ser personalizada con n\u00fameros o escudos de clubes deportivos.<\/p>\n<\/li>\n<li>\n<p data-path-to-node=\"5,1,0\"><b data-path-to-node=\"5,1,0\" data-index-in-node=\"0\">Durabilidad:<\/b> Fabricada para soportar el uso intenso y lavados frecuentes sin perder la intensidad de sus colores.<\/p>\n<\/li>\n<\/ul>","protected":false},"excerpt":{"rendered":"<p>Esta es una camiseta t\u00e9cnica deportiva de la marca <b data-path-to-node=\"0\" data-index-in-node=\"51\">Joma<\/b>, dise\u00f1ada con un estilo cl\u00e1sico de bloques de color, ideal para equipaciones de f\u00fatbol, entrenamiento o actividades de equipo.<\/p>","protected":false},"featured_media":14598,"comment_status":"open","ping_status":"closed","template":"","meta":[],"product_brand":[586],"product_cat":[600],"product_tag":[],"class_list":{"0":"post-14597","1":"product","2":"type-product","3":"status-publish","4":"has-post-thumbnail","6":"product_brand-joma","7":"product_cat-camisetas-deportivas","8":"pa_talla-large","9":"thunk-woo-product-list","10":"th-shop-mania-woo-hover-","11":"open-single-product-tab-horizontal","12":"open-shadow-","13":"open-shadow-hover-","14":"th-shop-mania-single-product-content-left","16":"first","17":"instock","18":"taxable","19":"shipping-taxable","20":"purchasable","21":"product-type-variable"},"_links":{"self":[{"href":"https:\/\/macketi.com\/en\/wp-json\/wp\/v2\/product\/14597","targetHints":{"allow":["GET"]}}],"collection":[{"href":"https:\/\/macketi.com\/en\/wp-json\/wp\/v2\/product"}],"about":[{"href":"https:\/\/macketi.com\/en\/wp-json\/wp\/v2\/types\/product"}],"replies":[{"embeddable":true,"href":"https:\/\/macketi.com\/en\/wp-json\/wp\/v2\/comments?post=14597"}],"wp:featuredmedia":[{"embeddable":true,"href":"https:\/\/macketi.com\/en\/wp-json\/wp\/v2\/media\/14598"}],"wp:attachment":[{"href":"https:\/\/macketi.com\/en\/wp-json\/wp\/v2\/media?parent=14597"}],"wp:term":[{"taxonomy":"product_brand","embeddable":true,"href":"https:\/\/macketi.com\/en\/wp-json\/wp\/v2\/product_brand?post=14597"},{"taxonomy":"product_cat","embeddable":true,"href":"https:\/\/macketi.com\/en\/wp-json\/wp\/v2\/product_cat?post=14597"},{"taxonomy":"product_tag","embeddable":true,"href":"https:\/\/macketi.com\/en\/wp-json\/wp\/v2\/product_tag?post=14597"}],"curies":[{"name":"wp","href":"https:\/\/api.w.org\/{rel}","templated":true}]}}