{"id":14594,"date":"2026-02-06T13:15:10","date_gmt":"2026-02-06T12:15:10","guid":{"rendered":"https:\/\/macketi.com\/?post_type=product&#038;p=14594"},"modified":"2026-03-07T01:37:44","modified_gmt":"2026-03-07T00:37:44","slug":"camiseta-deportiva-joma-13","status":"publish","type":"product","link":"https:\/\/macketi.com\/en\/product\/camiseta-deportiva-joma-13\/","title":{"rendered":"Camiseta deportiva JOMA"},"content":{"rendered":"<ul data-path-to-node=\"2\">\n<li>\n<p data-path-to-node=\"2,0,0\"><b data-path-to-node=\"2,0,0\" data-index-in-node=\"0\">Dise\u00f1o Frontal:<\/b> Presenta un panel frontal vibrante en color <b data-path-to-node=\"2,0,0\" data-index-in-node=\"60\">verde lima\/ne\u00f3n<\/b> con un gr\u00e1fico de l\u00edneas geom\u00e9tricas blancas que se entrelazan formando un patr\u00f3n moderno.<\/p>\n<\/li>\n<li>\n<p data-path-to-node=\"2,1,0\"><b data-path-to-node=\"2,1,0\" data-index-in-node=\"0\">Contraste de Color:<\/b> Las mangas, el cuello y los laterales est\u00e1n confeccionados en color <b data-path-to-node=\"2,1,0\" data-index-in-node=\"88\">azul marino<\/b>, aportando un contraste deportivo y elegante.<\/p>\n<\/li>\n<li>\n<p data-path-to-node=\"2,2,0\"><b data-path-to-node=\"2,2,0\" data-index-in-node=\"0\">Marca:<\/b> El logotipo caracter\u00edstico de la \u00abJ\u00bb de Joma aparece en color negro en la parte superior derecha del pecho.<\/p>\n<\/li>\n<li>\n<p data-path-to-node=\"2,3,0\"><b data-path-to-node=\"2,3,0\" data-index-in-node=\"0\">Cuello y Corte:<\/b> Posee un <b data-path-to-node=\"2,3,0\" data-index-in-node=\"25\">cuello redondo<\/b> (crew neck) reforzado en azul y un corte est\u00e1ndar de manga corta que facilita el movimiento atl\u00e9tico.<\/p>\n<\/li>\n<li>\n<p data-path-to-node=\"2,4,0\"><b data-path-to-node=\"2,4,0\" data-index-in-node=\"0\">Presentaci\u00f3n:<\/b> La prenda se muestra en una percha blanca oficial de la marca Joma.<\/p>\n<\/li>\n<\/ul>\n<hr data-path-to-node=\"3\" \/>\n<h3 data-path-to-node=\"4\"><b data-path-to-node=\"4\" data-index-in-node=\"0\">Puntos Destacados<\/b><\/h3>\n<ul data-path-to-node=\"5\">\n<li>\n<p data-path-to-node=\"5,0,0\"><b data-path-to-node=\"5,0,0\" data-index-in-node=\"0\">Est\u00e9tica Din\u00e1mica:<\/b> El patr\u00f3n geom\u00e9trico frontal le da un aspecto tecnol\u00f3gico y actual, ideal para equipaciones de equipos.<\/p>\n<\/li>\n<li>\n<p data-path-to-node=\"5,1,0\"><b data-path-to-node=\"5,1,0\" data-index-in-node=\"0\">Funcionalidad:<\/b> Por su dise\u00f1o, suele estar fabricada con tejidos transpirables que ayudan a la evacuaci\u00f3n del sudor durante el ejercicio.<\/p>\n<\/li>\n<\/ul>","protected":false},"excerpt":{"rendered":"<p>Esta es una camiseta t\u00e9cnica de alto rendimiento de la marca <b data-path-to-node=\"0\" data-index-in-node=\"61\">Joma<\/b>, dise\u00f1ada especialmente para actividades deportivas intensas como el f\u00fatbol o el entrenamiento funcional.<\/p>","protected":false},"featured_media":14596,"comment_status":"open","ping_status":"closed","template":"","meta":[],"product_brand":[586],"product_cat":[600],"product_tag":[],"class_list":{"0":"post-14594","1":"product","2":"type-product","3":"status-publish","4":"has-post-thumbnail","6":"product_brand-joma","7":"product_cat-camisetas-deportivas","8":"pa_talla-medium","9":"thunk-woo-product-list","10":"th-shop-mania-woo-hover-","11":"open-single-product-tab-horizontal","12":"open-shadow-","13":"open-shadow-hover-","14":"th-shop-mania-single-product-content-left","16":"first","17":"instock","18":"taxable","19":"shipping-taxable","20":"purchasable","21":"product-type-variable"},"_links":{"self":[{"href":"https:\/\/macketi.com\/en\/wp-json\/wp\/v2\/product\/14594","targetHints":{"allow":["GET"]}}],"collection":[{"href":"https:\/\/macketi.com\/en\/wp-json\/wp\/v2\/product"}],"about":[{"href":"https:\/\/macketi.com\/en\/wp-json\/wp\/v2\/types\/product"}],"replies":[{"embeddable":true,"href":"https:\/\/macketi.com\/en\/wp-json\/wp\/v2\/comments?post=14594"}],"wp:featuredmedia":[{"embeddable":true,"href":"https:\/\/macketi.com\/en\/wp-json\/wp\/v2\/media\/14596"}],"wp:attachment":[{"href":"https:\/\/macketi.com\/en\/wp-json\/wp\/v2\/media?parent=14594"}],"wp:term":[{"taxonomy":"product_brand","embeddable":true,"href":"https:\/\/macketi.com\/en\/wp-json\/wp\/v2\/product_brand?post=14594"},{"taxonomy":"product_cat","embeddable":true,"href":"https:\/\/macketi.com\/en\/wp-json\/wp\/v2\/product_cat?post=14594"},{"taxonomy":"product_tag","embeddable":true,"href":"https:\/\/macketi.com\/en\/wp-json\/wp\/v2\/product_tag?post=14594"}],"curies":[{"name":"wp","href":"https:\/\/api.w.org\/{rel}","templated":true}]}}