{"id":14566,"date":"2026-02-05T19:21:09","date_gmt":"2026-02-05T18:21:09","guid":{"rendered":"https:\/\/macketi.com\/?post_type=product&#038;p=14566"},"modified":"2026-03-07T01:47:25","modified_gmt":"2026-03-07T00:47:25","slug":"camiseta-deportiva-jova","status":"publish","type":"product","link":"https:\/\/macketi.com\/en\/product\/camiseta-deportiva-jova\/","title":{"rendered":"Camiseta deportiva JOMA"},"content":{"rendered":"<h2 data-path-to-node=\"1\"><b data-path-to-node=\"1\" data-index-in-node=\"0\">Dise\u00f1o y Est\u00e9tica<\/b><\/h2>\n<ul data-path-to-node=\"2\">\n<li>\n<p data-path-to-node=\"2,0,0\"><b data-path-to-node=\"2,0,0\" data-index-in-node=\"0\">Color:<\/b> Azul celeste (sky blue) con detalles en blanco.<\/p>\n<\/li>\n<li>\n<p data-path-to-node=\"2,1,0\"><b data-path-to-node=\"2,1,0\" data-index-in-node=\"0\">Patr\u00f3n:<\/b> Presenta un dise\u00f1o moderno de <b data-path-to-node=\"2,1,0\" data-index-in-node=\"38\">franjas verticales blancas<\/b> que no son s\u00f3lidas; est\u00e1n compuestas por finas l\u00edneas horizontales (efecto degradado o de trama), lo que le da un aspecto din\u00e1mico y contempor\u00e1neo.<\/p>\n<\/li>\n<li>\n<p data-path-to-node=\"2,2,0\"><b data-path-to-node=\"2,2,0\" data-index-in-node=\"0\">Cuello:<\/b> Tipo <b data-path-to-node=\"2,2,0\" data-index-in-node=\"13\">en V<\/b> resaltado en color blanco, lo que ofrece comodidad y un ajuste cl\u00e1sico.<\/p>\n<\/li>\n<li>\n<p data-path-to-node=\"2,3,0\"><b data-path-to-node=\"2,3,0\" data-index-in-node=\"0\">Mangas:<\/b> Manga corta con un borde blanco (pu\u00f1o) a juego con el cuello.<\/p>\n<\/li>\n<\/ul>\n<h2 data-path-to-node=\"3\"><b data-path-to-node=\"3\" data-index-in-node=\"0\">Detalles T\u00e9cnicos<\/b><\/h2>\n<ul data-path-to-node=\"4\">\n<li>\n<p data-path-to-node=\"4,0,0\"><b data-path-to-node=\"4,0,0\" data-index-in-node=\"0\">Marca:<\/b> El logotipo de Joma (la \u00abJ\u00bb) est\u00e1 bordado o estampado en el lado derecho del pecho en color negro para un contraste n\u00edtido.<\/p>\n<\/li>\n<li>\n<p data-path-to-node=\"4,1,0\"><b data-path-to-node=\"4,1,0\" data-index-in-node=\"0\">Material:<\/b> Generalmente fabricada en <b data-path-to-node=\"4,1,0\" data-index-in-node=\"36\">100% poli\u00e9ster interlock<\/b>, un tejido ligero, resistente y altamente transpirable.<\/p>\n<\/li>\n<li>\n<p data-path-to-node=\"4,2,0\"><b data-path-to-node=\"4,2,0\" data-index-in-node=\"0\">Tecnolog\u00eda:<\/b> Es muy probable que cuente con la tecnolog\u00eda <i data-path-to-node=\"4,2,0\" data-index-in-node=\"57\">Micro-Mesh<\/i> de Joma para ayudar a la evaporaci\u00f3n del sudor y mantener al deportista seco.<\/p>\n<\/li>\n<\/ul>\n<h2 data-path-to-node=\"5\"><b data-path-to-node=\"5\" data-index-in-node=\"0\">Uso Recomendado<\/b><\/h2>\n<p data-path-to-node=\"6\">Es una prenda ideal para:<\/p>\n<ol start=\"1\" data-path-to-node=\"7\">\n<li>\n<p data-path-to-node=\"7,0,0\"><b data-path-to-node=\"7,0,0\" data-index-in-node=\"0\">Equipaciones de equipos:<\/b> Su dise\u00f1o limpio permite a\u00f1adir f\u00e1cilmente escudos de clubes o n\u00fameros.<\/p>\n<\/li>\n<li>\n<p data-path-to-node=\"7,1,0\"><b data-path-to-node=\"7,1,0\" data-index-in-node=\"0\">Entrenamiento:<\/b> Por su ligereza y libertad de movimiento.<\/p>\n<\/li>\n<li>\n<p data-path-to-node=\"7,2,0\"><b data-path-to-node=\"7,2,0\" data-index-in-node=\"0\">Uso Casual Deportivo:<\/b> Su est\u00e9tica es lo suficientemente vers\u00e1til para un look informal.<\/p>\n<\/li>\n<\/ol>","protected":false},"excerpt":{"rendered":"<p>Esta es una camiseta deportiva de la marca <b data-path-to-node=\"0\" data-index-in-node=\"43\">Joma<\/b>, dise\u00f1ada espec\u00edficamente para f\u00fatbol o entrenamiento multideporte.<\/p>","protected":false},"featured_media":14567,"comment_status":"open","ping_status":"closed","template":"","meta":[],"product_brand":[586],"product_cat":[600],"product_tag":[],"class_list":{"0":"post-14566","1":"product","2":"type-product","3":"status-publish","4":"has-post-thumbnail","6":"product_brand-joma","7":"product_cat-camisetas-deportivas","8":"pa_talla-small","9":"thunk-woo-product-list","10":"th-shop-mania-woo-hover-","11":"open-single-product-tab-horizontal","12":"open-shadow-","13":"open-shadow-hover-","14":"th-shop-mania-single-product-content-left","16":"first","17":"instock","18":"taxable","19":"shipping-taxable","20":"purchasable","21":"product-type-variable"},"_links":{"self":[{"href":"https:\/\/macketi.com\/en\/wp-json\/wp\/v2\/product\/14566","targetHints":{"allow":["GET"]}}],"collection":[{"href":"https:\/\/macketi.com\/en\/wp-json\/wp\/v2\/product"}],"about":[{"href":"https:\/\/macketi.com\/en\/wp-json\/wp\/v2\/types\/product"}],"replies":[{"embeddable":true,"href":"https:\/\/macketi.com\/en\/wp-json\/wp\/v2\/comments?post=14566"}],"wp:featuredmedia":[{"embeddable":true,"href":"https:\/\/macketi.com\/en\/wp-json\/wp\/v2\/media\/14567"}],"wp:attachment":[{"href":"https:\/\/macketi.com\/en\/wp-json\/wp\/v2\/media?parent=14566"}],"wp:term":[{"taxonomy":"product_brand","embeddable":true,"href":"https:\/\/macketi.com\/en\/wp-json\/wp\/v2\/product_brand?post=14566"},{"taxonomy":"product_cat","embeddable":true,"href":"https:\/\/macketi.com\/en\/wp-json\/wp\/v2\/product_cat?post=14566"},{"taxonomy":"product_tag","embeddable":true,"href":"https:\/\/macketi.com\/en\/wp-json\/wp\/v2\/product_tag?post=14566"}],"curies":[{"name":"wp","href":"https:\/\/api.w.org\/{rel}","templated":true}]}}