{"id":14556,"date":"2026-02-05T14:25:03","date_gmt":"2026-02-05T13:25:03","guid":{"rendered":"https:\/\/macketi.com\/?post_type=product&#038;p=14556"},"modified":"2026-03-07T01:48:27","modified_gmt":"2026-03-07T00:48:27","slug":"camiseta-deportiva-joma-4","status":"publish","type":"product","link":"https:\/\/macketi.com\/en\/product\/camiseta-deportiva-joma-4\/","title":{"rendered":"Camiseta deportiva JOMA"},"content":{"rendered":"<h3 data-path-to-node=\"2\"><b data-path-to-node=\"2\" data-index-in-node=\"0\">Dise\u00f1o y Est\u00e9tica<\/b><\/h3>\n<ul data-path-to-node=\"3\">\n<li>\n<p data-path-to-node=\"3,0,0\"><b data-path-to-node=\"3,0,0\" data-index-in-node=\"0\">Patr\u00f3n de Estampado:<\/b> La parte frontal presenta un llamativo dise\u00f1o gr\u00e1fico de <b data-path-to-node=\"3,0,0\" data-index-in-node=\"78\">l\u00edneas en zigzag y formas geom\u00e9tricas<\/b> en color rojo sobre un fondo blanco. El dise\u00f1o crea un efecto de degradado que se desvanece hacia el centro, dejando una franja blanca vertical limpia.<\/p>\n<\/li>\n<li>\n<p data-path-to-node=\"3,1,0\"><b data-path-to-node=\"3,1,0\" data-index-in-node=\"0\">Combinaci\u00f3n de Colores:<\/b> Utiliza un contraste cl\u00e1sico en <b data-path-to-node=\"3,1,0\" data-index-in-node=\"56\">rojo y blanco<\/b>. Mientras el panel frontal es estampado, las mangas y los laterales son de color rojo s\u00f3lido.<\/p>\n<\/li>\n<li>\n<p data-path-to-node=\"3,2,0\"><b data-path-to-node=\"3,2,0\" data-index-in-node=\"0\">Logotipo:<\/b> El logotipo de Joma (la \u00abJ\u00bb) est\u00e1 bordado o impreso en color negro en la parte superior derecha del pecho para garantizar su visibilidad.<\/p>\n<\/li>\n<\/ul>\n<h3 data-path-to-node=\"4\"><b data-path-to-node=\"4\" data-index-in-node=\"0\">Construcci\u00f3n y Ergonom\u00eda<\/b><\/h3>\n<ul data-path-to-node=\"5\">\n<li>\n<p data-path-to-node=\"5,0,0\"><b data-path-to-node=\"5,0,0\" data-index-in-node=\"0\">Cuello:<\/b> Presenta un <b data-path-to-node=\"5,0,0\" data-index-in-node=\"20\">cuello en forma de \u00abV\u00bb<\/b> con acabado el\u00e1stico, dise\u00f1ado para ofrecer comodidad y evitar rozaduras durante el movimiento intenso.<\/p>\n<\/li>\n<li>\n<p data-path-to-node=\"5,1,0\"><b data-path-to-node=\"5,1,0\" data-index-in-node=\"0\">Mangas:<\/b> Son de corte corto con un detalle de <b data-path-to-node=\"5,1,0\" data-index-in-node=\"45\">ribete blanco<\/b> en el borde de los pu\u00f1os, lo que refuerza la estructura de la manga y aporta un toque est\u00e9tico adicional.<\/p>\n<\/li>\n<li>\n<p data-path-to-node=\"5,2,0\"><b data-path-to-node=\"5,2,0\" data-index-in-node=\"0\">Ajuste:<\/b> Posee un corte atl\u00e9tico que se adapta al cuerpo permitiendo una total libertad de movimiento.<\/p>\n<\/li>\n<\/ul>\n<h3 data-path-to-node=\"6\"><b data-path-to-node=\"6\" data-index-in-node=\"0\">Materiales T\u00e9cnicos<\/b><\/h3>\n<ul data-path-to-node=\"7\">\n<li>\n<p data-path-to-node=\"7,0,0\"><b data-path-to-node=\"7,0,0\" data-index-in-node=\"0\">Tejido Transpirable:<\/b> Fabricada en poli\u00e9ster de alta calidad, ligero y resistente.<\/p>\n<\/li>\n<li>\n<p data-path-to-node=\"7,1,0\"><b data-path-to-node=\"7,1,0\" data-index-in-node=\"0\">Gesti\u00f3n de la Humedad:<\/b> El tejido est\u00e1 dise\u00f1ado para absorber y expulsar el sudor r\u00e1pidamente, manteniendo al deportista seco y fresco.<\/p>\n<\/li>\n<\/ul>","protected":false},"excerpt":{"rendered":"<p>Esta es una camiseta deportiva t\u00e9cnica de la marca <b data-path-to-node=\"0\" data-index-in-node=\"51\">Joma<\/b>, dise\u00f1ada espec\u00edficamente para el alto rendimiento en deportes como el f\u00fatbol. Destaca por su est\u00e9tica moderna y el uso de materiales que favorecen la transpiraci\u00f3n.<\/p>","protected":false},"featured_media":14558,"comment_status":"open","ping_status":"closed","template":"","meta":[],"product_brand":[586],"product_cat":[600],"product_tag":[],"class_list":{"0":"post-14556","1":"product","2":"type-product","3":"status-publish","4":"has-post-thumbnail","6":"product_brand-joma","7":"product_cat-camisetas-deportivas","8":"pa_talla-large","9":"thunk-woo-product-list","10":"th-shop-mania-woo-hover-","11":"open-single-product-tab-horizontal","12":"open-shadow-","13":"open-shadow-hover-","14":"th-shop-mania-single-product-content-left","16":"first","17":"instock","18":"taxable","19":"shipping-taxable","20":"purchasable","21":"product-type-variable"},"_links":{"self":[{"href":"https:\/\/macketi.com\/en\/wp-json\/wp\/v2\/product\/14556","targetHints":{"allow":["GET"]}}],"collection":[{"href":"https:\/\/macketi.com\/en\/wp-json\/wp\/v2\/product"}],"about":[{"href":"https:\/\/macketi.com\/en\/wp-json\/wp\/v2\/types\/product"}],"replies":[{"embeddable":true,"href":"https:\/\/macketi.com\/en\/wp-json\/wp\/v2\/comments?post=14556"}],"wp:featuredmedia":[{"embeddable":true,"href":"https:\/\/macketi.com\/en\/wp-json\/wp\/v2\/media\/14558"}],"wp:attachment":[{"href":"https:\/\/macketi.com\/en\/wp-json\/wp\/v2\/media?parent=14556"}],"wp:term":[{"taxonomy":"product_brand","embeddable":true,"href":"https:\/\/macketi.com\/en\/wp-json\/wp\/v2\/product_brand?post=14556"},{"taxonomy":"product_cat","embeddable":true,"href":"https:\/\/macketi.com\/en\/wp-json\/wp\/v2\/product_cat?post=14556"},{"taxonomy":"product_tag","embeddable":true,"href":"https:\/\/macketi.com\/en\/wp-json\/wp\/v2\/product_tag?post=14556"}],"curies":[{"name":"wp","href":"https:\/\/api.w.org\/{rel}","templated":true}]}}