{"id":14545,"date":"2026-02-05T13:53:30","date_gmt":"2026-02-05T12:53:30","guid":{"rendered":"https:\/\/macketi.com\/?post_type=product&#038;p=14545"},"modified":"2026-03-07T01:50:46","modified_gmt":"2026-03-07T00:50:46","slug":"camiseta-deportiva-joma-2","status":"publish","type":"product","link":"https:\/\/macketi.com\/en\/product\/camiseta-deportiva-joma-2\/","title":{"rendered":"Camiseta deportiva JOMA"},"content":{"rendered":"<h3 data-path-to-node=\"2\"><b data-path-to-node=\"2\" data-index-in-node=\"0\">Est\u00e9tica y Dise\u00f1o<\/b><\/h3>\n<ul data-path-to-node=\"3\">\n<li>\n<p data-path-to-node=\"3,0,0\"><b data-path-to-node=\"3,0,0\" data-index-in-node=\"0\">Color Principal:<\/b> Un rojo vibrante que cubre la mayor parte de la prenda.<\/p>\n<\/li>\n<li>\n<p data-path-to-node=\"3,1,0\"><b data-path-to-node=\"3,1,0\" data-index-in-node=\"0\">Gr\u00e1fico Frontal:<\/b> Presenta un llamativo patr\u00f3n geom\u00e9trico en color blanco en la parte superior del pecho, compuesto por l\u00edneas diagonales y formas angulares que crean un efecto de velocidad y movimiento.<\/p>\n<\/li>\n<li>\n<p data-path-to-node=\"3,2,0\"><b data-path-to-node=\"3,2,0\" data-index-in-node=\"0\">Logotipo:<\/b> El logo de Joma est\u00e1 impreso en color rojo sobre la franja blanca del pecho para resaltar la marca.<\/p>\n<\/li>\n<li>\n<p data-path-to-node=\"3,3,0\"><b data-path-to-node=\"3,3,0\" data-index-in-node=\"0\">Detalles en Contraste:<\/b> Incluye paneles blancos en los costados y remates blancos en las mangas, lo que le da un aspecto moderno y profesional.<\/p>\n<\/li>\n<\/ul>\n<h3 data-path-to-node=\"4\"><b data-path-to-node=\"4\" data-index-in-node=\"0\">Caracter\u00edsticas T\u00e9cnicas<\/b><\/h3>\n<ul data-path-to-node=\"5\">\n<li>\n<p data-path-to-node=\"5,0,0\"><b data-path-to-node=\"5,0,0\" data-index-in-node=\"0\">Cuello:<\/b> Dise\u00f1o en <b data-path-to-node=\"5,0,0\" data-index-in-node=\"18\">forma de \u00abV\u00bb<\/b> sencillo y el\u00e1stico para mayor comodidad durante el movimiento.<\/p>\n<\/li>\n<li>\n<p data-path-to-node=\"5,1,0\"><b data-path-to-node=\"5,1,0\" data-index-in-node=\"0\">Paneles de Transpiraci\u00f3n:<\/b> En los laterales se observa un tejido microperforado (tipo mesh) en color blanco, dise\u00f1ado espec\u00edficamente para mejorar la ventilaci\u00f3n y mantener al deportista fresco.<\/p>\n<\/li>\n<li>\n<p data-path-to-node=\"5,2,0\"><b data-path-to-node=\"5,2,0\" data-index-in-node=\"0\">Tejido:<\/b> Poli\u00e9ster de alto rendimiento, conocido por ser ligero, resistente y capaz de expulsar el sudor r\u00e1pidamente.<\/p>\n<\/li>\n<li>\n<p data-path-to-node=\"5,3,0\"><b data-path-to-node=\"5,3,0\" data-index-in-node=\"0\">Corte:<\/b> Atl\u00e9tico y ergon\u00f3mico, pensado para ajustarse al cuerpo sin restringir la movilidad.<\/p>\n<\/li>\n<\/ul>","protected":false},"excerpt":{"rendered":"<p>Esta es una camiseta deportiva de la marca <b data-path-to-node=\"0\" data-index-in-node=\"43\">Joma<\/b>, que destaca por un dise\u00f1o din\u00e1mico y t\u00e9cnico, ideal para deportes de alta intensidad como el f\u00fatbol o el running.<\/p>","protected":false},"featured_media":14546,"comment_status":"open","ping_status":"closed","template":"","meta":[],"product_brand":[586],"product_cat":[600],"product_tag":[],"class_list":{"0":"post-14545","1":"product","2":"type-product","3":"status-publish","4":"has-post-thumbnail","6":"product_brand-joma","7":"product_cat-camisetas-deportivas","8":"pa_talla-small","9":"thunk-woo-product-list","10":"th-shop-mania-woo-hover-","11":"open-single-product-tab-horizontal","12":"open-shadow-","13":"open-shadow-hover-","14":"th-shop-mania-single-product-content-left","16":"first","17":"instock","18":"taxable","19":"shipping-taxable","20":"purchasable","21":"product-type-variable"},"_links":{"self":[{"href":"https:\/\/macketi.com\/en\/wp-json\/wp\/v2\/product\/14545","targetHints":{"allow":["GET"]}}],"collection":[{"href":"https:\/\/macketi.com\/en\/wp-json\/wp\/v2\/product"}],"about":[{"href":"https:\/\/macketi.com\/en\/wp-json\/wp\/v2\/types\/product"}],"replies":[{"embeddable":true,"href":"https:\/\/macketi.com\/en\/wp-json\/wp\/v2\/comments?post=14545"}],"wp:featuredmedia":[{"embeddable":true,"href":"https:\/\/macketi.com\/en\/wp-json\/wp\/v2\/media\/14546"}],"wp:attachment":[{"href":"https:\/\/macketi.com\/en\/wp-json\/wp\/v2\/media?parent=14545"}],"wp:term":[{"taxonomy":"product_brand","embeddable":true,"href":"https:\/\/macketi.com\/en\/wp-json\/wp\/v2\/product_brand?post=14545"},{"taxonomy":"product_cat","embeddable":true,"href":"https:\/\/macketi.com\/en\/wp-json\/wp\/v2\/product_cat?post=14545"},{"taxonomy":"product_tag","embeddable":true,"href":"https:\/\/macketi.com\/en\/wp-json\/wp\/v2\/product_tag?post=14545"}],"curies":[{"name":"wp","href":"https:\/\/api.w.org\/{rel}","templated":true}]}}