{"id":14542,"date":"2026-02-05T13:37:55","date_gmt":"2026-02-05T12:37:55","guid":{"rendered":"https:\/\/macketi.com\/?post_type=product&#038;p=14542"},"modified":"2026-03-07T01:51:45","modified_gmt":"2026-03-07T00:51:45","slug":"camiseta-deportiva-joma","status":"publish","type":"product","link":"https:\/\/macketi.com\/en\/product\/camiseta-deportiva-joma\/","title":{"rendered":"Camiseta deportiva JOMA"},"content":{"rendered":"<h3 data-path-to-node=\"2\"><b data-path-to-node=\"2\" data-index-in-node=\"0\">Caracter\u00edsticas del Dise\u00f1o<\/b><\/h3>\n<ul data-path-to-node=\"3\">\n<li>\n<p data-path-to-node=\"3,0,0\"><b data-path-to-node=\"3,0,0\" data-index-in-node=\"0\">Estampado:<\/b> Franjas horizontales anchas en color <b data-path-to-node=\"3,0,0\" data-index-in-node=\"48\">rojo y azul marino<\/b>.<\/p>\n<\/li>\n<li>\n<p data-path-to-node=\"3,1,0\"><b data-path-to-node=\"3,1,0\" data-index-in-node=\"0\">Cuello:<\/b> Dise\u00f1o en <b data-path-to-node=\"3,1,0\" data-index-in-node=\"18\">forma de \u00abV\u00bb<\/b> con acabado bicolor, lo que le da un toque moderno y c\u00f3modo.<\/p>\n<\/li>\n<li>\n<p data-path-to-node=\"3,2,0\"><b data-path-to-node=\"3,2,0\" data-index-in-node=\"0\">Mangas:<\/b> Son cortas y de color azul marino s\u00f3lido, con un detalle de vivo rojo en el borde para mantener la coherencia del dise\u00f1o.<\/p>\n<\/li>\n<li>\n<p data-path-to-node=\"3,3,0\"><b data-path-to-node=\"3,3,0\" data-index-in-node=\"0\">Logotipo:<\/b> El logotipo de Joma (la \u00abJ\u00bb) aparece bordado en blanco en la parte superior derecha del pecho.<\/p>\n<\/li>\n<\/ul>\n<h3 data-path-to-node=\"4\"><b data-path-to-node=\"4\" data-index-in-node=\"0\">Detalles T\u00e9cnicos<\/b><\/h3>\n<ul data-path-to-node=\"5\">\n<li>\n<p data-path-to-node=\"5,0,0\"><b data-path-to-node=\"5,0,0\" data-index-in-node=\"0\">Tejido:<\/b> Fabricada en poli\u00e9ster ligero, dise\u00f1ado para ofrecer una <b data-path-to-node=\"5,0,0\" data-index-in-node=\"65\">alta transpirabilidad<\/b> y secado r\u00e1pido durante la actividad f\u00edsica.<\/p>\n<\/li>\n<li>\n<p data-path-to-node=\"5,1,0\"><b data-path-to-node=\"5,1,0\" data-index-in-node=\"0\">Corte:<\/b> Semi-entallado, permitiendo una gran libertad de movimiento sin ser demasiado holgada.<\/p>\n<\/li>\n<li>\n<p data-path-to-node=\"5,2,0\"><b data-path-to-node=\"5,2,0\" data-index-in-node=\"0\">Durabilidad:<\/b> Este tipo de prendas est\u00e1n preparadas para resistir los roces y los lavados frecuentes sin perder el color.<\/p>\n<\/li>\n<\/ul>","protected":false},"excerpt":{"rendered":"<p>Esta es una camiseta deportiva de la marca <b data-path-to-node=\"0\" data-index-in-node=\"43\">Joma<\/b>, dise\u00f1ada con un estilo cl\u00e1sico de franjas horizontales. Es una prenda t\u00e9cnica ideal para deportes de equipo como f\u00fatbol, f\u00fatbol sala o balonmano.<\/p>","protected":false},"featured_media":14535,"comment_status":"open","ping_status":"closed","template":"","meta":[],"product_brand":[586],"product_cat":[600],"product_tag":[],"class_list":{"0":"post-14542","1":"product","2":"type-product","3":"status-publish","4":"has-post-thumbnail","6":"product_brand-joma","7":"product_cat-camisetas-deportivas","8":"pa_talla-medium","9":"thunk-woo-product-list","10":"th-shop-mania-woo-hover-","11":"open-single-product-tab-horizontal","12":"open-shadow-","13":"open-shadow-hover-","14":"th-shop-mania-single-product-content-left","16":"first","17":"instock","18":"taxable","19":"shipping-taxable","20":"purchasable","21":"product-type-variable"},"_links":{"self":[{"href":"https:\/\/macketi.com\/en\/wp-json\/wp\/v2\/product\/14542","targetHints":{"allow":["GET"]}}],"collection":[{"href":"https:\/\/macketi.com\/en\/wp-json\/wp\/v2\/product"}],"about":[{"href":"https:\/\/macketi.com\/en\/wp-json\/wp\/v2\/types\/product"}],"replies":[{"embeddable":true,"href":"https:\/\/macketi.com\/en\/wp-json\/wp\/v2\/comments?post=14542"}],"wp:featuredmedia":[{"embeddable":true,"href":"https:\/\/macketi.com\/en\/wp-json\/wp\/v2\/media\/14535"}],"wp:attachment":[{"href":"https:\/\/macketi.com\/en\/wp-json\/wp\/v2\/media?parent=14542"}],"wp:term":[{"taxonomy":"product_brand","embeddable":true,"href":"https:\/\/macketi.com\/en\/wp-json\/wp\/v2\/product_brand?post=14542"},{"taxonomy":"product_cat","embeddable":true,"href":"https:\/\/macketi.com\/en\/wp-json\/wp\/v2\/product_cat?post=14542"},{"taxonomy":"product_tag","embeddable":true,"href":"https:\/\/macketi.com\/en\/wp-json\/wp\/v2\/product_tag?post=14542"}],"curies":[{"name":"wp","href":"https:\/\/api.w.org\/{rel}","templated":true}]}}