{"id":14305,"date":"2026-01-26T10:09:52","date_gmt":"2026-01-26T09:09:52","guid":{"rendered":"https:\/\/macketi.com\/?post_type=product&#038;p=14305"},"modified":"2026-01-26T10:21:23","modified_gmt":"2026-01-26T09:21:23","slug":"switch-tenda-smart-de-8-puertos-fe-2-gigabit-poe-de-enlace-ascendente-ncnonline","status":"publish","type":"product","link":"https:\/\/macketi.com\/en\/product\/switch-tenda-smart-de-8-puertos-fe-2-gigabit-poe-de-enlace-ascendente-ncnonline\/","title":{"rendered":"SWITCH Tenda Smart de 8 puertos FE + 2 Gigabit PoE de enlace ascendente &#8211; NCNONLINE"},"content":{"rendered":"<p><strong>CARACTERISTICAS:<\/strong><\/p>\n<p><span dir=\"auto\">\u2022 Puerto fijo: 8 puertos RJ45 10\/100Base-TX (datos\/alimentaci\u00f3n)<\/span><br \/>\n<span dir=\"auto\">2 puertos RJ45 10\/100\/1000Base-T (datos) (enlace ascendente Gigabit)<\/span><\/p>\n<p><span dir=\"auto\">\u2022 Presupuesto de energ\u00eda: 102W<\/span><\/p>\n<p><span dir=\"auto\">\u2022 Administraci\u00f3n de suministro PoE: los puertos 1 al 8 admiten la potencia est\u00e1ndar IEEE802.3at\/af (<\/span><br \/>\n<span dir=\"auto\">la potencia m\u00e1xima para cada puerto es de 30 W), el tipo de alimentaci\u00f3n PoE es de extremo a extremo (1245+,<\/span><br \/>\n<span dir=\"auto\">3678- par de l\u00edneas) en configuraci\u00f3n completa: &lt;102 W.<\/span><br \/>\n<span dir=\"auto\">Fuente de alimentaci\u00f3n m\u00e1xima PoE: 99 W.<\/span><\/p>\n<p><span dir=\"auto\">\u2022 Est\u00e1ndar y protocolo: IEEE 802.3, IEEE 802.3u, IEEE 802.3x, IEEE802.3ab, IEEE 802.3af,<\/span><br \/>\n<span dir=\"auto\">IEEE 802.3at.<\/span><\/p>\n<p><span dir=\"auto\">\u2022 Protecci\u00f3n contra rayos de 6 kV<\/span><\/p>\n<p><span dir=\"auto\">\u2022 Ampl\u00ede el modo Ethernet con una distancia de transmisi\u00f3n de 250 m.<\/span><\/p>\n<p><span dir=\"auto\">\u2022 LAN virtual (VLAN): separa el puerto para mantener el tr\u00e1fico de datos seguro.<\/span><\/p>\n<div class=\"post-views content-post post-30590 entry-meta load-static\">\u00a0<span class=\"post-views-label\"><span dir=\"auto\">Vistas de la publicaci\u00f3n:\u00a0<\/span><\/span><span class=\"post-views-count\"><span dir=\"auto\">757<\/span><\/span><\/div>","protected":false},"excerpt":{"rendered":"<p><span dir=\"auto\">El cuerpo met\u00e1lico del switch PoE Tenda TEF1110P-8 le confiere una apariencia s\u00f3lida y una sensaci\u00f3n de alta calidad. Aunque probablemente lo guarde en el \u00e1tico o en un armario, es bueno saber que est\u00e1 hecho para durar.<\/span><\/p>\n<p>Un conmutador Fast Ethernet moderno no deber\u00eda tener problemas de rendimiento, y el TEF1110P no decepciona. El Tenda TEF1110P cuenta con 8 puertos PoE + 2 Gigabit Uplink y una potencia PoE m\u00e1xima de 30 W, lo que lo hace a\u00fan m\u00e1s atractivo. Estos productos pueden gestionar el tr\u00e1fico de datos de 8 c\u00e1maras IP sin problemas. La precisa funci\u00f3n de gesti\u00f3n de energ\u00eda del TEF1110P es excepcional<\/p>","protected":false},"featured_media":14307,"comment_status":"open","ping_status":"closed","template":"","meta":[],"product_brand":[],"product_cat":[291],"product_tag":[],"class_list":{"0":"post-14305","1":"product","2":"type-product","3":"status-publish","4":"has-post-thumbnail","6":"product_cat-ordenadores","7":"thunk-woo-product-list","8":"th-shop-mania-woo-hover-","9":"open-single-product-tab-horizontal","10":"open-shadow-","11":"open-shadow-hover-","12":"th-shop-mania-single-product-content-left","14":"first","15":"instock","16":"taxable","17":"shipping-taxable","18":"purchasable","19":"product-type-simple"},"_links":{"self":[{"href":"https:\/\/macketi.com\/en\/wp-json\/wp\/v2\/product\/14305","targetHints":{"allow":["GET"]}}],"collection":[{"href":"https:\/\/macketi.com\/en\/wp-json\/wp\/v2\/product"}],"about":[{"href":"https:\/\/macketi.com\/en\/wp-json\/wp\/v2\/types\/product"}],"replies":[{"embeddable":true,"href":"https:\/\/macketi.com\/en\/wp-json\/wp\/v2\/comments?post=14305"}],"wp:featuredmedia":[{"embeddable":true,"href":"https:\/\/macketi.com\/en\/wp-json\/wp\/v2\/media\/14307"}],"wp:attachment":[{"href":"https:\/\/macketi.com\/en\/wp-json\/wp\/v2\/media?parent=14305"}],"wp:term":[{"taxonomy":"product_brand","embeddable":true,"href":"https:\/\/macketi.com\/en\/wp-json\/wp\/v2\/product_brand?post=14305"},{"taxonomy":"product_cat","embeddable":true,"href":"https:\/\/macketi.com\/en\/wp-json\/wp\/v2\/product_cat?post=14305"},{"taxonomy":"product_tag","embeddable":true,"href":"https:\/\/macketi.com\/en\/wp-json\/wp\/v2\/product_tag?post=14305"}],"curies":[{"name":"wp","href":"https:\/\/api.w.org\/{rel}","templated":true}]}}