{"id":14222,"date":"2026-01-21T10:41:28","date_gmt":"2026-01-21T09:41:28","guid":{"rendered":"https:\/\/macketi.com\/?post_type=product&#038;p=14222"},"modified":"2026-01-21T10:45:41","modified_gmt":"2026-01-21T09:45:41","slug":"iphone-12-pro-max-128-gb","status":"publish","type":"product","link":"https:\/\/macketi.com\/en\/product\/iphone-12-pro-max-128-gb\/","title":{"rendered":"iPhone 12 Pro Max &#8211; 128 GB"},"content":{"rendered":"<p>\u2022 Pantalla Super Retina XDR: Incre\u00edble panel OLED de 6.7 pulgadas con resoluci\u00f3n de 2778 x 1284 p\u00edxeles, que ofrece colores vibrantes y negros perfectos.<\/p>\n<p>\u2022 Chip A14 Bionic: El primer procesador de 5 nan\u00f3metros en la industria, extremadamente r\u00e1pido y eficiente para cualquier tarea o juego exigente.<\/p>\n<p>\u2022 Sistema de C\u00e1maras Pro:<\/p>\n<p>\u2022 Triple c\u00e1mara de 12 MP (Gran angular, Ultra gran angular y Teleobjetivo).<\/p>\n<p>\u2022 Esc\u00e1ner LiDAR para retratos en modo Noche y mejores experiencias de Realidad Aumentada.<\/p>\n<p>\u2022 Zoom \u00f3ptico de 5x (rango total) y grabaci\u00f3n de video en Dolby Vision HDR de grado cinematogr\u00e1fico.<\/p>\n<p>\u2022 Dise\u00f1o y Resistencia: Estructura de acero inoxidable de grado quir\u00fargico y frente de Ceramic Shield, que es 4 veces m\u00e1s resistente a las ca\u00eddas.<\/p>\n<p>\u2022 Conectividad 5G: Preparado para las velocidades de conexi\u00f3n m\u00e1s r\u00e1pidas del futuro.<\/p>\n<p>Especificaciones T\u00e9cnicas:<\/p>\n<p>\u2022 Capacidad: 128 GB de almacenamiento interno.<\/p>\n<p>\u2022 Memoria RAM: 6 GB.<\/p>\n<p>\u2022 Bater\u00eda: Hasta 20 horas de reproducci\u00f3n de video; compatible con carga inal\u00e1mbrica MagSafe y carga r\u00e1pida.<\/p>\n<p>\u2022 Seguridad: Face ID para autenticaci\u00f3n segura y Apple Pay.<\/p>\n<p>\u2022 Resistencia: Clasificaci\u00f3n IP68 (resistencia al agua y al polvo).<\/p>","protected":false},"excerpt":{"rendered":"<p>Potencia y elegancia en tama\u00f1o Max. El iPhone 12 Pro Max ofrece la mejor experiencia en un smartphone con su enorme pantalla, rendimiento l\u00edder en la industria y un sistema de c\u00e1maras de nivel profesional.<\/p>","protected":false},"featured_media":14223,"comment_status":"open","ping_status":"closed","template":"","meta":[],"product_brand":[529],"product_cat":[361],"product_tag":[578],"class_list":{"0":"post-14222","1":"product","2":"type-product","3":"status-publish","4":"has-post-thumbnail","6":"product_brand-apple","7":"product_cat-telefonos","8":"product_tag-iphone","9":"thunk-woo-product-list","10":"th-shop-mania-woo-hover-","11":"open-single-product-tab-horizontal","12":"open-shadow-","13":"open-shadow-hover-","14":"th-shop-mania-single-product-content-left","16":"first","17":"instock","18":"downloadable","19":"taxable","20":"shipping-taxable","21":"purchasable","22":"product-type-simple"},"_links":{"self":[{"href":"https:\/\/macketi.com\/en\/wp-json\/wp\/v2\/product\/14222","targetHints":{"allow":["GET"]}}],"collection":[{"href":"https:\/\/macketi.com\/en\/wp-json\/wp\/v2\/product"}],"about":[{"href":"https:\/\/macketi.com\/en\/wp-json\/wp\/v2\/types\/product"}],"replies":[{"embeddable":true,"href":"https:\/\/macketi.com\/en\/wp-json\/wp\/v2\/comments?post=14222"}],"wp:featuredmedia":[{"embeddable":true,"href":"https:\/\/macketi.com\/en\/wp-json\/wp\/v2\/media\/14223"}],"wp:attachment":[{"href":"https:\/\/macketi.com\/en\/wp-json\/wp\/v2\/media?parent=14222"}],"wp:term":[{"taxonomy":"product_brand","embeddable":true,"href":"https:\/\/macketi.com\/en\/wp-json\/wp\/v2\/product_brand?post=14222"},{"taxonomy":"product_cat","embeddable":true,"href":"https:\/\/macketi.com\/en\/wp-json\/wp\/v2\/product_cat?post=14222"},{"taxonomy":"product_tag","embeddable":true,"href":"https:\/\/macketi.com\/en\/wp-json\/wp\/v2\/product_tag?post=14222"}],"curies":[{"name":"wp","href":"https:\/\/api.w.org\/{rel}","templated":true}]}}