{"id":14132,"date":"2026-01-19T14:59:57","date_gmt":"2026-01-19T13:59:57","guid":{"rendered":"https:\/\/macketi.com\/?post_type=product&#038;p=14132"},"modified":"2026-01-19T15:11:33","modified_gmt":"2026-01-19T14:11:33","slug":"toner-hp-650a-cartucho-ce272a-amarillo-laserjet-original","status":"publish","type":"product","link":"https:\/\/macketi.com\/en\/product\/toner-hp-650a-cartucho-ce272a-amarillo-laserjet-original\/","title":{"rendered":"T\u00f3ner HP 650A Cartucho CE272A Amarillo LaserJet Original"},"content":{"rendered":"<p><strong>CARACTERISTICAS<\/strong>:<\/p>\n<ul>\n<li><span dir=\"auto\"><strong>Subgrupo de productos:<\/strong> Cartuchos de t\u00f3ner de capacidad est\u00e1ndar<\/span><\/li>\n<li><span dir=\"auto\"><strong>Cartucho\/botella de impresi\u00f3n, color(es):<\/strong> amarillo<\/span><\/li>\n<li><span dir=\"auto\"><strong>Rendimiento de p\u00e1ginas (color):<\/strong> ~15 000 p\u00e1ginas<\/span><\/li>\n<li><span dir=\"auto\"><strong>Contenido de la caja<\/strong>: Cartucho de t\u00f3ner; Gu\u00eda de reciclaje<\/span><\/li>\n<\/ul>","protected":false},"excerpt":{"rendered":"<p>L<strong>os consumibles de impresi\u00f3n HP 650 LaserJet producen documentos empresariales excepcionales con colores brillantes y de calidad fotogr\u00e1fica. Los cartuchos de t\u00f3ner originales HP con tecnolog\u00eda HP ColorSphere ofrecen resultados con calidad de imprenta en una amplia gama de papeles.<\/strong><\/p>","protected":false},"featured_media":14134,"comment_status":"open","ping_status":"closed","template":"","meta":[],"product_brand":[],"product_cat":[291],"product_tag":[575,563,574,570],"class_list":{"0":"post-14132","1":"product","2":"type-product","3":"status-publish","4":"has-post-thumbnail","6":"product_cat-ordenadores","7":"product_tag-amarrillo","8":"product_tag-hp","9":"product_tag-laserjet","10":"product_tag-toner","11":"thunk-woo-product-list","12":"th-shop-mania-woo-hover-","13":"open-single-product-tab-horizontal","14":"open-shadow-","15":"open-shadow-hover-","16":"th-shop-mania-single-product-content-left","18":"first","19":"instock","20":"taxable","21":"shipping-taxable","22":"purchasable","23":"product-type-simple"},"_links":{"self":[{"href":"https:\/\/macketi.com\/en\/wp-json\/wp\/v2\/product\/14132","targetHints":{"allow":["GET"]}}],"collection":[{"href":"https:\/\/macketi.com\/en\/wp-json\/wp\/v2\/product"}],"about":[{"href":"https:\/\/macketi.com\/en\/wp-json\/wp\/v2\/types\/product"}],"replies":[{"embeddable":true,"href":"https:\/\/macketi.com\/en\/wp-json\/wp\/v2\/comments?post=14132"}],"wp:featuredmedia":[{"embeddable":true,"href":"https:\/\/macketi.com\/en\/wp-json\/wp\/v2\/media\/14134"}],"wp:attachment":[{"href":"https:\/\/macketi.com\/en\/wp-json\/wp\/v2\/media?parent=14132"}],"wp:term":[{"taxonomy":"product_brand","embeddable":true,"href":"https:\/\/macketi.com\/en\/wp-json\/wp\/v2\/product_brand?post=14132"},{"taxonomy":"product_cat","embeddable":true,"href":"https:\/\/macketi.com\/en\/wp-json\/wp\/v2\/product_cat?post=14132"},{"taxonomy":"product_tag","embeddable":true,"href":"https:\/\/macketi.com\/en\/wp-json\/wp\/v2\/product_tag?post=14132"}],"curies":[{"name":"wp","href":"https:\/\/api.w.org\/{rel}","templated":true}]}}