{"id":14129,"date":"2026-01-19T14:31:03","date_gmt":"2026-01-19T13:31:03","guid":{"rendered":"https:\/\/macketi.com\/?post_type=product&#038;p=14129"},"modified":"2026-01-19T14:47:46","modified_gmt":"2026-01-19T13:47:46","slug":"impresora-hp-m880","status":"publish","type":"product","link":"https:\/\/macketi.com\/en\/product\/impresora-hp-m880\/","title":{"rendered":"IMPRESORA HP M880"},"content":{"rendered":"<p><strong>CARACTERISTICAS:<\/strong><\/p>\n<ul>\n<li><strong>Funciones<\/strong>: Impresi\u00f3n, copia, escaneado, fax<\/li>\n<li><strong>Velocidad de impresi\u00f3n:<\/strong> Velocidad de impresi\u00f3n de hasta 46 ppm (negro) y 46 ppm (color)<\/li>\n<li><strong>Calidad de impresi\u00f3n en negro (\u00f3ptima)<\/strong>: Hasta 1200 x 1200 dpi<\/li>\n<li><strong>Capacidad del alimentador autom\u00e1tico de documentos<\/strong>: Est\u00e1ndar, 200 hojas (20 lb, 75 g\/m\u00b2)<\/li>\n<\/ul>","protected":false},"excerpt":{"rendered":"<p><strong>Esta MFP empresarial de primera calidad ayuda a optimizar los flujos de trabajo y a acelerar las tareas con documentos, con opciones avanzadas de acabado y uso compartido de archivos. Brinde a los usuarios un acceso sencillo y directo a MFP a trav\u00e9s de la impresi\u00f3n m\u00f3vil y capacidades de impresi\u00f3n en un toque<\/strong><\/p>","protected":false},"featured_media":14131,"comment_status":"open","ping_status":"closed","template":"","meta":[],"product_brand":[],"product_cat":[291],"product_tag":[563,573],"class_list":{"0":"post-14129","1":"product","2":"type-product","3":"status-publish","4":"has-post-thumbnail","6":"product_cat-ordenadores","7":"product_tag-hp","8":"product_tag-impresora","9":"thunk-woo-product-list","10":"th-shop-mania-woo-hover-","11":"open-single-product-tab-horizontal","12":"open-shadow-","13":"open-shadow-hover-","14":"th-shop-mania-single-product-content-left","16":"first","17":"instock","18":"taxable","19":"shipping-taxable","20":"purchasable","21":"product-type-simple"},"_links":{"self":[{"href":"https:\/\/macketi.com\/en\/wp-json\/wp\/v2\/product\/14129","targetHints":{"allow":["GET"]}}],"collection":[{"href":"https:\/\/macketi.com\/en\/wp-json\/wp\/v2\/product"}],"about":[{"href":"https:\/\/macketi.com\/en\/wp-json\/wp\/v2\/types\/product"}],"replies":[{"embeddable":true,"href":"https:\/\/macketi.com\/en\/wp-json\/wp\/v2\/comments?post=14129"}],"wp:featuredmedia":[{"embeddable":true,"href":"https:\/\/macketi.com\/en\/wp-json\/wp\/v2\/media\/14131"}],"wp:attachment":[{"href":"https:\/\/macketi.com\/en\/wp-json\/wp\/v2\/media?parent=14129"}],"wp:term":[{"taxonomy":"product_brand","embeddable":true,"href":"https:\/\/macketi.com\/en\/wp-json\/wp\/v2\/product_brand?post=14129"},{"taxonomy":"product_cat","embeddable":true,"href":"https:\/\/macketi.com\/en\/wp-json\/wp\/v2\/product_cat?post=14129"},{"taxonomy":"product_tag","embeddable":true,"href":"https:\/\/macketi.com\/en\/wp-json\/wp\/v2\/product_tag?post=14129"}],"curies":[{"name":"wp","href":"https:\/\/api.w.org\/{rel}","templated":true}]}}