{"id":14126,"date":"2026-01-19T13:49:17","date_gmt":"2026-01-19T12:49:17","guid":{"rendered":"https:\/\/macketi.com\/?post_type=product&#038;p=14126"},"modified":"2026-01-19T14:29:17","modified_gmt":"2026-01-19T13:29:17","slug":"tonere-original-hp-655a-para-impresora-laserjet-amarillo","status":"publish","type":"product","link":"https:\/\/macketi.com\/en\/product\/tonere-original-hp-655a-para-impresora-laserjet-amarillo\/","title":{"rendered":"t\u00f3nere original HP 655A para impresora LaserJet ( amarillo )"},"content":{"rendered":"<p><strong>CARACTERISTICAS:<\/strong><\/p>\n<ul class=\"KsbFXc U6u95\" data-processed=\"true\">\n<li data-hveid=\"CAMQAA\" data-processed=\"true\"><span class=\"T286Pc\" data-sfc-cp=\"\" data-processed=\"true\"><strong class=\"Yjhzub\" data-processed=\"true\">Modelo:<\/strong>\u00a0HP 655A (<a class=\"GI370e\" href=\"https:\/\/www.google.com\/search?q=CF452A&amp;sca_esv=089ea16314900d76&amp;biw=1680&amp;bih=889&amp;aic=0&amp;sxsrf=ANbL-n443Ohyb_ELTJly94YyfvfWBbZMIQ%3A1768829139944&amp;ei=0zBuabqjOc2GhbIPo7G2qQM&amp;oq=hp+laserjet+655a+toner+YELLOW+CARA&amp;gs_lp=Egxnd3Mtd2l6LXNlcnAiImhwIGxhc2VyamV0IDY1NWEgdG9uZXIgWUVMTE9XIENBUkEqAggBMgUQIRigATIFECEYoAEyBRAhGKABMgUQIRigAUjOJlCuB1jLD3ABeACQAQCYAagHoAHlFqoBCzItMS4wLjEuMi4xuAEByAEA-AEBmAIFoALtFMICChAAGLADGNYEGEfCAgYQABgWGB7CAgUQABjvBZgDAIgGAZAGBJIHCTEuNC0xLjIuMaAH9xGyBwc0LTEuMi4xuAfmFMIHBTAuMS40yAcUgAgA&amp;sclient=gws-wiz-serp&amp;mstk=AUtExfDulzOt0P-lJ1_KRBfFjFRxARLGrlAfgGSkUcGfC_N6Cup2_Fs_6jZtRGqQx7uXnxchYG69I_TRp6dug5iJYQ8UaZcW00nMDviFCTniB1zo8jE1n6JcJg-HnT5kvEJQoDQprCbTcRmfxWfHbgaQpcvWrznjFp_6UBmJA0WHpJz66a3ZGfmezmO8IomKV5TQSvS0mUK2B5TN0A7YHpDqWHqz8LWSQzClON0lMZGg4VF7WCSocoxZgOJca6lc39c_10ZA073IYHgzLRmxrfHkGiweDS4GOTWBdy8ARCXiqTSyag&amp;csui=3&amp;ved=2ahUKEwj6_e-_2peSAxVMT0EAHZp2G2EQgK4QegQIAxAB\" data-ved=\"2ahUKEwj6_e-_2peSAxVMT0EAHZp2G2EQgK4QegQIAxAB\" data-hveid=\"CAMQAQ\" data-processed=\"true\">CF452A<\/a>).<\/span><\/li>\n<li data-hveid=\"CAMQAg\" data-processed=\"true\"><span class=\"T286Pc\" data-sfc-cp=\"\" data-processed=\"true\"><strong class=\"Yjhzub\" data-processed=\"true\">Color:<\/strong>\u00a0Amarillo.<\/span><\/li>\n<li data-hveid=\"CAMQAw\" data-processed=\"true\"><span class=\"T286Pc\" data-sfc-cp=\"\" data-processed=\"true\"><strong class=\"Yjhzub\" data-processed=\"true\">Tecnolog\u00eda:<\/strong>\u00a0L\u00e1ser, con tecnolog\u00eda\u00a0<strong class=\"Yjhzub\" data-processed=\"true\">JetIntelligence<\/strong>\u00a0para eficiencia y rendimiento.<\/span><\/li>\n<li data-hveid=\"CAMQBA\" data-processed=\"true\"><span class=\"T286Pc\" data-sfc-cp=\"\" data-processed=\"true\"><strong class=\"Yjhzub\" data-processed=\"true\">Rendimiento:<\/strong>\u00a0Aproximadamente 10,500 p\u00e1ginas (el rendimiento real var\u00eda seg\u00fan el contenido).<\/span><\/li>\n<li data-hveid=\"CAMQBQ\" data-processed=\"true\"><span class=\"T286Pc\" data-sfc-cp=\"\" data-processed=\"true\"><strong class=\"Yjhzub\" data-processed=\"true\">Tipo:<\/strong>\u00a0T\u00f3ner Original HP.<\/span><\/li>\n<li data-hveid=\"CAMQBg\" data-processed=\"true\"><span class=\"T286Pc\" data-sfc-cp=\"\" data-processed=\"true\"><strong class=\"Yjhzub\" data-processed=\"true\">Contenido de la caja:<\/strong>\u00a0Cartucho de t\u00f3ner y gu\u00eda de reciclaje.<\/span><\/li>\n<li data-hveid=\"CAMQBw\" data-processed=\"true\"><span class=\"T286Pc\" data-sfc-cp=\"\" data-processed=\"true\"><strong class=\"Yjhzub\" data-processed=\"true\">Compatibilidad:<\/strong>\u00a0Impresoras HP Color LaserJet Enterprise M652, M653, MFP M681, M682.<\/span><span class=\"uJ19be notranslate\" data-wiz-uids=\"lm1Sj_1a\" data-processed=\"true\"><span class=\"vKEkVd\" data-animation-atomic=\"\" data-wiz-attrbind=\"class=lm1Sj_19\/TKHnVd\" data-processed=\"true\">\u00a0<\/span><\/span><\/li>\n<\/ul>","protected":false},"excerpt":{"rendered":"<p><strong><span dir=\"auto\">Ideal para grupos de trabajo de 10 a 30 personas que imprimen de 2000 a 14\u00a0000 p\u00e1ginas al mes y que necesitan velocidad, eficiencia energ\u00e9tica y seguridad de impresi\u00f3n. Conf\u00ede en los cartuchos de t\u00f3ner originales HP con JetIntelligence para obtener p\u00e1ginas de calidad profesional a alta velocidad, un rendimiento de impresi\u00f3n \u00f3ptimo, adem\u00e1s de opciones\u00a0<sup>de<\/sup><\/span><\/strong><br \/>\n<strong><span dir=\"auto\">cartuchos de alto rendimiento\u00b9<\/span><\/strong><\/p>","protected":false},"featured_media":14128,"comment_status":"open","ping_status":"closed","template":"","meta":[],"product_brand":[],"product_cat":[291],"product_tag":[571,563,572,570],"class_list":{"0":"post-14126","1":"product","2":"type-product","3":"status-publish","4":"has-post-thumbnail","6":"product_cat-ordenadores","7":"product_tag-amarillo","8":"product_tag-hp","9":"product_tag-lasejet","10":"product_tag-toner","11":"thunk-woo-product-list","12":"th-shop-mania-woo-hover-","13":"open-single-product-tab-horizontal","14":"open-shadow-","15":"open-shadow-hover-","16":"th-shop-mania-single-product-content-left","18":"first","19":"instock","20":"taxable","21":"shipping-taxable","22":"purchasable","23":"product-type-simple"},"_links":{"self":[{"href":"https:\/\/macketi.com\/en\/wp-json\/wp\/v2\/product\/14126","targetHints":{"allow":["GET"]}}],"collection":[{"href":"https:\/\/macketi.com\/en\/wp-json\/wp\/v2\/product"}],"about":[{"href":"https:\/\/macketi.com\/en\/wp-json\/wp\/v2\/types\/product"}],"replies":[{"embeddable":true,"href":"https:\/\/macketi.com\/en\/wp-json\/wp\/v2\/comments?post=14126"}],"wp:featuredmedia":[{"embeddable":true,"href":"https:\/\/macketi.com\/en\/wp-json\/wp\/v2\/media\/14128"}],"wp:attachment":[{"href":"https:\/\/macketi.com\/en\/wp-json\/wp\/v2\/media?parent=14126"}],"wp:term":[{"taxonomy":"product_brand","embeddable":true,"href":"https:\/\/macketi.com\/en\/wp-json\/wp\/v2\/product_brand?post=14126"},{"taxonomy":"product_cat","embeddable":true,"href":"https:\/\/macketi.com\/en\/wp-json\/wp\/v2\/product_cat?post=14126"},{"taxonomy":"product_tag","embeddable":true,"href":"https:\/\/macketi.com\/en\/wp-json\/wp\/v2\/product_tag?post=14126"}],"curies":[{"name":"wp","href":"https:\/\/api.w.org\/{rel}","templated":true}]}}