{"id":14095,"date":"2026-01-17T19:32:52","date_gmt":"2026-01-17T18:32:52","guid":{"rendered":"https:\/\/macketi.com\/?post_type=product&#038;p=14095"},"modified":"2026-01-22T22:22:45","modified_gmt":"2026-01-22T21:22:45","slug":"led-uv-lamp","status":"publish","type":"product","link":"https:\/\/macketi.com\/en\/product\/led-uv-lamp\/","title":{"rendered":"L\u00e1mpara de U\u00f1as 2-en-1 LED\/UV"},"content":{"rendered":"<ul data-path-to-node=\"5\">\n<li>\n<p data-path-to-node=\"5,0,0\"><b data-path-to-node=\"5,0,0\" data-index-in-node=\"0\">Tecnolog\u00eda Dual:<\/b> Combina fuentes de luz <b data-path-to-node=\"5,0,0\" data-index-in-node=\"40\">LED y UV<\/b>, lo que la hace compatible con casi todos los tipos de geles del mercado.<\/p>\n<\/li>\n<li>\n<p data-path-to-node=\"5,1,0\"><b data-path-to-node=\"5,1,0\" data-index-in-node=\"0\">Potencia:<\/b> Cuenta con <b data-path-to-node=\"5,1,0\" data-index-in-node=\"21\">48W<\/b>, lo que garantiza un secado r\u00e1pido y eficiente.<\/p>\n<\/li>\n<li>\n<p data-path-to-node=\"5,2,0\"><b data-path-to-node=\"5,2,0\" data-index-in-node=\"0\">Dise\u00f1o Ergon\u00f3mico:<\/b> Tiene una estructura de t\u00fanel abierta con una base (aparentemente removible), lo que facilita su uso tanto para <b data-path-to-node=\"5,2,0\" data-index-in-node=\"131\">manicura<\/b> como para <b data-path-to-node=\"5,2,0\" data-index-in-node=\"150\">pedicura<\/b>.<\/p>\n<\/li>\n<li>\n<p data-path-to-node=\"5,3,0\"><b data-path-to-node=\"5,3,0\" data-index-in-node=\"0\">Pantalla Digital:<\/b> Incluye un monitor en la parte superior para visualizar el tiempo de curado.<\/p>\n<\/li>\n<\/ul>\n<h3 data-path-to-node=\"6\"><b data-path-to-node=\"6\" data-index-in-node=\"0\">Especificaciones destacadas (seg\u00fan los iconos de la caja)<\/b><\/h3>\n<ul data-path-to-node=\"7\">\n<li>\n<p data-path-to-node=\"7,0,0\"><b data-path-to-node=\"7,0,0\" data-index-in-node=\"0\">Luz Solar (Sunshine):<\/b> Luz blanca m\u00e1s suave que protege los ojos y evita el ardor en las manos.<\/p>\n<\/li>\n<li>\n<p data-path-to-node=\"7,1,0\"><b data-path-to-node=\"7,1,0\" data-index-in-node=\"0\">Protecci\u00f3n Ocular:<\/b> Dise\u00f1ada para no ser da\u00f1ina a la vista durante el uso.<\/p>\n<\/li>\n<li>\n<p data-path-to-node=\"7,2,0\"><b data-path-to-node=\"7,2,0\" data-index-in-node=\"0\">Non-blacken:<\/b> Tecnolog\u00eda que ayuda a prevenir el oscurecimiento de la piel de las manos por la exposici\u00f3n a la luz.<\/p>\n<\/li>\n<li>\n<p data-path-to-node=\"7,3,0\"><b data-path-to-node=\"7,3,0\" data-index-in-node=\"0\">Sensores Inteligentes:<\/b> Aunque no se detalla en el texto, este tipo de modelos suelen incluir sensores de movimiento que encienden la l\u00e1mpara autom\u00e1ticamente al introducir la mano.<\/p>\n<\/li>\n<\/ul>","protected":false},"excerpt":{"rendered":"<p>Es una l\u00e1mpara profesional dise\u00f1ada para el secado y curado de esmaltes en gel (semipermanentes) y sistemas de u\u00f1as acr\u00edlicas o poligel.<\/p>","protected":false},"featured_media":14096,"comment_status":"open","ping_status":"closed","template":"","meta":[],"product_brand":[],"product_cat":[281],"product_tag":[],"class_list":{"0":"post-14095","1":"product","2":"type-product","3":"status-publish","4":"has-post-thumbnail","6":"product_cat-belleza-y-cuidado-personal","7":"thunk-woo-product-list","8":"th-shop-mania-woo-hover-","9":"open-single-product-tab-horizontal","10":"open-shadow-","11":"open-shadow-hover-","12":"th-shop-mania-single-product-content-left","14":"first","15":"instock","16":"downloadable","17":"taxable","18":"shipping-taxable","19":"purchasable","20":"product-type-simple"},"aioseo_notices":[],"_links":{"self":[{"href":"https:\/\/macketi.com\/en\/wp-json\/wp\/v2\/product\/14095","targetHints":{"allow":["GET"]}}],"collection":[{"href":"https:\/\/macketi.com\/en\/wp-json\/wp\/v2\/product"}],"about":[{"href":"https:\/\/macketi.com\/en\/wp-json\/wp\/v2\/types\/product"}],"replies":[{"embeddable":true,"href":"https:\/\/macketi.com\/en\/wp-json\/wp\/v2\/comments?post=14095"}],"wp:featuredmedia":[{"embeddable":true,"href":"https:\/\/macketi.com\/en\/wp-json\/wp\/v2\/media\/14096"}],"wp:attachment":[{"href":"https:\/\/macketi.com\/en\/wp-json\/wp\/v2\/media?parent=14095"}],"wp:term":[{"taxonomy":"product_brand","embeddable":true,"href":"https:\/\/macketi.com\/en\/wp-json\/wp\/v2\/product_brand?post=14095"},{"taxonomy":"product_cat","embeddable":true,"href":"https:\/\/macketi.com\/en\/wp-json\/wp\/v2\/product_cat?post=14095"},{"taxonomy":"product_tag","embeddable":true,"href":"https:\/\/macketi.com\/en\/wp-json\/wp\/v2\/product_tag?post=14095"}],"curies":[{"name":"wp","href":"https:\/\/api.w.org\/{rel}","templated":true}]}}