{"id":14093,"date":"2026-01-17T19:21:05","date_gmt":"2026-01-17T18:21:05","guid":{"rendered":"https:\/\/macketi.com\/?post_type=product&#038;p=14093"},"modified":"2026-01-17T20:22:45","modified_gmt":"2026-01-17T19:22:45","slug":"aroma-diffuser","status":"publish","type":"product","link":"https:\/\/macketi.com\/en\/product\/aroma-diffuser\/","title":{"rendered":"Difusor de aroma"},"content":{"rendered":"<ul data-path-to-node=\"3\">\n<li>\n<p data-path-to-node=\"3,0,0\"><b data-path-to-node=\"3,0,0\" data-index-in-node=\"0\">Nombre de la Fragancia:<\/b> Glamour &amp; Cheery.<\/p>\n<\/li>\n<li>\n<p data-path-to-node=\"3,1,0\"><b data-path-to-node=\"3,1,0\" data-index-in-node=\"0\">Capacidad:<\/b> 200 ml \/ 6.76 Fl.oz.<\/p>\n<\/li>\n<li>\n<p data-path-to-node=\"3,2,0\"><b data-path-to-node=\"3,2,0\" data-index-in-node=\"0\">L\u00ednea\/Estilo:<\/b> \u00abHigh Scent\u00bb (Alta fragancia), lo que sugiere una alta concentraci\u00f3n de esencia para una mayor duraci\u00f3n y alcance.<\/p>\n<\/li>\n<li>\n<p data-path-to-node=\"3,3,0\"><b data-path-to-node=\"3,3,0\" data-index-in-node=\"0\">Presentaci\u00f3n:<\/b> Caja vertical de cart\u00f3n con tipograf\u00eda moderna en color negro y detalles en estilo caligr\u00e1fico.<\/p>\n<\/li>\n<\/ul>\n<h3 data-path-to-node=\"4\">Elementos Destacados<\/h3>\n<ul data-path-to-node=\"5\">\n<li>\n<p data-path-to-node=\"5,0,0\"><b data-path-to-node=\"5,0,0\" data-index-in-node=\"0\">Mensaje Inspiracional:<\/b> El empaque incluye una frase en ingl\u00e9s que dice: <i data-path-to-node=\"5,0,0\" data-index-in-node=\"72\">\u00abMay all your happiness be free from pretending to be sincere and kind at the end of your life\u00bb<\/i> (Que toda tu felicidad est\u00e9 libre de pretender ser sincero y amable al final de tu vida).<\/p>\n<\/li>\n<li>\n<p data-path-to-node=\"5,1,0\"><b data-path-to-node=\"5,1,0\" data-index-in-node=\"0\">Dise\u00f1o Eco-friendly:<\/b> El uso de cart\u00f3n natural sin laminados pl\u00e1sticos visibles sugiere una est\u00e9tica orientada a lo natural y sostenible.<\/p>\n<\/li>\n<\/ul>\n<h3 data-path-to-node=\"6\">Perfil Arom\u00e1tico Sugerido<\/h3>\n<p data-path-to-node=\"7\">Aunque el nombre es <b data-path-to-node=\"7\" data-index-in-node=\"20\">\u00abCheery\u00bb<\/b> (Alegre), en el contexto de difusores suele ser una variante o juego de palabras con <b data-path-to-node=\"7\" data-index-in-node=\"114\">\u00abCherry\u00bb<\/b> (Cereza). Es probable que sea una fragancia:<\/p>\n<ul data-path-to-node=\"8\">\n<li>\n<p data-path-to-node=\"8,0,0\"><b data-path-to-node=\"8,0,0\" data-index-in-node=\"0\">Frutal y Dulce:<\/b> Con notas vibrantes de bayas o cerezas.<\/p>\n<\/li>\n<li>\n<p data-path-to-node=\"8,1,0\"><b data-path-to-node=\"8,1,0\" data-index-in-node=\"0\">Energizante:<\/b> Dise\u00f1ada para elevar el \u00e1nimo y crear un ambiente acogedor y positivo.<\/p>\n<\/li>\n<\/ul>","protected":false},"excerpt":{"rendered":"<p>Este es un <b data-path-to-node=\"1\" data-index-in-node=\"11\">difusor de aroma (Aroma Diffuser)<\/b> dise\u00f1ado para la ambientaci\u00f3n de espacios interiores. Se presenta en un empaque de estilo minimalista y r\u00fastico, fabricado en cart\u00f3n kraft de color natural.<\/p>","protected":false},"featured_media":14094,"comment_status":"open","ping_status":"closed","template":"","meta":[],"product_brand":[],"product_cat":[272],"product_tag":[],"class_list":{"0":"post-14093","1":"product","2":"type-product","3":"status-publish","4":"has-post-thumbnail","6":"product_cat-hogar-y-muebles","7":"thunk-woo-product-list","8":"th-shop-mania-woo-hover-","9":"open-single-product-tab-horizontal","10":"open-shadow-","11":"open-shadow-hover-","12":"th-shop-mania-single-product-content-left","14":"first","15":"instock","16":"downloadable","17":"taxable","18":"shipping-taxable","19":"purchasable","20":"product-type-simple"},"_links":{"self":[{"href":"https:\/\/macketi.com\/en\/wp-json\/wp\/v2\/product\/14093","targetHints":{"allow":["GET"]}}],"collection":[{"href":"https:\/\/macketi.com\/en\/wp-json\/wp\/v2\/product"}],"about":[{"href":"https:\/\/macketi.com\/en\/wp-json\/wp\/v2\/types\/product"}],"replies":[{"embeddable":true,"href":"https:\/\/macketi.com\/en\/wp-json\/wp\/v2\/comments?post=14093"}],"wp:featuredmedia":[{"embeddable":true,"href":"https:\/\/macketi.com\/en\/wp-json\/wp\/v2\/media\/14094"}],"wp:attachment":[{"href":"https:\/\/macketi.com\/en\/wp-json\/wp\/v2\/media?parent=14093"}],"wp:term":[{"taxonomy":"product_brand","embeddable":true,"href":"https:\/\/macketi.com\/en\/wp-json\/wp\/v2\/product_brand?post=14093"},{"taxonomy":"product_cat","embeddable":true,"href":"https:\/\/macketi.com\/en\/wp-json\/wp\/v2\/product_cat?post=14093"},{"taxonomy":"product_tag","embeddable":true,"href":"https:\/\/macketi.com\/en\/wp-json\/wp\/v2\/product_tag?post=14093"}],"curies":[{"name":"wp","href":"https:\/\/api.w.org\/{rel}","templated":true}]}}