{"id":13946,"date":"2026-01-14T11:11:41","date_gmt":"2026-01-14T10:11:41","guid":{"rendered":"https:\/\/macketi.com\/?post_type=product&#038;p=13946"},"modified":"2026-01-14T15:54:34","modified_gmt":"2026-01-14T14:54:34","slug":"freidora-de-aire-bergner-midnight","status":"publish","type":"product","link":"https:\/\/macketi.com\/en\/product\/freidora-de-aire-bergner-midnight\/","title":{"rendered":"Freidora de aire BERGNER MIDNIGHT,"},"content":{"rendered":"<p><strong>Caracter\u00edstica especial:<\/strong><\/p>\n<p>Control t\u00e1ctil LED, 10 programas preestablecidos<br \/>\n<strong>Dimensiones del producto:<\/strong> 45,5 cm (largo) x 25,5 cm (ancho) x 32,5 cm (alto)<br \/>\n<strong>Color<\/strong>: medianoche | 6,5 l<br \/>\n<strong>Capacidad:<\/strong> 6,5 litros<br \/>\n<strong>Material:<\/strong> acero inoxidable<br \/>\n<strong>Usos recomendados:<\/strong> freidora de aire<br \/>\n<strong>Potencia de salida:<\/strong> 1600 W<br \/>\n<strong>Marca: <\/strong>Bergne<strong>r<\/strong><br \/>\n<strong>Potencia:<\/strong> 1600 W<br \/>\n<strong>Voltaje:<\/strong> 220 V (CA)<\/p>","protected":false},"excerpt":{"rendered":"<p><span class=\"Y2IQFc\" lang=\"es\">10 programas preestablecidos: ofrece 10 programas de cocci\u00f3n autom\u00e1ticos que te permiten preparar f\u00e1cilmente una infinidad de recetas con resultados siempre excelentes. <\/span><span class=\"Y2IQFc\" lang=\"es\">Control t\u00e1ctil LED: el panel t\u00e1ctil LED permite ajustar la temperatura y el tiempo de forma f\u00e1cil y precisa, lo que mejora la experiencia de cocina. Color verde: el moderno color verde a\u00f1ade un toque de frescura a cualquier cocina, combinando funcionalidad y est\u00e9tica.<\/span><\/p>","protected":false},"featured_media":13954,"comment_status":"open","ping_status":"closed","template":"","meta":[],"product_brand":[],"product_cat":[273],"product_tag":[],"class_list":{"0":"post-13946","1":"product","2":"type-product","3":"status-publish","4":"has-post-thumbnail","6":"product_cat-electrodomesticos","7":"thunk-woo-product-list","8":"th-shop-mania-woo-hover-","9":"open-single-product-tab-horizontal","10":"open-shadow-","11":"open-shadow-hover-","12":"th-shop-mania-single-product-content-left","14":"first","15":"instock","16":"taxable","17":"shipping-taxable","18":"purchasable","19":"product-type-simple"},"_links":{"self":[{"href":"https:\/\/macketi.com\/en\/wp-json\/wp\/v2\/product\/13946","targetHints":{"allow":["GET"]}}],"collection":[{"href":"https:\/\/macketi.com\/en\/wp-json\/wp\/v2\/product"}],"about":[{"href":"https:\/\/macketi.com\/en\/wp-json\/wp\/v2\/types\/product"}],"replies":[{"embeddable":true,"href":"https:\/\/macketi.com\/en\/wp-json\/wp\/v2\/comments?post=13946"}],"wp:featuredmedia":[{"embeddable":true,"href":"https:\/\/macketi.com\/en\/wp-json\/wp\/v2\/media\/13954"}],"wp:attachment":[{"href":"https:\/\/macketi.com\/en\/wp-json\/wp\/v2\/media?parent=13946"}],"wp:term":[{"taxonomy":"product_brand","embeddable":true,"href":"https:\/\/macketi.com\/en\/wp-json\/wp\/v2\/product_brand?post=13946"},{"taxonomy":"product_cat","embeddable":true,"href":"https:\/\/macketi.com\/en\/wp-json\/wp\/v2\/product_cat?post=13946"},{"taxonomy":"product_tag","embeddable":true,"href":"https:\/\/macketi.com\/en\/wp-json\/wp\/v2\/product_tag?post=13946"}],"curies":[{"name":"wp","href":"https:\/\/api.w.org\/{rel}","templated":true}]}}