{"id":13940,"date":"2026-01-14T10:41:01","date_gmt":"2026-01-14T09:41:01","guid":{"rendered":"https:\/\/macketi.com\/?post_type=product&#038;p=13940"},"modified":"2026-01-14T10:52:28","modified_gmt":"2026-01-14T09:52:28","slug":"hp-963xl-3ja27ae-compatible-con-hp-officejet-pro-9010","status":"publish","type":"product","link":"https:\/\/macketi.com\/en\/product\/hp-963xl-3ja27ae-compatible-con-hp-officejet-pro-9010\/","title":{"rendered":"HP 963Xl 3Ja27Ae compatible con HP Officejet Pro 9010."},"content":{"rendered":"<table class=\"a-normal a-spacing-micro\" style=\"height: 135px\" role=\"list\" width=\"491\">\n<tbody>\n<tr class=\"a-spacing-small po-brand\" role=\"listitem\">\n<td class=\"a-span3\" role=\"presentation\"><strong><span class=\"a-size-base a-text-bold\"><span dir=\"auto\">Marca<\/span><\/span><\/strong><\/td>\n<td class=\"a-span9\" role=\"presentation\"><span class=\"a-size-base po-break-word\"><span dir=\"auto\">HP<\/span><\/span><\/td>\n<\/tr>\n<tr class=\"a-spacing-small po-ink.color\" role=\"listitem\">\n<td class=\"a-span3\" role=\"presentation\"><strong><span class=\"a-size-base a-text-bold\"><span dir=\"auto\">Color de tinta<\/span><\/span><\/strong><\/td>\n<td class=\"a-span9\" role=\"presentation\"><span class=\"a-size-base po-break-word\"><span dir=\"auto\">cian<\/span><\/span><\/td>\n<\/tr>\n<tr class=\"a-spacing-small po-page_yield\" role=\"listitem\">\n<td class=\"a-span3\" role=\"presentation\"><strong><span class=\"a-size-base a-text-bold\"><span dir=\"auto\">Rendimiento de p\u00e1ginas<\/span><\/span><\/strong><\/td>\n<td class=\"a-span9\" role=\"presentation\"><span class=\"a-size-base po-break-word\"><span dir=\"auto\">1600<\/span><\/span><\/td>\n<\/tr>\n<tr class=\"a-spacing-small po-compatible_devices\" role=\"listitem\">\n<td class=\"a-span3\" role=\"presentation\"><strong><span class=\"a-size-base a-text-bold\"><span dir=\"auto\">Dispositivos compatibles<\/span><\/span><\/strong><\/td>\n<td class=\"a-span9\" role=\"presentation\"><span class=\"a-size-base po-break-word\"><span dir=\"auto\">Impresora<\/span><\/span><\/td>\n<\/tr>\n<tr class=\"a-spacing-small po-special_feature\" role=\"listitem\">\n<td class=\"a-span3\" role=\"presentation\"><strong><span class=\"a-size-base a-text-bold\"><span dir=\"auto\">Caracter\u00edsticas especiales<\/span><\/span><\/strong><\/td>\n<td class=\"a-span9\" role=\"presentation\"><span class=\"a-size-base po-break-word\"><span dir=\"auto\">Alto rendimiento<\/span><\/span><\/td>\n<\/tr>\n<\/tbody>\n<\/table>","protected":false},"excerpt":{"rendered":"<p><strong><span class=\"a-list-item\"><span dir=\"auto\">Los cartuchos de tinta originales HP est\u00e1n disponibles en diferentes tama\u00f1os de rendimiento por p\u00e1gina para adaptarse a su volumen de impresi\u00f3n y facilidad de uso. Elija entre cartuchos est\u00e1ndar y de alto rendimiento y reduzca las interrupciones. Reemplace los cartuchos f\u00e1cilmente.<\/span><\/span><\/strong><\/p>","protected":false},"featured_media":13941,"comment_status":"open","ping_status":"closed","template":"","meta":[],"product_brand":[],"product_cat":[291],"product_tag":[564,561,563],"class_list":{"0":"post-13940","1":"product","2":"type-product","3":"status-publish","4":"has-post-thumbnail","6":"product_cat-ordenadores","7":"product_tag-cartucho","8":"product_tag-cyan","9":"product_tag-hp","10":"thunk-woo-product-list","11":"th-shop-mania-woo-hover-","12":"open-single-product-tab-horizontal","13":"open-shadow-","14":"open-shadow-hover-","15":"th-shop-mania-single-product-content-left","17":"first","18":"instock","19":"taxable","20":"shipping-taxable","21":"purchasable","22":"product-type-simple"},"_links":{"self":[{"href":"https:\/\/macketi.com\/en\/wp-json\/wp\/v2\/product\/13940","targetHints":{"allow":["GET"]}}],"collection":[{"href":"https:\/\/macketi.com\/en\/wp-json\/wp\/v2\/product"}],"about":[{"href":"https:\/\/macketi.com\/en\/wp-json\/wp\/v2\/types\/product"}],"replies":[{"embeddable":true,"href":"https:\/\/macketi.com\/en\/wp-json\/wp\/v2\/comments?post=13940"}],"wp:featuredmedia":[{"embeddable":true,"href":"https:\/\/macketi.com\/en\/wp-json\/wp\/v2\/media\/13941"}],"wp:attachment":[{"href":"https:\/\/macketi.com\/en\/wp-json\/wp\/v2\/media?parent=13940"}],"wp:term":[{"taxonomy":"product_brand","embeddable":true,"href":"https:\/\/macketi.com\/en\/wp-json\/wp\/v2\/product_brand?post=13940"},{"taxonomy":"product_cat","embeddable":true,"href":"https:\/\/macketi.com\/en\/wp-json\/wp\/v2\/product_cat?post=13940"},{"taxonomy":"product_tag","embeddable":true,"href":"https:\/\/macketi.com\/en\/wp-json\/wp\/v2\/product_tag?post=13940"}],"curies":[{"name":"wp","href":"https:\/\/api.w.org\/{rel}","templated":true}]}}