{"id":13926,"date":"2026-01-13T15:58:04","date_gmt":"2026-01-13T14:58:04","guid":{"rendered":"https:\/\/macketi.com\/?post_type=product&#038;p=13926"},"modified":"2026-01-13T16:17:30","modified_gmt":"2026-01-13T15:17:30","slug":"raton-optico-iggual-xs-kids-16000pi","status":"publish","type":"product","link":"https:\/\/macketi.com\/en\/product\/raton-optico-iggual-xs-kids-16000pi\/","title":{"rendered":"RATON OPTICO Iggual XS-KIDS-16000PI"},"content":{"rendered":"<table class=\"a-normal a-spacing-micro\" style=\"height: 344px\" role=\"list\" width=\"748\">\n<tbody>\n<tr class=\"a-spacing-small po-brand\" role=\"listitem\">\n<td class=\"a-span3\" role=\"presentation\"><strong><span class=\"a-size-base a-text-bold\">Marca<\/span><\/strong><\/td>\n<td class=\"a-span9\" role=\"presentation\"><span class=\"a-size-base po-break-word\">iggual<\/span><\/td>\n<\/tr>\n<tr class=\"a-spacing-small po-color\" role=\"listitem\">\n<td class=\"a-span3\" role=\"presentation\"><strong><span class=\"a-size-base a-text-bold\">Color<\/span><\/strong><\/td>\n<td class=\"a-span9\" role=\"presentation\"><span class=\"a-size-base po-break-word\">Multicolor<\/span><\/td>\n<\/tr>\n<tr class=\"a-spacing-small po-button_quantity\" role=\"listitem\">\n<td class=\"a-span3\" role=\"presentation\"><strong><span class=\"a-size-base a-text-bold\">N\u00famero de botones<\/span><\/strong><\/td>\n<td class=\"a-span9\" role=\"presentation\"><span class=\"a-size-base po-break-word\">3<\/span><\/td>\n<\/tr>\n<tr class=\"a-spacing-small po-hand_orientation\" role=\"listitem\">\n<td class=\"a-span3\" role=\"presentation\"><strong><span class=\"a-size-base a-text-bold\">Orientaci\u00f3n de la mano<\/span><\/strong><\/td>\n<td class=\"a-span9\" role=\"presentation\"><span class=\"a-size-base po-break-word\">Ambidiestra<\/span><\/td>\n<\/tr>\n<tr class=\"a-spacing-small po-model_name\" role=\"listitem\">\n<td class=\"a-span3\" role=\"presentation\"><strong><span class=\"a-size-base a-text-bold\">Nombre del modelo<\/span><\/strong><\/td>\n<td class=\"a-span9\" role=\"presentation\"><span class=\"a-size-base po-break-word\">IGG319024<\/span><\/td>\n<\/tr>\n<tr class=\"a-spacing-small po-recommended_uses_for_product\" role=\"listitem\">\n<td class=\"a-span3\" role=\"presentation\"><strong><span class=\"a-size-base a-text-bold\">Usos recomendados para el producto<\/span><\/strong><\/td>\n<td class=\"a-span9\" role=\"presentation\"><span class=\"a-size-base po-break-word\">Oficina<\/span><\/td>\n<\/tr>\n<tr class=\"a-spacing-small po-compatible_devices\" role=\"listitem\">\n<td class=\"a-span3\" role=\"presentation\"><strong><span class=\"a-size-base a-text-bold\">Dispositivos compatibles<\/span><\/strong><\/td>\n<td class=\"a-span9\" role=\"presentation\"><span class=\"a-size-base po-break-word\">Ordenador de sobremesa, Ordenador port\u00e1til<\/span><\/td>\n<\/tr>\n<tr class=\"a-spacing-small po-style\" role=\"listitem\">\n<td class=\"a-span3\" role=\"presentation\"><strong><span class=\"a-size-base a-text-bold\">Estilo<\/span><\/strong><\/td>\n<td class=\"a-span9\" role=\"presentation\"><span class=\"a-size-base po-break-word\">Cl\u00e1sico<\/span><\/td>\n<\/tr>\n<tr class=\"a-spacing-small po-item_length_width\" role=\"listitem\">\n<td class=\"a-span3\" role=\"presentation\"><strong><span class=\"a-size-base a-text-bold\">Dimensiones del producto<\/span><\/strong><\/td>\n<td class=\"a-span9\" role=\"presentation\"><span class=\"a-size-base po-break-word\">8l. x 4an. cent\u00edmetros<\/span><\/td>\n<\/tr>\n<tr class=\"a-spacing-small po-included_components\" role=\"listitem\">\n<td class=\"a-span3\" role=\"presentation\"><strong><span class=\"a-size-base a-text-bold\">Componentes incluidos<\/span><\/strong><\/td>\n<td class=\"a-span9\" role=\"presentation\"><span class=\"a-size-base po-break-word\">No aplica<\/span><\/td>\n<\/tr>\n<\/tbody>\n<\/table>\n<div id=\"more-3659\"><\/div>\n<p><!--more--><\/p>\n<p><!--more--><\/p>","protected":false},"excerpt":{"rendered":"<p>El gran fuerte de este rat\u00f3n radica en\u00a0la combinaci\u00f3n de su\u00a0reducido tama\u00f1o\u00a0y\u00a0de su\u00a0excelente sensibilidad gracias a sus\u00a01600 DPI. Es\u00a0la opci\u00f3n perfecta para que los m\u00e1s peque\u00f1os se inicien en el gran mundo de la inform\u00e1tica y la tecnolog\u00eda.<\/p>","protected":false},"featured_media":13927,"comment_status":"open","ping_status":"closed","template":"","meta":[],"product_brand":[],"product_cat":[291],"product_tag":[551,500,552,451],"class_list":{"0":"post-13926","1":"product","2":"type-product","3":"status-publish","4":"has-post-thumbnail","6":"product_cat-ordenadores","7":"product_tag-iggual","8":"product_tag-negro","9":"product_tag-raton","10":"product_tag-usb","11":"thunk-woo-product-list","12":"th-shop-mania-woo-hover-","13":"open-single-product-tab-horizontal","14":"open-shadow-","15":"open-shadow-hover-","16":"th-shop-mania-single-product-content-left","18":"first","19":"instock","20":"taxable","21":"shipping-taxable","22":"purchasable","23":"product-type-simple"},"_links":{"self":[{"href":"https:\/\/macketi.com\/en\/wp-json\/wp\/v2\/product\/13926","targetHints":{"allow":["GET"]}}],"collection":[{"href":"https:\/\/macketi.com\/en\/wp-json\/wp\/v2\/product"}],"about":[{"href":"https:\/\/macketi.com\/en\/wp-json\/wp\/v2\/types\/product"}],"replies":[{"embeddable":true,"href":"https:\/\/macketi.com\/en\/wp-json\/wp\/v2\/comments?post=13926"}],"wp:featuredmedia":[{"embeddable":true,"href":"https:\/\/macketi.com\/en\/wp-json\/wp\/v2\/media\/13927"}],"wp:attachment":[{"href":"https:\/\/macketi.com\/en\/wp-json\/wp\/v2\/media?parent=13926"}],"wp:term":[{"taxonomy":"product_brand","embeddable":true,"href":"https:\/\/macketi.com\/en\/wp-json\/wp\/v2\/product_brand?post=13926"},{"taxonomy":"product_cat","embeddable":true,"href":"https:\/\/macketi.com\/en\/wp-json\/wp\/v2\/product_cat?post=13926"},{"taxonomy":"product_tag","embeddable":true,"href":"https:\/\/macketi.com\/en\/wp-json\/wp\/v2\/product_tag?post=13926"}],"curies":[{"name":"wp","href":"https:\/\/api.w.org\/{rel}","templated":true}]}}