{"id":13704,"date":"2026-01-04T12:59:24","date_gmt":"2026-01-04T11:59:24","guid":{"rendered":"https:\/\/macketi.com\/?post_type=product&#038;p=13704"},"modified":"2026-01-05T11:34:36","modified_gmt":"2026-01-05T10:34:36","slug":"piense-y-hagase-rico-de-napoleon-hill","status":"publish","type":"product","link":"https:\/\/macketi.com\/en\/product\/piense-y-hagase-rico-de-napoleon-hill\/","title":{"rendered":"Piense y h\u00e1gase rico, de Napoleon Hill"},"content":{"rendered":"","protected":false},"excerpt":{"rendered":"<p>Un cl\u00e1sico para alcanzar la riqueza Tras m\u00e1s de veinte a\u00f1os investigando cient\u00edficamente a los hombres m\u00e1s ricos de su \u00e9poca, Napoleon Hill aprendi\u00f3 el secreto de la riqueza del famoso industrial y escritor Andrew Carnegie. Carnegie no s\u00f3lo lleg\u00f3 a ser multimillonario sino que hizo millonarios a una multitud de personas a las que ense\u00f1\u00f3 su sabidur\u00eda. Piense y h\u00e1gase rico es una obra dise\u00f1ada a partir de una experiencia para conseguir el triunfo econ\u00f3mico y personal de la humanidad entera. Gracias a este libro, la riqueza y la realizaci\u00f3n personal est\u00e1n al alcance de todas aquellas personas que lo deseen. No dejes el \u00e9xito en manos de unos pocos y lucha por tu trozo de pastel.<\/p>","protected":false},"featured_media":13705,"comment_status":"open","ping_status":"closed","template":"","meta":[],"product_brand":[],"product_cat":[263],"product_tag":[],"class_list":{"0":"post-13704","1":"product","2":"type-product","3":"status-publish","4":"has-post-thumbnail","6":"product_cat-oferta-del-dia","7":"thunk-woo-product-list","8":"th-shop-mania-woo-hover-","9":"open-single-product-tab-horizontal","10":"open-shadow-","11":"open-shadow-hover-","12":"th-shop-mania-single-product-content-left","14":"first","15":"outofstock","16":"downloadable","17":"taxable","18":"shipping-taxable","19":"purchasable","20":"product-type-simple"},"_links":{"self":[{"href":"https:\/\/macketi.com\/en\/wp-json\/wp\/v2\/product\/13704","targetHints":{"allow":["GET"]}}],"collection":[{"href":"https:\/\/macketi.com\/en\/wp-json\/wp\/v2\/product"}],"about":[{"href":"https:\/\/macketi.com\/en\/wp-json\/wp\/v2\/types\/product"}],"replies":[{"embeddable":true,"href":"https:\/\/macketi.com\/en\/wp-json\/wp\/v2\/comments?post=13704"}],"wp:featuredmedia":[{"embeddable":true,"href":"https:\/\/macketi.com\/en\/wp-json\/wp\/v2\/media\/13705"}],"wp:attachment":[{"href":"https:\/\/macketi.com\/en\/wp-json\/wp\/v2\/media?parent=13704"}],"wp:term":[{"taxonomy":"product_brand","embeddable":true,"href":"https:\/\/macketi.com\/en\/wp-json\/wp\/v2\/product_brand?post=13704"},{"taxonomy":"product_cat","embeddable":true,"href":"https:\/\/macketi.com\/en\/wp-json\/wp\/v2\/product_cat?post=13704"},{"taxonomy":"product_tag","embeddable":true,"href":"https:\/\/macketi.com\/en\/wp-json\/wp\/v2\/product_tag?post=13704"}],"curies":[{"name":"wp","href":"https:\/\/api.w.org\/{rel}","templated":true}]}}