{"id":13564,"date":"2025-12-18T19:32:05","date_gmt":"2025-12-18T18:32:05","guid":{"rendered":"https:\/\/macketi.com\/?post_type=product&#038;p=13564"},"modified":"2026-03-11T17:51:20","modified_gmt":"2026-03-11T16:51:20","slug":"vino-tinto-pata-negra-apasionado-jumilla","status":"publish","type":"product","link":"https:\/\/macketi.com\/en\/product\/vino-tinto-pata-negra-apasionado-jumilla\/","title":{"rendered":"Vino tinto Pata Negra Apasionado Jumilla"},"content":{"rendered":"","protected":false},"excerpt":{"rendered":"<p><span class=\"a-list-item\">-Apariencia: Vino tinto de color picota oscuro y brillante, de capa muy cubierta<\/span><\/p>\n<p><span class=\"a-list-item\">-Gusto: Da sensaci\u00f3n de plenitud en boca, sabroso y largo; con taninos suaves y redondos unidos a un final muy persistente<\/span><\/p>\n<p><span class=\"a-list-item\">-Aroma: Perfil arom\u00e1tico intenso y atractivo con notas de caf\u00e9 tostado, ciruelas y frutos negros<\/span><\/p>\n<p><span class=\"a-list-item\">-Tipo de uva: Elaborado con una interesante combinaci\u00f3n de uvas Monastrell, Petit Verdot y Cabernet Sauvignon; cada variedad se elabora por separado y solo despu\u00e9s de estar los vinos terminados, se decide cu\u00e1l es el porcentaje de cada uno que se a\u00f1ade a la mezcla final<\/span><\/p>\n<p><span class=\"a-list-item\">-Consumo: Para disfrutar de sus cualidades \u00f3ptimas, recomendamos servir a 16\u00baC<\/span><\/p>\n<p><span class=\"a-list-item\">-Maridaje: Este vino combina \u00f3ptimamente simplemente por copas o con carnes a la parrilla y comida picante. Pru\u00e9balo con una onza de chocolate negro<\/span><\/p>","protected":false},"featured_media":13565,"comment_status":"open","ping_status":"closed","template":"","meta":[],"product_brand":[],"product_cat":[344],"product_tag":[],"class_list":{"0":"post-13564","1":"product","2":"type-product","3":"status-publish","4":"has-post-thumbnail","6":"product_cat-vinos-tintos","7":"thunk-woo-product-list","8":"th-shop-mania-woo-hover-","9":"open-single-product-tab-horizontal","10":"open-shadow-","11":"open-shadow-hover-","12":"th-shop-mania-single-product-content-left","14":"first","15":"instock","16":"downloadable","17":"taxable","18":"shipping-taxable","19":"purchasable","20":"product-type-simple"},"_links":{"self":[{"href":"https:\/\/macketi.com\/en\/wp-json\/wp\/v2\/product\/13564","targetHints":{"allow":["GET"]}}],"collection":[{"href":"https:\/\/macketi.com\/en\/wp-json\/wp\/v2\/product"}],"about":[{"href":"https:\/\/macketi.com\/en\/wp-json\/wp\/v2\/types\/product"}],"replies":[{"embeddable":true,"href":"https:\/\/macketi.com\/en\/wp-json\/wp\/v2\/comments?post=13564"}],"wp:featuredmedia":[{"embeddable":true,"href":"https:\/\/macketi.com\/en\/wp-json\/wp\/v2\/media\/13565"}],"wp:attachment":[{"href":"https:\/\/macketi.com\/en\/wp-json\/wp\/v2\/media?parent=13564"}],"wp:term":[{"taxonomy":"product_brand","embeddable":true,"href":"https:\/\/macketi.com\/en\/wp-json\/wp\/v2\/product_brand?post=13564"},{"taxonomy":"product_cat","embeddable":true,"href":"https:\/\/macketi.com\/en\/wp-json\/wp\/v2\/product_cat?post=13564"},{"taxonomy":"product_tag","embeddable":true,"href":"https:\/\/macketi.com\/en\/wp-json\/wp\/v2\/product_tag?post=13564"}],"curies":[{"name":"wp","href":"https:\/\/api.w.org\/{rel}","templated":true}]}}