{"id":13510,"date":"2025-12-17T21:22:53","date_gmt":"2025-12-17T20:22:53","guid":{"rendered":"https:\/\/macketi.com\/?post_type=product&#038;p=13510"},"modified":"2026-01-18T15:10:30","modified_gmt":"2026-01-18T14:10:30","slug":"samsung-galaxy-z-flip-4","status":"publish","type":"product","link":"https:\/\/macketi.com\/en\/product\/samsung-galaxy-z-flip-4\/","title":{"rendered":"Samsung Galaxy z flip 4 &#8211; 256 gb"},"content":{"rendered":"<h3 data-path-to-node=\"2\">Pantallas<\/h3>\n<ul data-path-to-node=\"3\">\n<li>\n<p data-path-to-node=\"3,0,0\"><b data-path-to-node=\"3,0,0\" data-index-in-node=\"0\"><span class=\"citation-36\">Pantalla Principal:<\/span><\/b><span class=\"citation-36\"> Panel <\/span><b data-path-to-node=\"3,0,0\" data-index-in-node=\"26\"><span class=\"citation-36\">Dynamic AMOLED 2X de 6.7 pulgadas<\/span><\/b><span class=\"citation-36 citation-end-36\"> con resoluci\u00f3n FHD+ (<sup class=\"superscript\" data-turn-source-index=\"2\">2<\/sup><\/span><span class=\"math-inline\" data-math=\"2640 times 1080\" data-index-in-node=\"81\">$2640 times 1080$<\/span><span class=\"citation-35 citation-end-35\">).<sup class=\"superscript\" data-turn-source-index=\"3\">3<\/sup><\/span> <span class=\"citation-34\">Cuenta con una tasa de refresco adaptativa de <\/span><b data-path-to-node=\"3,0,0\" data-index-in-node=\"146\"><span class=\"citation-34\">120 Hz<\/span><\/b><span class=\"citation-34 citation-end-34\"> para una fluidez m\u00e1xima.<sup class=\"superscript\" data-turn-source-index=\"4\">4<\/sup><\/span><\/p>\n<\/li>\n<li>\n<p data-path-to-node=\"3,1,0\"><b data-path-to-node=\"3,1,0\" data-index-in-node=\"0\">Pantalla Exterior (Cover Screen):<\/b><span class=\"citation-33\"> Super AMOLED de <\/span><b data-path-to-node=\"3,1,0\" data-index-in-node=\"50\"><span class=\"citation-33\">1.9 pulgadas<\/span><\/b><span class=\"citation-33 citation-end-33\"> (<sup class=\"superscript\" data-turn-source-index=\"5\">5<\/sup><\/span><span class=\"math-inline\" data-math=\"260 times 512\" data-index-in-node=\"64\">$260 times 512$<\/span><span class=\"citation-32 citation-end-32\">), dise\u00f1ada para ver notificaciones, controlar m\u00fasica o usarla como visor para selfies sin abrir el tel\u00e9fono.<sup class=\"superscript\" data-turn-source-index=\"6\">6<\/sup><\/span><\/p>\n<div class=\"source-inline-chip-container ng-star-inserted\"><\/div>\n<p>&nbsp;<\/li>\n<\/ul>\n<h3 data-path-to-node=\"4\">Rendimiento y Almacenamiento<\/h3>\n<ul data-path-to-node=\"5\">\n<li>\n<p data-path-to-node=\"5,0,0\"><b data-path-to-node=\"5,0,0\" data-index-in-node=\"0\"><span class=\"citation-31\">Procesador:<\/span><\/b><span class=\"citation-31\"> Potente chip <\/span><b data-path-to-node=\"5,0,0\" data-index-in-node=\"25\"><span class=\"citation-31\">Qualcomm Snapdragon 8+ Gen 1<\/span><\/b><span class=\"citation-31 citation-end-31\"> (4 nm), que ofrece una excelente eficiencia energ\u00e9tica y potencia para multitarea.<sup class=\"superscript\" data-turn-source-index=\"7\">7<\/sup><\/span><\/p>\n<\/li>\n<li>\n<p data-path-to-node=\"5,0,0\"><b data-path-to-node=\"5,1,0\" data-index-in-node=\"0\"><span class=\"citation-30\">Memoria RAM:<\/span><\/b> <b data-path-to-node=\"5,1,0\" data-index-in-node=\"13\"><span class=\"citation-30\">8 GB<\/span><\/b><span class=\"citation-30 citation-end-30\"> de RAM.<sup class=\"superscript\" data-turn-source-index=\"8\">8<\/sup><\/span><\/p>\n<\/li>\n<li>\n<p data-path-to-node=\"5,0,0\"><b data-path-to-node=\"5,2,0\" data-index-in-node=\"0\">Almacenamiento:<\/b> <b data-path-to-node=\"5,2,0\" data-index-in-node=\"16\">256 GB<\/b> internos (tecnolog\u00eda UFS 3.1 para transferencias r\u00e1pidas), sin ranura para tarjetas microSD.<\/p>\n<\/li>\n<\/ul>\n<h3 data-path-to-node=\"6\">C\u00e1maras<\/h3>\n<ul data-path-to-node=\"7\">\n<li>\n<p data-path-to-node=\"7,0,0\"><b data-path-to-node=\"7,0,0\" data-index-in-node=\"0\">Sistema Trasero Dual:<\/b><\/p>\n<ul data-path-to-node=\"7,0,1\">\n<li>\n<p data-path-to-node=\"7,0,1,0,0\"><b data-path-to-node=\"7,0,1,0,0\" data-index-in-node=\"0\"><span class=\"citation-29\">Principal:<\/span><\/b><span class=\"citation-29 citation-end-29\"> 12 MP con apertura <sup class=\"superscript\" data-turn-source-index=\"9\">9<\/sup><\/span><span class=\"math-inline\" data-math=\"f\/1.8\" data-index-in-node=\"30\">$f\/1.8$<\/span><span class=\"citation-28 citation-end-28\">, estabilizaci\u00f3n \u00f3ptica (OIS) y tecnolog\u00eda Dual Pixel.<sup class=\"superscript\" data-turn-source-index=\"10\">10<\/sup><\/span><\/p>\n<\/li>\n<li>\n<p data-path-to-node=\"7,0,1,0,0\"><b data-path-to-node=\"7,0,1,1,0\" data-index-in-node=\"0\"><span class=\"citation-27\">Ultra Gran Angular:<\/span><\/b><span class=\"citation-27 citation-end-27\"> 12 MP con apertura <sup class=\"superscript\" data-turn-source-index=\"11\">11<\/sup><\/span><span class=\"math-inline\" data-math=\"f\/2.2\" data-index-in-node=\"39\">$f\/2.2$<\/span><span class=\"citation-26 citation-end-26\"> y un campo de visi\u00f3n de 123\u00b0.<sup class=\"superscript\" data-turn-source-index=\"12\">12<\/sup><\/span><\/p>\n<\/li>\n<\/ul>\n<\/li>\n<li>\n<p data-path-to-node=\"7,1,0\"><b data-path-to-node=\"7,1,0\" data-index-in-node=\"0\"><span class=\"citation-25\">C\u00e1mara Frontal:<\/span><\/b><span class=\"citation-25 citation-end-25\"> 10 MP con apertura <sup class=\"superscript\" data-turn-source-index=\"13\">13<\/sup><\/span><span class=\"math-inline\" data-math=\"f\/2.4\" data-index-in-node=\"35\">$f\/2.4$<\/span><span class=\"citation-24 citation-end-24\">, integrada en un peque\u00f1o agujero en la pantalla principal.<sup class=\"superscript\" data-turn-source-index=\"14\">14<\/sup><\/span><\/p>\n<div class=\"source-inline-chip-container ng-star-inserted\"><\/div>\n<p>&nbsp;<\/li>\n<\/ul>\n<h3 data-path-to-node=\"8\">Bater\u00eda y Carga<\/h3>\n<ul data-path-to-node=\"9\">\n<li>\n<p data-path-to-node=\"9,0,0\"><b data-path-to-node=\"9,0,0\" data-index-in-node=\"0\">Capacidad:<\/b><span class=\"citation-23\"> Bater\u00eda dual de <\/span><b data-path-to-node=\"9,0,0\" data-index-in-node=\"27\"><span class=\"citation-23\">3,700 mAh<\/span><\/b><span class=\"citation-23 citation-end-23\">.<sup class=\"superscript\" data-turn-source-index=\"15\">15<\/sup><\/span><\/p>\n<\/li>\n<li>\n<p data-path-to-node=\"9,0,0\"><b data-path-to-node=\"9,1,0\" data-index-in-node=\"0\">Carga:<\/b> Soporta carga r\u00e1pida de <b data-path-to-node=\"9,1,0\" data-index-in-node=\"31\">25W<\/b> (hasta 50% en 30 min), carga inal\u00e1mbrica de 15W y carga inal\u00e1mbrica inversa para accesorios como auriculares.<\/p>\n<\/li>\n<\/ul>\n<h3 data-path-to-node=\"10\">Otras Caracter\u00edsticas<\/h3>\n<ul data-path-to-node=\"11\">\n<li>\n<p data-path-to-node=\"11,0,0\"><b data-path-to-node=\"11,0,0\" data-index-in-node=\"0\"><span class=\"citation-22\">Resistencia:<\/span><\/b><span class=\"citation-22\"> Certificaci\u00f3n <\/span><b data-path-to-node=\"11,0,0\" data-index-in-node=\"27\"><span class=\"citation-22\">IPX8<\/span><\/b><span class=\"citation-22 citation-end-22\"> (resistente al agua hasta 1.5 metros por 30 minutos).<sup class=\"superscript\" data-turn-source-index=\"16\">16<\/sup><\/span><\/p>\n<\/li>\n<li>\n<p data-path-to-node=\"11,0,0\"><b data-path-to-node=\"11,1,0\" data-index-in-node=\"0\"><span class=\"citation-21\">Construcci\u00f3n:<\/span><\/b><span class=\"citation-21\"> Marco de \u00abArmor Aluminum\u00bb y protecci\u00f3n <\/span><b data-path-to-node=\"11,1,0\" data-index-in-node=\"53\"><span class=\"citation-21\">Gorilla Glass Victus+<\/span><\/b><span class=\"citation-21 citation-end-21\"> en las superficies de vidrio.<sup class=\"superscript\" data-turn-source-index=\"17\">17<\/sup><\/span><\/p>\n<\/li>\n<li>\n<p data-path-to-node=\"11,0,0\"><b data-path-to-node=\"11,2,0\" data-index-in-node=\"0\">Seguridad:<\/b> Lector de huellas dactilares integrado en el bot\u00f3n lateral y reconocimiento facial.<\/p>\n<\/li>\n<li>\n<p data-path-to-node=\"11,3,0\"><b data-path-to-node=\"11,3,0\" data-index-in-node=\"0\">Conectividad:<\/b><span class=\"citation-20 citation-end-20\"> 5G, Wi-Fi 6, Bluetooth 5.2 y NFC.<sup class=\"superscript\" data-turn-source-index=\"18\">18<\/sup><\/span><\/p>\n<\/li>\n<\/ul>\n<hr data-path-to-node=\"12\" \/>\n<blockquote data-path-to-node=\"13\">\n<p data-path-to-node=\"13,0\"><b data-path-to-node=\"13,0\" data-index-in-node=\"0\">Dato clave:<\/b><span class=\"citation-19 citation-end-19\"> La versi\u00f3n de 256 GB es la m\u00e1s equilibrada, ya que el sistema operativo y las aplicaciones actuales suelen ocupar bastante espacio, y al no tener memoria expandible, este almacenamiento asegura una mayor vida \u00fatil del equipo.<sup class=\"superscript\" data-turn-source-index=\"19\">19<\/sup><\/span><\/p>\n<\/blockquote>","protected":false},"excerpt":{"rendered":"<p><span class=\"citation-37\">El <\/span><b data-path-to-node=\"0\" data-index-in-node=\"3\"><span class=\"citation-37\">Samsung Galaxy Z Flip 4 de 256 GB<\/span><\/b><span class=\"citation-37 citation-end-37\"> es un smartphone plegable de gama alta que destaca por su dise\u00f1o ic\u00f3nico tipo \u00abclamshell\u00bb (concha) y un rendimiento de \u00faltima generaci\u00f3n.<\/span><\/p>","protected":false},"featured_media":13511,"comment_status":"open","ping_status":"closed","template":"","meta":[],"product_brand":[],"product_cat":[361],"product_tag":[],"class_list":{"0":"post-13510","1":"product","2":"type-product","3":"status-publish","4":"has-post-thumbnail","6":"product_cat-telefonos","7":"thunk-woo-product-list","8":"th-shop-mania-woo-hover-","9":"open-single-product-tab-horizontal","10":"open-shadow-","11":"open-shadow-hover-","12":"th-shop-mania-single-product-content-left","14":"first","15":"instock","16":"downloadable","17":"taxable","18":"shipping-taxable","19":"purchasable","20":"product-type-simple"},"_links":{"self":[{"href":"https:\/\/macketi.com\/en\/wp-json\/wp\/v2\/product\/13510","targetHints":{"allow":["GET"]}}],"collection":[{"href":"https:\/\/macketi.com\/en\/wp-json\/wp\/v2\/product"}],"about":[{"href":"https:\/\/macketi.com\/en\/wp-json\/wp\/v2\/types\/product"}],"replies":[{"embeddable":true,"href":"https:\/\/macketi.com\/en\/wp-json\/wp\/v2\/comments?post=13510"}],"wp:featuredmedia":[{"embeddable":true,"href":"https:\/\/macketi.com\/en\/wp-json\/wp\/v2\/media\/13511"}],"wp:attachment":[{"href":"https:\/\/macketi.com\/en\/wp-json\/wp\/v2\/media?parent=13510"}],"wp:term":[{"taxonomy":"product_brand","embeddable":true,"href":"https:\/\/macketi.com\/en\/wp-json\/wp\/v2\/product_brand?post=13510"},{"taxonomy":"product_cat","embeddable":true,"href":"https:\/\/macketi.com\/en\/wp-json\/wp\/v2\/product_cat?post=13510"},{"taxonomy":"product_tag","embeddable":true,"href":"https:\/\/macketi.com\/en\/wp-json\/wp\/v2\/product_tag?post=13510"}],"curies":[{"name":"wp","href":"https:\/\/api.w.org\/{rel}","templated":true}]}}