{"id":13493,"date":"2025-12-13T17:35:20","date_gmt":"2025-12-13T16:35:20","guid":{"rendered":"https:\/\/macketi.com\/?post_type=product&#038;p=13493"},"modified":"2026-01-29T11:13:42","modified_gmt":"2026-01-29T10:13:42","slug":"camiseta-oficial-nzalang-nacional","status":"publish","type":"product","link":"https:\/\/macketi.com\/en\/product\/camiseta-oficial-nzalang-nacional\/","title":{"rendered":"Camiseta Oficial Nzalang Nacional"},"content":{"rendered":"<p>La camiseta de local de Guinea Ecuatorial para la temporada 2024\/25 presenta un estilo moderno y detalles distintivos. Los colores rojo, verde y blanco evocan la bandera nacional, simbolizando pasi\u00f3n, esperanza y unidad. El cuello redondo a\u00f1ade un toque de simplicidad, ofreciendo comodidad y asegurando una l\u00ednea limpia. La tela ecol\u00f3gica en la que est\u00e1 hecha la camiseta es un tributo al respeto por el medio ambiente y garantiza transpirabilidad durante la acci\u00f3n en el campo. P\u00f3ntela y siente el calor de tu naci\u00f3n.<\/p>","protected":false},"excerpt":{"rendered":"<p>La camiseta de local de Guinea Ecuatorial para la temporada 2024\/25 presenta un estilo moderno y detalles distintivos. Los colores rojo, verde y blanco evocan la bandera nacional, simbolizando pasi\u00f3n, esperanza y unidad. El cuello redondo a\u00f1ade un toque de simplicidad, ofreciendo comodidad y asegurando una l\u00ednea limpia. La tela ecol\u00f3gica en la que est\u00e1 &hellip;<\/p>\n<p class=\"read-more\"> <a class=\"thunk-readmore button\" href=\"https:\/\/macketi.com\/en\/product\/camiseta-oficial-nzalang-nacional\/\"> <span class=\"screen-reader-text\">Camiseta Oficial Nzalang Nacional<\/span>Read More<\/a><\/p>","protected":false},"featured_media":13494,"comment_status":"open","ping_status":"closed","template":"","meta":[],"product_brand":[],"product_cat":[454],"product_tag":[],"class_list":{"0":"post-13493","1":"product","2":"type-product","3":"status-publish","4":"has-post-thumbnail","6":"product_cat-deportes","7":"pa_talla-2xl","8":"pa_talla-xl","9":"thunk-woo-product-list","10":"th-shop-mania-woo-hover-","11":"open-single-product-tab-horizontal","12":"open-shadow-","13":"open-shadow-hover-","14":"th-shop-mania-single-product-content-left","16":"first","17":"instock","18":"taxable","19":"shipping-taxable","20":"purchasable","21":"product-type-variable"},"_links":{"self":[{"href":"https:\/\/macketi.com\/en\/wp-json\/wp\/v2\/product\/13493","targetHints":{"allow":["GET"]}}],"collection":[{"href":"https:\/\/macketi.com\/en\/wp-json\/wp\/v2\/product"}],"about":[{"href":"https:\/\/macketi.com\/en\/wp-json\/wp\/v2\/types\/product"}],"replies":[{"embeddable":true,"href":"https:\/\/macketi.com\/en\/wp-json\/wp\/v2\/comments?post=13493"}],"wp:featuredmedia":[{"embeddable":true,"href":"https:\/\/macketi.com\/en\/wp-json\/wp\/v2\/media\/13494"}],"wp:attachment":[{"href":"https:\/\/macketi.com\/en\/wp-json\/wp\/v2\/media?parent=13493"}],"wp:term":[{"taxonomy":"product_brand","embeddable":true,"href":"https:\/\/macketi.com\/en\/wp-json\/wp\/v2\/product_brand?post=13493"},{"taxonomy":"product_cat","embeddable":true,"href":"https:\/\/macketi.com\/en\/wp-json\/wp\/v2\/product_cat?post=13493"},{"taxonomy":"product_tag","embeddable":true,"href":"https:\/\/macketi.com\/en\/wp-json\/wp\/v2\/product_tag?post=13493"}],"curies":[{"name":"wp","href":"https:\/\/api.w.org\/{rel}","templated":true}]}}