{"id":13425,"date":"2025-12-03T17:47:29","date_gmt":"2025-12-03T16:47:29","guid":{"rendered":"https:\/\/macketi.com\/?post_type=product&#038;p=13425"},"modified":"2025-12-03T17:58:48","modified_gmt":"2025-12-03T16:58:48","slug":"tonico-facil-de-curcuma","status":"publish","type":"product","link":"https:\/\/macketi.com\/en\/product\/tonico-facil-de-curcuma\/","title":{"rendered":"T\u00f3nico facil de c\u00farcuma"},"content":{"rendered":"","protected":false},"excerpt":{"rendered":"<p>T\u00f3ner para equilibrar la piel y reducir los poros, suavizante, t\u00f3ner hidratante para disminuci\u00f3n de la opacidad y l\u00edneas finas, t\u00f3ner tum\u00e9rico antienvejecimiento para cara.<\/p>","protected":false},"featured_media":13426,"comment_status":"open","ping_status":"closed","template":"","meta":[],"product_brand":[],"product_cat":[281],"product_tag":[],"class_list":{"0":"post-13425","1":"product","2":"type-product","3":"status-publish","4":"has-post-thumbnail","6":"product_cat-belleza-y-cuidado-personal","7":"thunk-woo-product-list","8":"th-shop-mania-woo-hover-","9":"open-single-product-tab-horizontal","10":"open-shadow-","11":"open-shadow-hover-","12":"th-shop-mania-single-product-content-left","14":"first","15":"instock","16":"downloadable","17":"sold-individually","18":"taxable","19":"shipping-taxable","20":"purchasable","21":"product-type-simple"},"_links":{"self":[{"href":"https:\/\/macketi.com\/en\/wp-json\/wp\/v2\/product\/13425","targetHints":{"allow":["GET"]}}],"collection":[{"href":"https:\/\/macketi.com\/en\/wp-json\/wp\/v2\/product"}],"about":[{"href":"https:\/\/macketi.com\/en\/wp-json\/wp\/v2\/types\/product"}],"replies":[{"embeddable":true,"href":"https:\/\/macketi.com\/en\/wp-json\/wp\/v2\/comments?post=13425"}],"wp:featuredmedia":[{"embeddable":true,"href":"https:\/\/macketi.com\/en\/wp-json\/wp\/v2\/media\/13426"}],"wp:attachment":[{"href":"https:\/\/macketi.com\/en\/wp-json\/wp\/v2\/media?parent=13425"}],"wp:term":[{"taxonomy":"product_brand","embeddable":true,"href":"https:\/\/macketi.com\/en\/wp-json\/wp\/v2\/product_brand?post=13425"},{"taxonomy":"product_cat","embeddable":true,"href":"https:\/\/macketi.com\/en\/wp-json\/wp\/v2\/product_cat?post=13425"},{"taxonomy":"product_tag","embeddable":true,"href":"https:\/\/macketi.com\/en\/wp-json\/wp\/v2\/product_tag?post=13425"}],"curies":[{"name":"wp","href":"https:\/\/api.w.org\/{rel}","templated":true}]}}