{"id":13407,"date":"2025-12-02T13:43:08","date_gmt":"2025-12-02T12:43:08","guid":{"rendered":"https:\/\/macketi.com\/?post_type=product&#038;p=13407"},"modified":"2026-01-20T09:18:30","modified_gmt":"2026-01-20T08:18:30","slug":"aaltavoz-bluetooth-lp-v70","status":"publish","type":"product","link":"https:\/\/macketi.com\/en\/product\/aaltavoz-bluetooth-lp-v70\/","title":{"rendered":"Altavoz bluetooth LP-V70"},"content":{"rendered":"","protected":false},"excerpt":{"rendered":"<p>-Sonido potente y claro: disfruta de tu m\u00fasica favorita con graves profundos y agudos n\u00edtidos.<\/p>\n<p>-Bater\u00eda de larga duraci\u00f3n; hasta 8 horas de reproducci\u00f3n continua.<\/p>\n<p>-F\u00e1cil de conectar y usar: conecta f\u00e1cilmente con tu dospositivo m\u00f3vil o tablet v\u00eda bluetooth.<\/p>\n<p>-Dise\u00f1o compacto y ligero: ll\u00e9vate m\u00fasica a cualquier lugar.<\/p>\n<p>-Resistente al agua y al polvo: ideal para usar en cualquier entorno.<\/p>","protected":false},"featured_media":13408,"comment_status":"open","ping_status":"closed","template":"","meta":[],"product_brand":[],"product_cat":[290,271],"product_tag":[],"class_list":{"0":"post-13407","1":"product","2":"type-product","3":"status-publish","4":"has-post-thumbnail","6":"product_cat-electronica-audio-y-video","7":"product_cat-tecnologia","8":"thunk-woo-product-list","9":"th-shop-mania-woo-hover-","10":"open-single-product-tab-horizontal","11":"open-shadow-","12":"open-shadow-hover-","13":"th-shop-mania-single-product-content-left","15":"first","16":"instock","17":"downloadable","18":"taxable","19":"shipping-taxable","20":"purchasable","21":"product-type-simple"},"_links":{"self":[{"href":"https:\/\/macketi.com\/en\/wp-json\/wp\/v2\/product\/13407","targetHints":{"allow":["GET"]}}],"collection":[{"href":"https:\/\/macketi.com\/en\/wp-json\/wp\/v2\/product"}],"about":[{"href":"https:\/\/macketi.com\/en\/wp-json\/wp\/v2\/types\/product"}],"replies":[{"embeddable":true,"href":"https:\/\/macketi.com\/en\/wp-json\/wp\/v2\/comments?post=13407"}],"wp:featuredmedia":[{"embeddable":true,"href":"https:\/\/macketi.com\/en\/wp-json\/wp\/v2\/media\/13408"}],"wp:attachment":[{"href":"https:\/\/macketi.com\/en\/wp-json\/wp\/v2\/media?parent=13407"}],"wp:term":[{"taxonomy":"product_brand","embeddable":true,"href":"https:\/\/macketi.com\/en\/wp-json\/wp\/v2\/product_brand?post=13407"},{"taxonomy":"product_cat","embeddable":true,"href":"https:\/\/macketi.com\/en\/wp-json\/wp\/v2\/product_cat?post=13407"},{"taxonomy":"product_tag","embeddable":true,"href":"https:\/\/macketi.com\/en\/wp-json\/wp\/v2\/product_tag?post=13407"}],"curies":[{"name":"wp","href":"https:\/\/api.w.org\/{rel}","templated":true}]}}