{"id":13254,"date":"2025-11-25T17:06:13","date_gmt":"2025-11-25T16:06:13","guid":{"rendered":"https:\/\/macketi.com\/?post_type=product&#038;p=13254"},"modified":"2025-11-25T17:09:05","modified_gmt":"2025-11-25T16:09:05","slug":"crema-corporal-vaseline-adavanced-reparis","status":"publish","type":"product","link":"https:\/\/macketi.com\/en\/product\/crema-corporal-vaseline-adavanced-reparis\/","title":{"rendered":"Crema corporal Vaseline Adavanced Reparis"},"content":{"rendered":"","protected":false},"excerpt":{"rendered":"<p>Una loci\u00f3n corporal Vaseline\u00ae probada por dermat\u00f3logos con una f\u00f3rmula no grasa dise\u00f1ada para revitalizar y reparar la piel extremadamente seca. Esta loci\u00f3n sin perfume renueva la piel seca y est\u00e1 cl\u00ednicamente probada para proporcionar un 90% m\u00e1s de humedad en comparaci\u00f3n con la piel sin tratar.<\/p>","protected":false},"featured_media":13255,"comment_status":"open","ping_status":"closed","template":"","meta":[],"product_brand":[],"product_cat":[512],"product_tag":[],"class_list":{"0":"post-13254","1":"product","2":"type-product","3":"status-publish","4":"has-post-thumbnail","6":"product_cat-cremas","7":"thunk-woo-product-list","8":"th-shop-mania-woo-hover-","9":"open-single-product-tab-horizontal","10":"open-shadow-","11":"open-shadow-hover-","12":"th-shop-mania-single-product-content-left","14":"first","15":"instock","16":"downloadable","17":"sold-individually","18":"taxable","19":"shipping-taxable","20":"purchasable","21":"product-type-simple"},"_links":{"self":[{"href":"https:\/\/macketi.com\/en\/wp-json\/wp\/v2\/product\/13254","targetHints":{"allow":["GET"]}}],"collection":[{"href":"https:\/\/macketi.com\/en\/wp-json\/wp\/v2\/product"}],"about":[{"href":"https:\/\/macketi.com\/en\/wp-json\/wp\/v2\/types\/product"}],"replies":[{"embeddable":true,"href":"https:\/\/macketi.com\/en\/wp-json\/wp\/v2\/comments?post=13254"}],"wp:featuredmedia":[{"embeddable":true,"href":"https:\/\/macketi.com\/en\/wp-json\/wp\/v2\/media\/13255"}],"wp:attachment":[{"href":"https:\/\/macketi.com\/en\/wp-json\/wp\/v2\/media?parent=13254"}],"wp:term":[{"taxonomy":"product_brand","embeddable":true,"href":"https:\/\/macketi.com\/en\/wp-json\/wp\/v2\/product_brand?post=13254"},{"taxonomy":"product_cat","embeddable":true,"href":"https:\/\/macketi.com\/en\/wp-json\/wp\/v2\/product_cat?post=13254"},{"taxonomy":"product_tag","embeddable":true,"href":"https:\/\/macketi.com\/en\/wp-json\/wp\/v2\/product_tag?post=13254"}],"curies":[{"name":"wp","href":"https:\/\/api.w.org\/{rel}","templated":true}]}}