{"id":13252,"date":"2025-11-25T16:59:24","date_gmt":"2025-11-25T15:59:24","guid":{"rendered":"https:\/\/macketi.com\/?post_type=product&#038;p=13252"},"modified":"2025-11-25T17:05:21","modified_gmt":"2025-11-25T16:05:21","slug":"crema-corporal-cocoa-radiant","status":"publish","type":"product","link":"https:\/\/macketi.com\/en\/product\/crema-corporal-cocoa-radiant\/","title":{"rendered":"Crema corporal Vaseline Cocoa Radiant"},"content":{"rendered":"","protected":false},"excerpt":{"rendered":"<p>Es una loci\u00f3n corporal Vaseline\u00ae probada por dermat\u00f3logos para piel seca y opaca con Mantaca de Cacao pura para un brillo duradero y radiante. Su f\u00f3rmula no grasa ha sido cl\u00ednicamente probada para brindar 90% m\u00e1s humectaci\u00f3n que la de una piel sin tratamiento.<\/p>","protected":false},"featured_media":13253,"comment_status":"open","ping_status":"closed","template":"","meta":[],"product_brand":[],"product_cat":[512],"product_tag":[],"class_list":{"0":"post-13252","1":"product","2":"type-product","3":"status-publish","4":"has-post-thumbnail","6":"product_cat-cremas","7":"thunk-woo-product-list","8":"th-shop-mania-woo-hover-","9":"open-single-product-tab-horizontal","10":"open-shadow-","11":"open-shadow-hover-","12":"th-shop-mania-single-product-content-left","14":"first","15":"instock","16":"downloadable","17":"sold-individually","18":"taxable","19":"shipping-taxable","20":"purchasable","21":"product-type-simple"},"_links":{"self":[{"href":"https:\/\/macketi.com\/en\/wp-json\/wp\/v2\/product\/13252","targetHints":{"allow":["GET"]}}],"collection":[{"href":"https:\/\/macketi.com\/en\/wp-json\/wp\/v2\/product"}],"about":[{"href":"https:\/\/macketi.com\/en\/wp-json\/wp\/v2\/types\/product"}],"replies":[{"embeddable":true,"href":"https:\/\/macketi.com\/en\/wp-json\/wp\/v2\/comments?post=13252"}],"wp:featuredmedia":[{"embeddable":true,"href":"https:\/\/macketi.com\/en\/wp-json\/wp\/v2\/media\/13253"}],"wp:attachment":[{"href":"https:\/\/macketi.com\/en\/wp-json\/wp\/v2\/media?parent=13252"}],"wp:term":[{"taxonomy":"product_brand","embeddable":true,"href":"https:\/\/macketi.com\/en\/wp-json\/wp\/v2\/product_brand?post=13252"},{"taxonomy":"product_cat","embeddable":true,"href":"https:\/\/macketi.com\/en\/wp-json\/wp\/v2\/product_cat?post=13252"},{"taxonomy":"product_tag","embeddable":true,"href":"https:\/\/macketi.com\/en\/wp-json\/wp\/v2\/product_tag?post=13252"}],"curies":[{"name":"wp","href":"https:\/\/api.w.org\/{rel}","templated":true}]}}