{"id":13145,"date":"2025-11-22T14:39:35","date_gmt":"2025-11-22T13:39:35","guid":{"rendered":"https:\/\/macketi.com\/?post_type=product&#038;p=13145"},"modified":"2026-04-22T22:36:53","modified_gmt":"2026-04-22T20:36:53","slug":"pieza-red-de-entrenamiento","status":"publish","type":"product","link":"https:\/\/macketi.com\/en\/product\/pieza-red-de-entrenamiento\/","title":{"rendered":"Pieza Red de entrenamiento"},"content":{"rendered":"<ul>\n<li>\n<p data-path-to-node=\"3,0,0\"><b data-path-to-node=\"3,0,0\" data-index-in-node=\"0\">Objetivo de Entrenamiento:<\/b> Se coloca en las esquinas de la porter\u00eda (donde es m\u00e1s dif\u00edcil para los porteros llegar) para practicar tiros colocados y mejorar la punter\u00eda.<\/p>\n<\/li>\n<li>\n<p data-path-to-node=\"3,1,0\"><b data-path-to-node=\"3,1,0\" data-index-in-node=\"0\">Dise\u00f1o Circular:<\/b> Presenta un aro r\u00edgido que mantiene la forma para facilitar la entrada del bal\u00f3n.<\/p>\n<\/li>\n<li>\n<p data-path-to-node=\"3,2,0\"><b data-path-to-node=\"3,2,0\" data-index-in-node=\"0\">Red de Retenci\u00f3n:<\/b> Incluye una red de color amarillo brillante que atrapa el bal\u00f3n tras un tiro exitoso, permitiendo una f\u00e1cil identificaci\u00f3n del gol.<\/p>\n<\/li>\n<li>\n<p data-path-to-node=\"3,3,0\"><b data-path-to-node=\"3,3,0\" data-index-in-node=\"0\">Sistema de Sujeci\u00f3n:<\/b> Utiliza correas ajustables que se fijan de forma segura a los postes y al travesa\u00f1o de cualquier porter\u00eda est\u00e1ndar.<\/p>\n<\/li>\n<\/ul>","protected":false},"excerpt":{"rendered":"<p>Pieza Red de entrenamiento de porter\u00eda de f\u00fatbol para practicar tiros de esquina con precisi\u00f3n, f\u00e1cil de montar y desmontar, plegable, apta para cualquier pr\u00e1ctica de tiros de f\u00fatbol<\/p>","protected":false},"featured_media":13146,"comment_status":"open","ping_status":"closed","template":"","meta":[],"product_brand":[],"product_cat":[250],"product_tag":[],"class_list":{"0":"post-13145","1":"product","2":"type-product","3":"status-publish","4":"has-post-thumbnail","6":"product_cat-ofertas","7":"thunk-woo-product-list","8":"th-shop-mania-woo-hover-","9":"open-single-product-tab-horizontal","10":"open-shadow-","11":"open-shadow-hover-","12":"th-shop-mania-single-product-content-left","14":"first","15":"instock","16":"taxable","17":"shipping-taxable","18":"purchasable","19":"product-type-simple"},"_links":{"self":[{"href":"https:\/\/macketi.com\/en\/wp-json\/wp\/v2\/product\/13145","targetHints":{"allow":["GET"]}}],"collection":[{"href":"https:\/\/macketi.com\/en\/wp-json\/wp\/v2\/product"}],"about":[{"href":"https:\/\/macketi.com\/en\/wp-json\/wp\/v2\/types\/product"}],"replies":[{"embeddable":true,"href":"https:\/\/macketi.com\/en\/wp-json\/wp\/v2\/comments?post=13145"}],"wp:featuredmedia":[{"embeddable":true,"href":"https:\/\/macketi.com\/en\/wp-json\/wp\/v2\/media\/13146"}],"wp:attachment":[{"href":"https:\/\/macketi.com\/en\/wp-json\/wp\/v2\/media?parent=13145"}],"wp:term":[{"taxonomy":"product_brand","embeddable":true,"href":"https:\/\/macketi.com\/en\/wp-json\/wp\/v2\/product_brand?post=13145"},{"taxonomy":"product_cat","embeddable":true,"href":"https:\/\/macketi.com\/en\/wp-json\/wp\/v2\/product_cat?post=13145"},{"taxonomy":"product_tag","embeddable":true,"href":"https:\/\/macketi.com\/en\/wp-json\/wp\/v2\/product_tag?post=13145"}],"curies":[{"name":"wp","href":"https:\/\/api.w.org\/{rel}","templated":true}]}}