{"id":13114,"date":"2025-11-21T19:37:01","date_gmt":"2025-11-21T18:37:01","guid":{"rendered":"https:\/\/macketi.com\/?post_type=product&#038;p=13114"},"modified":"2025-11-21T19:37:02","modified_gmt":"2025-11-21T18:37:02","slug":"espinilleras","status":"publish","type":"product","link":"https:\/\/macketi.com\/en\/product\/espinilleras\/","title":{"rendered":"Espinilleras"},"content":{"rendered":"<p>Un par de espinilleras de futbol, dise\u00f1adas para brindar protecci\u00f3n contra impactos durante un partido o entrenamiento. Son m\u00e1s peque\u00f1as y ligeras que las espinilleras tradicionales, lo que permite una mayor libertad de movimiento.<\/p>","protected":false},"excerpt":{"rendered":"<p>Un par de espinilleras de futbol, dise\u00f1adas para brindar protecci\u00f3n contra impactos durante un partido o entrenamiento. Son m\u00e1s peque\u00f1as y ligeras que las espinilleras tradicionales, lo que permite una mayor libertad de movimiento.<\/p>","protected":false},"featured_media":13115,"comment_status":"open","ping_status":"closed","template":"","meta":[],"product_brand":[],"product_cat":[276],"product_tag":[],"class_list":{"0":"post-13114","1":"product","2":"type-product","3":"status-publish","4":"has-post-thumbnail","6":"product_cat-fitness","7":"thunk-woo-product-list","8":"th-shop-mania-woo-hover-","9":"open-single-product-tab-horizontal","10":"open-shadow-","11":"open-shadow-hover-","12":"th-shop-mania-single-product-content-left","14":"first","15":"instock","16":"taxable","17":"shipping-taxable","18":"purchasable","19":"product-type-simple"},"_links":{"self":[{"href":"https:\/\/macketi.com\/en\/wp-json\/wp\/v2\/product\/13114","targetHints":{"allow":["GET"]}}],"collection":[{"href":"https:\/\/macketi.com\/en\/wp-json\/wp\/v2\/product"}],"about":[{"href":"https:\/\/macketi.com\/en\/wp-json\/wp\/v2\/types\/product"}],"replies":[{"embeddable":true,"href":"https:\/\/macketi.com\/en\/wp-json\/wp\/v2\/comments?post=13114"}],"wp:featuredmedia":[{"embeddable":true,"href":"https:\/\/macketi.com\/en\/wp-json\/wp\/v2\/media\/13115"}],"wp:attachment":[{"href":"https:\/\/macketi.com\/en\/wp-json\/wp\/v2\/media?parent=13114"}],"wp:term":[{"taxonomy":"product_brand","embeddable":true,"href":"https:\/\/macketi.com\/en\/wp-json\/wp\/v2\/product_brand?post=13114"},{"taxonomy":"product_cat","embeddable":true,"href":"https:\/\/macketi.com\/en\/wp-json\/wp\/v2\/product_cat?post=13114"},{"taxonomy":"product_tag","embeddable":true,"href":"https:\/\/macketi.com\/en\/wp-json\/wp\/v2\/product_tag?post=13114"}],"curies":[{"name":"wp","href":"https:\/\/api.w.org\/{rel}","templated":true}]}}