{"id":13003,"date":"2025-11-06T18:45:30","date_gmt":"2025-11-06T17:45:30","guid":{"rendered":"https:\/\/macketi.com\/?post_type=product&#038;p=13003"},"modified":"2025-11-06T18:49:58","modified_gmt":"2025-11-06T17:49:58","slug":"vino-blanco-espumoso-sabor-manzana-y-pera-piccolo-giovanni-frizzante","status":"publish","type":"product","link":"https:\/\/macketi.com\/en\/product\/vino-blanco-espumoso-sabor-manzana-y-pera-piccolo-giovanni-frizzante\/","title":{"rendered":"Vino blanco espumoso sabor manzana y pera Piccolo Giovanni frizzante"},"content":{"rendered":"","protected":false},"excerpt":{"rendered":"<div class=\"product-short-description\">\n<p>Vino blanco espumoso sabor manzana y pera Piccolo Giovanni frizzante elaborado en Espa\u00f1a, ideal para disfrutar y compartir momentos especiales con aut\u00e9ntico sabor espa\u00f1ol.<\/p>\n<\/div>\n<div class=\"yith-par-message yith-par-message-product\"><\/div>","protected":false},"featured_media":13004,"comment_status":"open","ping_status":"closed","template":"","meta":[],"product_brand":[],"product_cat":[347],"product_tag":[],"class_list":{"0":"post-13003","1":"product","2":"type-product","3":"status-publish","4":"has-post-thumbnail","6":"product_cat-vinos-blancos","7":"thunk-woo-product-list","8":"th-shop-mania-woo-hover-","9":"open-single-product-tab-horizontal","10":"open-shadow-","11":"open-shadow-hover-","12":"th-shop-mania-single-product-content-left","14":"first","15":"instock","16":"downloadable","17":"taxable","18":"shipping-taxable","19":"purchasable","20":"product-type-simple"},"_links":{"self":[{"href":"https:\/\/macketi.com\/en\/wp-json\/wp\/v2\/product\/13003","targetHints":{"allow":["GET"]}}],"collection":[{"href":"https:\/\/macketi.com\/en\/wp-json\/wp\/v2\/product"}],"about":[{"href":"https:\/\/macketi.com\/en\/wp-json\/wp\/v2\/types\/product"}],"replies":[{"embeddable":true,"href":"https:\/\/macketi.com\/en\/wp-json\/wp\/v2\/comments?post=13003"}],"wp:featuredmedia":[{"embeddable":true,"href":"https:\/\/macketi.com\/en\/wp-json\/wp\/v2\/media\/13004"}],"wp:attachment":[{"href":"https:\/\/macketi.com\/en\/wp-json\/wp\/v2\/media?parent=13003"}],"wp:term":[{"taxonomy":"product_brand","embeddable":true,"href":"https:\/\/macketi.com\/en\/wp-json\/wp\/v2\/product_brand?post=13003"},{"taxonomy":"product_cat","embeddable":true,"href":"https:\/\/macketi.com\/en\/wp-json\/wp\/v2\/product_cat?post=13003"},{"taxonomy":"product_tag","embeddable":true,"href":"https:\/\/macketi.com\/en\/wp-json\/wp\/v2\/product_tag?post=13003"}],"curies":[{"name":"wp","href":"https:\/\/api.w.org\/{rel}","templated":true}]}}