{"id":13001,"date":"2025-11-06T17:57:19","date_gmt":"2025-11-06T16:57:19","guid":{"rendered":"https:\/\/macketi.com\/?post_type=product&#038;p=13001"},"modified":"2025-11-06T17:59:24","modified_gmt":"2025-11-06T16:59:24","slug":"the-fruit-company-mikado-ambientador-sandia","status":"publish","type":"product","link":"https:\/\/macketi.com\/en\/product\/the-fruit-company-mikado-ambientador-sandia\/","title":{"rendered":"The Fruit Company Mikado, ambientador Sand\u00eda"},"content":{"rendered":"","protected":false},"excerpt":{"rendered":"<p>Ambientador Mikado aroma a Sand\u00eda, \u201cA vivir que son sand\u00edas\u201d.<\/p>\n<p>Ambientador de varillas s\u00faper decorativo con vidrio bicolor.<\/p>\n<p>Su perfume concentrado y f\u00f3rmula 0% Alcohol nos aporta un poder de ambientaci\u00f3n duradero y constante hasta la \u00faltima gota.<\/p>\n<p>Con extractos naturales y duraci\u00f3n de m\u00e1s 60 d\u00edas. Viene con 5 ca\u00f1as de rat\u00e1n coloreadas.<\/p>\n<p>Sand\u00eda: Salida a frutal sand\u00eda, pl\u00e1tano y cereza, cuerpo a dulce caramelo con un toque de an\u00eds, muguet y acordes l\u00e1cteos, para finalizar con un fondo almizclado a vainilla y frambuesas.<\/p>","protected":false},"featured_media":13002,"comment_status":"open","ping_status":"closed","template":"","meta":[],"product_brand":[],"product_cat":[272],"product_tag":[],"class_list":{"0":"post-13001","1":"product","2":"type-product","3":"status-publish","4":"has-post-thumbnail","6":"product_cat-hogar-y-muebles","7":"thunk-woo-product-list","8":"th-shop-mania-woo-hover-","9":"open-single-product-tab-horizontal","10":"open-shadow-","11":"open-shadow-hover-","12":"th-shop-mania-single-product-content-left","14":"first","15":"instock","16":"downloadable","17":"taxable","18":"shipping-taxable","19":"purchasable","20":"product-type-simple"},"_links":{"self":[{"href":"https:\/\/macketi.com\/en\/wp-json\/wp\/v2\/product\/13001","targetHints":{"allow":["GET"]}}],"collection":[{"href":"https:\/\/macketi.com\/en\/wp-json\/wp\/v2\/product"}],"about":[{"href":"https:\/\/macketi.com\/en\/wp-json\/wp\/v2\/types\/product"}],"replies":[{"embeddable":true,"href":"https:\/\/macketi.com\/en\/wp-json\/wp\/v2\/comments?post=13001"}],"wp:featuredmedia":[{"embeddable":true,"href":"https:\/\/macketi.com\/en\/wp-json\/wp\/v2\/media\/13002"}],"wp:attachment":[{"href":"https:\/\/macketi.com\/en\/wp-json\/wp\/v2\/media?parent=13001"}],"wp:term":[{"taxonomy":"product_brand","embeddable":true,"href":"https:\/\/macketi.com\/en\/wp-json\/wp\/v2\/product_brand?post=13001"},{"taxonomy":"product_cat","embeddable":true,"href":"https:\/\/macketi.com\/en\/wp-json\/wp\/v2\/product_cat?post=13001"},{"taxonomy":"product_tag","embeddable":true,"href":"https:\/\/macketi.com\/en\/wp-json\/wp\/v2\/product_tag?post=13001"}],"curies":[{"name":"wp","href":"https:\/\/api.w.org\/{rel}","templated":true}]}}