{"id":12997,"date":"2025-11-06T17:44:56","date_gmt":"2025-11-06T16:44:56","guid":{"rendered":"https:\/\/macketi.com\/?post_type=product&#038;p=12997"},"modified":"2025-11-06T17:54:35","modified_gmt":"2025-11-06T16:54:35","slug":"the-fruit-company-ambientador-mikado-moras","status":"publish","type":"product","link":"https:\/\/macketi.com\/en\/product\/the-fruit-company-ambientador-mikado-moras\/","title":{"rendered":"The Fruit Company Ambientador Mikado &#8211; Moras"},"content":{"rendered":"","protected":false},"excerpt":{"rendered":"<p>Ambientador de mikado con aroma a moras y formulado\u00a0con extractos naturales.<\/p>\n<div>Este ambientador de mikado ofrece a tu hogar un delicioso aroma, adem\u00e1s dura m\u00e1s de 60 d\u00edas.<\/div>\n<div><\/div>\n<div>Con un precioso dise\u00f1o \u00abMe enaMORAS cada d\u00eda un poco m\u00e1s\u00bb<\/div>\n<div><\/div>\n<div>0% Alcohol.<\/div>\n<div><\/div>\n<div>Descripci\u00f3n Olfativa: Salida donde predominan las notas refrescantes de fresas y frambuesas con un toque de c\u00edtricos mediterr\u00e1neos. Esta fragancia descubre un extraordinario coraz\u00f3n, donde moras y frambuesas se funden con notas florales de violetas. Un fondo dulce , tostado y almizclado enriquece esta fragancia.<\/div>","protected":false},"featured_media":12998,"comment_status":"open","ping_status":"closed","template":"","meta":[],"product_brand":[],"product_cat":[272],"product_tag":[],"class_list":{"0":"post-12997","1":"product","2":"type-product","3":"status-publish","4":"has-post-thumbnail","6":"product_cat-hogar-y-muebles","7":"thunk-woo-product-list","8":"th-shop-mania-woo-hover-","9":"open-single-product-tab-horizontal","10":"open-shadow-","11":"open-shadow-hover-","12":"th-shop-mania-single-product-content-left","14":"first","15":"instock","16":"downloadable","17":"taxable","18":"shipping-taxable","19":"purchasable","20":"product-type-simple"},"_links":{"self":[{"href":"https:\/\/macketi.com\/en\/wp-json\/wp\/v2\/product\/12997","targetHints":{"allow":["GET"]}}],"collection":[{"href":"https:\/\/macketi.com\/en\/wp-json\/wp\/v2\/product"}],"about":[{"href":"https:\/\/macketi.com\/en\/wp-json\/wp\/v2\/types\/product"}],"replies":[{"embeddable":true,"href":"https:\/\/macketi.com\/en\/wp-json\/wp\/v2\/comments?post=12997"}],"wp:featuredmedia":[{"embeddable":true,"href":"https:\/\/macketi.com\/en\/wp-json\/wp\/v2\/media\/12998"}],"wp:attachment":[{"href":"https:\/\/macketi.com\/en\/wp-json\/wp\/v2\/media?parent=12997"}],"wp:term":[{"taxonomy":"product_brand","embeddable":true,"href":"https:\/\/macketi.com\/en\/wp-json\/wp\/v2\/product_brand?post=12997"},{"taxonomy":"product_cat","embeddable":true,"href":"https:\/\/macketi.com\/en\/wp-json\/wp\/v2\/product_cat?post=12997"},{"taxonomy":"product_tag","embeddable":true,"href":"https:\/\/macketi.com\/en\/wp-json\/wp\/v2\/product_tag?post=12997"}],"curies":[{"name":"wp","href":"https:\/\/api.w.org\/{rel}","templated":true}]}}