{"id":12995,"date":"2025-11-06T17:40:32","date_gmt":"2025-11-06T16:40:32","guid":{"rendered":"https:\/\/macketi.com\/?post_type=product&#038;p=12995"},"modified":"2025-11-06T17:43:10","modified_gmt":"2025-11-06T16:43:10","slug":"ambentador-mikado-the-fruit-company-40ml-melon","status":"publish","type":"product","link":"https:\/\/macketi.com\/en\/product\/ambentador-mikado-the-fruit-company-40ml-melon\/","title":{"rendered":"Ambentador Mikado The Fruit Company 40Ml Mel\u00f3n"},"content":{"rendered":"","protected":false},"excerpt":{"rendered":"<ul class=\"a-unordered-list a-vertical a-spacing-mini\">\n<li class=\"a-spacing-mini\"><span class=\"a-list-item\">Ambientador de Mikado Mel\u00f3n The Fruit Company. Ambientador de varillas para hogar.<\/span><\/li>\n<li class=\"a-spacing-mini\"><span class=\"a-list-item\">Mel\u00f3n: un aroma que conquistar\u00e1 tu hogar para siempre.<\/span><\/li>\n<li class=\"a-spacing-mini\"><span class=\"a-list-item\">0% alcohol, con extractos naturales y duraci\u00f3n de m\u00e1s 60 d\u00edas. Contiene 5 ca\u00f1as de rat\u00e1n coloreadas.<\/span><\/li>\n<li class=\"a-spacing-mini\"><span class=\"a-list-item\">Descripci\u00f3n olfativa: Nota frutal y tropical a Mel\u00f3n con un toque floral y c\u00edtrico, y salida a hierba verde.<\/span><\/li>\n<li class=\"a-spacing-mini\"><span class=\"a-list-item\">Fabricado en Espa\u00f1a.<\/span><\/li>\n<\/ul>","protected":false},"featured_media":12996,"comment_status":"open","ping_status":"closed","template":"","meta":[],"product_brand":[],"product_cat":[272],"product_tag":[],"class_list":{"0":"post-12995","1":"product","2":"type-product","3":"status-publish","4":"has-post-thumbnail","6":"product_cat-hogar-y-muebles","7":"thunk-woo-product-list","8":"th-shop-mania-woo-hover-","9":"open-single-product-tab-horizontal","10":"open-shadow-","11":"open-shadow-hover-","12":"th-shop-mania-single-product-content-left","14":"first","15":"instock","16":"downloadable","17":"taxable","18":"shipping-taxable","19":"purchasable","20":"product-type-simple"},"_links":{"self":[{"href":"https:\/\/macketi.com\/en\/wp-json\/wp\/v2\/product\/12995","targetHints":{"allow":["GET"]}}],"collection":[{"href":"https:\/\/macketi.com\/en\/wp-json\/wp\/v2\/product"}],"about":[{"href":"https:\/\/macketi.com\/en\/wp-json\/wp\/v2\/types\/product"}],"replies":[{"embeddable":true,"href":"https:\/\/macketi.com\/en\/wp-json\/wp\/v2\/comments?post=12995"}],"wp:featuredmedia":[{"embeddable":true,"href":"https:\/\/macketi.com\/en\/wp-json\/wp\/v2\/media\/12996"}],"wp:attachment":[{"href":"https:\/\/macketi.com\/en\/wp-json\/wp\/v2\/media?parent=12995"}],"wp:term":[{"taxonomy":"product_brand","embeddable":true,"href":"https:\/\/macketi.com\/en\/wp-json\/wp\/v2\/product_brand?post=12995"},{"taxonomy":"product_cat","embeddable":true,"href":"https:\/\/macketi.com\/en\/wp-json\/wp\/v2\/product_cat?post=12995"},{"taxonomy":"product_tag","embeddable":true,"href":"https:\/\/macketi.com\/en\/wp-json\/wp\/v2\/product_tag?post=12995"}],"curies":[{"name":"wp","href":"https:\/\/api.w.org\/{rel}","templated":true}]}}