{"id":12991,"date":"2025-11-06T17:22:15","date_gmt":"2025-11-06T16:22:15","guid":{"rendered":"https:\/\/macketi.com\/?post_type=product&#038;p=12991"},"modified":"2025-11-06T17:25:10","modified_gmt":"2025-11-06T16:25:10","slug":"the-fruit-company-crema-de-manos-melon-50ml","status":"publish","type":"product","link":"https:\/\/macketi.com\/en\/product\/the-fruit-company-crema-de-manos-melon-50ml\/","title":{"rendered":"The Fruit Company Crema de Manos Mel\u00f3n, 50ml"},"content":{"rendered":"","protected":false},"excerpt":{"rendered":"<div id=\"featurebullets_feature_div\" class=\"celwidget\" data-feature-name=\"featurebullets\" data-csa-c-type=\"widget\" data-csa-c-content-id=\"featurebullets\" data-csa-c-slot-id=\"featurebullets_feature_div\" data-csa-c-asin=\"B0D84L7G5B\" data-csa-c-is-in-initial-active-row=\"false\" data-csa-c-id=\"y5igot-76mf1g-k8tcq3-1vk7n3\" data-cel-widget=\"featurebullets_feature_div\">\n<div id=\"feature-bullets\" class=\"a-section a-spacing-medium a-spacing-top-small\">\n<p><span class=\"a-list-item\">*\u00bfQui\u00e9n dijo que en la vida necesitas encontrar a tu media naranja? El aroma de la Crema de Manos Mel\u00f3n te conquistar\u00e1 para siempre y se convertir\u00e1 en tu compa\u00f1ero fiel para conseguir unas manos suaves e hidratadas. \u00a1Porque todos queremos un mel\u00f3n en nuestras vidas!<\/span><\/p>\n<p><span class=\"a-list-item\">*BUSCABA A MI MEDIA NARANJA Y ME ENAMOR\u00c9 DE UN MEL\u00d3N Crema de manos Mel\u00f3n de 50 ml. Con aloe vera, camomila, manteca de karit\u00e9 y vitamina E.<\/span><\/p>\n<p><span class=\"a-list-item\">*Descripci\u00f3n Olfativa Mel\u00f3n: Nota frutal melon y tropical con floral e hierba, salida c\u00edtrica y verde.<\/span><\/p>\n<\/div>\n<\/div>\n<div id=\"brandSnapshot_feature_div\" class=\"celwidget\" data-feature-name=\"brandSnapshot_desktop\" data-csa-c-type=\"widget\" data-csa-c-content-id=\"brandSnapshot_desktop\" data-csa-c-slot-id=\"brandSnapshot_feature_div\" data-csa-c-asin=\"B0D84L7G5B\" data-csa-c-is-in-initial-active-row=\"false\" data-csa-c-id=\"r4ziw1-r4nh10-dxpvfq-ln92kb\" data-cel-widget=\"brandSnapshot_feature_div\"><\/div>\n<div id=\"provenanceCertifications_feature_div\" class=\"celwidget\" data-feature-name=\"provenanceCertifications\" data-csa-c-type=\"widget\" data-csa-c-content-id=\"provenanceCertifications\" data-csa-c-slot-id=\"provenanceCertifications_feature_div\" data-csa-c-asin=\"B0D84L7G5B\" data-csa-c-is-in-initial-active-row=\"false\" data-csa-c-id=\"w7we0h-ct5zd-eqjslb-tdiw8s\" data-cel-widget=\"provenanceCertifications_feature_div\">\n<div id=\"provenance-certifications\" class=\"a-section a-spacing-medium a-spacing-top-micro\"><\/div>\n<\/div>","protected":false},"featured_media":12992,"comment_status":"open","ping_status":"closed","template":"","meta":[],"product_brand":[],"product_cat":[512],"product_tag":[],"class_list":{"0":"post-12991","1":"product","2":"type-product","3":"status-publish","4":"has-post-thumbnail","6":"product_cat-cremas","7":"thunk-woo-product-list","8":"th-shop-mania-woo-hover-","9":"open-single-product-tab-horizontal","10":"open-shadow-","11":"open-shadow-hover-","12":"th-shop-mania-single-product-content-left","14":"first","15":"instock","16":"downloadable","17":"taxable","18":"shipping-taxable","19":"purchasable","20":"product-type-simple"},"_links":{"self":[{"href":"https:\/\/macketi.com\/en\/wp-json\/wp\/v2\/product\/12991","targetHints":{"allow":["GET"]}}],"collection":[{"href":"https:\/\/macketi.com\/en\/wp-json\/wp\/v2\/product"}],"about":[{"href":"https:\/\/macketi.com\/en\/wp-json\/wp\/v2\/types\/product"}],"replies":[{"embeddable":true,"href":"https:\/\/macketi.com\/en\/wp-json\/wp\/v2\/comments?post=12991"}],"wp:featuredmedia":[{"embeddable":true,"href":"https:\/\/macketi.com\/en\/wp-json\/wp\/v2\/media\/12992"}],"wp:attachment":[{"href":"https:\/\/macketi.com\/en\/wp-json\/wp\/v2\/media?parent=12991"}],"wp:term":[{"taxonomy":"product_brand","embeddable":true,"href":"https:\/\/macketi.com\/en\/wp-json\/wp\/v2\/product_brand?post=12991"},{"taxonomy":"product_cat","embeddable":true,"href":"https:\/\/macketi.com\/en\/wp-json\/wp\/v2\/product_cat?post=12991"},{"taxonomy":"product_tag","embeddable":true,"href":"https:\/\/macketi.com\/en\/wp-json\/wp\/v2\/product_tag?post=12991"}],"curies":[{"name":"wp","href":"https:\/\/api.w.org\/{rel}","templated":true}]}}