{"id":12633,"date":"2025-08-30T09:23:58","date_gmt":"2025-08-30T07:23:58","guid":{"rendered":"https:\/\/macketi.com\/?post_type=product&#038;p=12633"},"modified":"2026-01-22T18:16:03","modified_gmt":"2026-01-22T17:16:03","slug":"auriculares-fonestar-auris-bt-con-microfono-bluetooth","status":"publish","type":"product","link":"https:\/\/macketi.com\/en\/product\/auriculares-fonestar-auris-bt-con-microfono-bluetooth\/","title":{"rendered":"AURICULARES FONESTAR AURIS-BT | CON MICR\u00d3FONO | BLUETOOTH"},"content":{"rendered":"<ul>\n<li><strong>DISE\u00d1O:<\/strong> diadema ajustable<\/li>\n<li><strong>COLOR:<\/strong> negro<\/li>\n<li><strong>FRECUENCIA:<\/strong> de 20 a 20000 HZ<\/li>\n<li><strong>BATER\u00cdA:<\/strong> Litio recargable de \u00a03,7 V y 400 mAh (hasta 12 horas de uso)<\/li>\n<li><strong>CONECTIVIDAD:<\/strong> Inal\u00e1mbrica con Bluetooth 5.3 (hasta 10 m) y entrada jack de 3.5 mm<\/li>\n<\/ul>","protected":false},"excerpt":{"rendered":"<p>Estos auriculares garantizan una conexi\u00f3n inal\u00e1mbrica estable y de gran alcance con cancelaci\u00f3n de ruido, proporcionando un rendimiento id\u00f3neo sin interrupciones con un dise\u00f1o versatil y microfonos incluidos.<\/p>","protected":false},"featured_media":12634,"comment_status":"open","ping_status":"closed","template":"","meta":[],"product_brand":[],"product_cat":[250],"product_tag":[446,498,499,500],"class_list":{"0":"post-12633","1":"product","2":"type-product","3":"status-publish","4":"has-post-thumbnail","6":"product_cat-ofertas","7":"product_tag-altavoz-bluetooth","8":"product_tag-auricular","9":"product_tag-casco","10":"product_tag-negro","11":"product_shipping_class-envio-todos-vendedores","12":"thunk-woo-product-list","13":"th-shop-mania-woo-hover-","14":"open-single-product-tab-horizontal","15":"open-shadow-","16":"open-shadow-hover-","17":"th-shop-mania-single-product-content-left","19":"first","20":"outofstock","21":"downloadable","22":"sold-individually","23":"taxable","24":"shipping-taxable","25":"purchasable","26":"product-type-simple"},"_links":{"self":[{"href":"https:\/\/macketi.com\/en\/wp-json\/wp\/v2\/product\/12633","targetHints":{"allow":["GET"]}}],"collection":[{"href":"https:\/\/macketi.com\/en\/wp-json\/wp\/v2\/product"}],"about":[{"href":"https:\/\/macketi.com\/en\/wp-json\/wp\/v2\/types\/product"}],"replies":[{"embeddable":true,"href":"https:\/\/macketi.com\/en\/wp-json\/wp\/v2\/comments?post=12633"}],"wp:featuredmedia":[{"embeddable":true,"href":"https:\/\/macketi.com\/en\/wp-json\/wp\/v2\/media\/12634"}],"wp:attachment":[{"href":"https:\/\/macketi.com\/en\/wp-json\/wp\/v2\/media?parent=12633"}],"wp:term":[{"taxonomy":"product_brand","embeddable":true,"href":"https:\/\/macketi.com\/en\/wp-json\/wp\/v2\/product_brand?post=12633"},{"taxonomy":"product_cat","embeddable":true,"href":"https:\/\/macketi.com\/en\/wp-json\/wp\/v2\/product_cat?post=12633"},{"taxonomy":"product_tag","embeddable":true,"href":"https:\/\/macketi.com\/en\/wp-json\/wp\/v2\/product_tag?post=12633"}],"curies":[{"name":"wp","href":"https:\/\/api.w.org\/{rel}","templated":true}]}}