{"id":12630,"date":"2025-08-23T13:49:02","date_gmt":"2025-08-23T11:49:02","guid":{"rendered":"https:\/\/macketi.com\/?post_type=product&#038;p=12630"},"modified":"2025-09-06T16:51:04","modified_gmt":"2025-09-06T14:51:04","slug":"ritual-of-fragances-iman","status":"publish","type":"product","link":"https:\/\/macketi.com\/en\/product\/ritual-of-fragances-iman\/","title":{"rendered":"Ritual of Fragances: Im\u00e1n"},"content":{"rendered":"<p>Una explosi\u00f3n de frescura que combina c\u00edtricos vibrantes y notas acu\u00e1ticas con un fondo amaderado elegante.<\/p>\n<p>Din\u00e1mico, revitalizante y sofisticado, es el aroma ideal para el hombre moderno que irradia energ\u00eda, libertad y autenticidad<\/p>","protected":false},"excerpt":{"rendered":"<p>Perfume para hombre<\/p>","protected":false},"featured_media":12631,"comment_status":"open","ping_status":"closed","template":"","meta":[],"product_brand":[506],"product_cat":[489],"product_tag":[],"class_list":{"0":"post-12630","1":"product","2":"type-product","3":"status-publish","4":"has-post-thumbnail","6":"product_brand-ritual-of-fragances","7":"product_cat-perfumes","8":"thunk-woo-product-list","9":"th-shop-mania-woo-hover-","10":"open-single-product-tab-horizontal","11":"open-shadow-","12":"open-shadow-hover-","13":"th-shop-mania-single-product-content-left","15":"first","16":"instock","17":"downloadable","18":"taxable","19":"shipping-taxable","20":"purchasable","21":"product-type-simple"},"_links":{"self":[{"href":"https:\/\/macketi.com\/en\/wp-json\/wp\/v2\/product\/12630","targetHints":{"allow":["GET"]}}],"collection":[{"href":"https:\/\/macketi.com\/en\/wp-json\/wp\/v2\/product"}],"about":[{"href":"https:\/\/macketi.com\/en\/wp-json\/wp\/v2\/types\/product"}],"replies":[{"embeddable":true,"href":"https:\/\/macketi.com\/en\/wp-json\/wp\/v2\/comments?post=12630"}],"wp:featuredmedia":[{"embeddable":true,"href":"https:\/\/macketi.com\/en\/wp-json\/wp\/v2\/media\/12631"}],"wp:attachment":[{"href":"https:\/\/macketi.com\/en\/wp-json\/wp\/v2\/media?parent=12630"}],"wp:term":[{"taxonomy":"product_brand","embeddable":true,"href":"https:\/\/macketi.com\/en\/wp-json\/wp\/v2\/product_brand?post=12630"},{"taxonomy":"product_cat","embeddable":true,"href":"https:\/\/macketi.com\/en\/wp-json\/wp\/v2\/product_cat?post=12630"},{"taxonomy":"product_tag","embeddable":true,"href":"https:\/\/macketi.com\/en\/wp-json\/wp\/v2\/product_tag?post=12630"}],"curies":[{"name":"wp","href":"https:\/\/api.w.org\/{rel}","templated":true}]}}