{"id":12588,"date":"2025-08-21T22:30:00","date_gmt":"2025-08-21T20:30:00","guid":{"rendered":"https:\/\/macketi.com\/?post_type=product&#038;p=12588"},"modified":"2025-09-07T19:01:26","modified_gmt":"2025-09-07T17:01:26","slug":"ritual-of-fragances-musk-intimo-melon-2","status":"publish","type":"product","link":"https:\/\/macketi.com\/en\/product\/ritual-of-fragances-musk-intimo-melon-2\/","title":{"rendered":"Ritual of Fragances: Musk intimo mel\u00f3n"},"content":{"rendered":"<p>Hasta ahora, el Musc intimo era un secreto de belleza reservado a la higiene \u00edntima de las mujeres de Oriente Medio. Aplicado en las zonas c\u00e1lidas del cuerpo, neutraliza eficazmente el olor corporal y deja tras de s\u00ed una fragancia embriagadora.<br \/>\nSu f\u00f3rmula absorber\u00e1 sus olores m\u00e1s \u00edntimos, dejando tras de s\u00ed una fragancia tan suave como fresca.<br \/>\nPssst, nuestras clientas dan fe de que sus aromas vuelven completamente loca a su pareja.<br \/>\nPero tranquila, es un secreto que debemos guardar entre mujeres.<\/p>","protected":false},"excerpt":{"rendered":"<p>Hasta ahora, el Musc intimo era un secreto de belleza reservado a la higiene \u00edntima de las mujeres de Oriente Medio. Aplicado en las zonas c\u00e1lidas del cuerpo, neutraliza eficazmente el olor corporal y deja tras de s\u00ed una fragancia embriagadora. Su f\u00f3rmula absorber\u00e1 sus olores m\u00e1s \u00edntimos, dejando tras de s\u00ed una fragancia tan &hellip;<\/p>\n<p class=\"read-more\"> <a class=\"thunk-readmore button\" href=\"https:\/\/macketi.com\/en\/product\/ritual-of-fragances-musk-intimo-melon-2\/\"> <span class=\"screen-reader-text\">Ritual of Fragances: Musk intimo mel\u00f3n<\/span>Read More<\/a><\/p>","protected":false},"featured_media":12589,"comment_status":"open","ping_status":"closed","template":"","meta":[],"product_brand":[],"product_cat":[355],"product_tag":[],"class_list":{"0":"post-12588","1":"product","2":"type-product","3":"status-publish","4":"has-post-thumbnail","6":"product_cat-cuidado-personal","7":"thunk-woo-product-list","8":"th-shop-mania-woo-hover-","9":"open-single-product-tab-horizontal","10":"open-shadow-","11":"open-shadow-hover-","12":"th-shop-mania-single-product-content-left","14":"first","15":"outofstock","16":"downloadable","17":"taxable","18":"shipping-taxable","19":"purchasable","20":"product-type-simple"},"_links":{"self":[{"href":"https:\/\/macketi.com\/en\/wp-json\/wp\/v2\/product\/12588","targetHints":{"allow":["GET"]}}],"collection":[{"href":"https:\/\/macketi.com\/en\/wp-json\/wp\/v2\/product"}],"about":[{"href":"https:\/\/macketi.com\/en\/wp-json\/wp\/v2\/types\/product"}],"replies":[{"embeddable":true,"href":"https:\/\/macketi.com\/en\/wp-json\/wp\/v2\/comments?post=12588"}],"wp:featuredmedia":[{"embeddable":true,"href":"https:\/\/macketi.com\/en\/wp-json\/wp\/v2\/media\/12589"}],"wp:attachment":[{"href":"https:\/\/macketi.com\/en\/wp-json\/wp\/v2\/media?parent=12588"}],"wp:term":[{"taxonomy":"product_brand","embeddable":true,"href":"https:\/\/macketi.com\/en\/wp-json\/wp\/v2\/product_brand?post=12588"},{"taxonomy":"product_cat","embeddable":true,"href":"https:\/\/macketi.com\/en\/wp-json\/wp\/v2\/product_cat?post=12588"},{"taxonomy":"product_tag","embeddable":true,"href":"https:\/\/macketi.com\/en\/wp-json\/wp\/v2\/product_tag?post=12588"}],"curies":[{"name":"wp","href":"https:\/\/api.w.org\/{rel}","templated":true}]}}