{"id":12506,"date":"2025-08-04T17:51:41","date_gmt":"2025-08-04T15:51:41","guid":{"rendered":"https:\/\/macketi.com\/?post_type=product&#038;p=12506"},"modified":"2025-08-04T18:12:39","modified_gmt":"2025-08-04T16:12:39","slug":"balon-de-futbol","status":"publish","type":"product","link":"https:\/\/macketi.com\/en\/product\/balon-de-futbol\/","title":{"rendered":"Bal\u00f3n de f\u00fatbol N\u00ba1"},"content":{"rendered":"<p>Con este bal\u00f3n podr\u00e1s disfrutar con tus amigos, familiares y tendr\u00e1s horas de diversi\u00f3n y ser el centro de atenci\u00f3n ante los dem\u00e1s. Dise\u00f1o colorido y llamativo.<br \/>\n\u2022 IMPORTANTE: Se env\u00eda en dise\u00f1o y color aleatorio.<br \/>\n\u2022 Material: Cubierta PU<br \/>\n\u2022 Tama\u00f1o producto: N\u00b05 \/ circunferencia: 67 cm.<br \/>\n\u2022 Peso aprox.: 300 g.<br \/>\n\u2022 Presi\u00f3n de inflado: 8 libras<br \/>\n\u2022 Tipo de costura: Cosido a mano.<br \/>\n\u2022 Con este bal\u00f3n jugar\u00e1s todo tipo de ligas y disfrutar\u00e1s sin importar las condiciones.<br \/>\n\u2022 Tus hijos har\u00e1n volar su imaginaci\u00f3n cada vez que hagan un gol y se sentir\u00e1n como campeones al momento de tenerlo en sus manos.<br \/>\n\u2022 Lo puedes utilizar en cualquier terreno de juego gracias a su gran resistencia.<br \/>\n\u2022 De uso exterior.<br \/>\n\u2022 Si\u00e9ntete imparable con su elasticidad al jugar con \u00e9l.<br \/>\n\u2022 Su peso lo hace ideal para que puedas lograr pases muy precisos a tus compa\u00f1eros de equipo.<br \/>\n\u2022 El regalo ideal para un aficionado del f\u00fatbol.<br \/>\n\u2022 Desarrolla habilidades motoras al entrenar y practicar con \u00e9l.<br \/>\n\u2022 Para evitar da\u00f1ar el bal\u00f3n, tenga cuidado al insertar la aguja de inflado en la pelota cuando usa el inflador, especialmente cuando se infla por primera vez. Le recomendamos que lubrique la aguja con glicerina para que pueda insertar la aguja sin problemas y con cuidado. Despu\u00e9s de la inserci\u00f3n, infle la pelota a la presi\u00f3n deseada; la presi\u00f3n recomendada se imprime en la v\u00e1lvula y no debe exceder la m\u00e1xima presi\u00f3n.<br \/>\n\u2022 Sus colores son muy llamativos y cuentan con un estampado hermoso.<br \/>\n\u2022 Contenido del Paquete:<br \/>\n\u2022 1 bal\u00f3n N\u00b05<br \/>\n\u2022 100 % Nuevo<br \/>\nPor favor resuelva todas sus dudas antes de ofertar, esto facilitara nuestro trabajo y podr\u00e1 recibir el producto tal y como lo desea.<br \/>\nEstaremos siempre atentos a resolver sus inquietudes.<\/p>","protected":false},"excerpt":{"rendered":"<p>Bal\u00f3n de f\u00fatbol N\u00ba5, juguete de deporte recreativo<\/p>","protected":false},"featured_media":12507,"comment_status":"open","ping_status":"closed","template":"","meta":[],"product_brand":[],"product_cat":[454],"product_tag":[],"class_list":{"0":"post-12506","1":"product","2":"type-product","3":"status-publish","4":"has-post-thumbnail","6":"product_cat-deportes","7":"thunk-woo-product-list","8":"th-shop-mania-woo-hover-","9":"open-single-product-tab-horizontal","10":"open-shadow-","11":"open-shadow-hover-","12":"th-shop-mania-single-product-content-left","14":"first","15":"instock","16":"downloadable","17":"taxable","18":"shipping-taxable","19":"purchasable","20":"product-type-simple"},"aioseo_notices":[],"_links":{"self":[{"href":"https:\/\/macketi.com\/en\/wp-json\/wp\/v2\/product\/12506","targetHints":{"allow":["GET"]}}],"collection":[{"href":"https:\/\/macketi.com\/en\/wp-json\/wp\/v2\/product"}],"about":[{"href":"https:\/\/macketi.com\/en\/wp-json\/wp\/v2\/types\/product"}],"replies":[{"embeddable":true,"href":"https:\/\/macketi.com\/en\/wp-json\/wp\/v2\/comments?post=12506"}],"wp:featuredmedia":[{"embeddable":true,"href":"https:\/\/macketi.com\/en\/wp-json\/wp\/v2\/media\/12507"}],"wp:attachment":[{"href":"https:\/\/macketi.com\/en\/wp-json\/wp\/v2\/media?parent=12506"}],"wp:term":[{"taxonomy":"product_brand","embeddable":true,"href":"https:\/\/macketi.com\/en\/wp-json\/wp\/v2\/product_brand?post=12506"},{"taxonomy":"product_cat","embeddable":true,"href":"https:\/\/macketi.com\/en\/wp-json\/wp\/v2\/product_cat?post=12506"},{"taxonomy":"product_tag","embeddable":true,"href":"https:\/\/macketi.com\/en\/wp-json\/wp\/v2\/product_tag?post=12506"}],"curies":[{"name":"wp","href":"https:\/\/api.w.org\/{rel}","templated":true}]}}