{"id":12411,"date":"2025-07-01T22:46:59","date_gmt":"2025-07-01T20:46:59","guid":{"rendered":"https:\/\/macketi.com\/?post_type=product&#038;p=12411"},"modified":"2025-11-29T14:27:15","modified_gmt":"2025-11-29T13:27:15","slug":"fervex-adulto","status":"publish","type":"product","link":"https:\/\/macketi.com\/en\/product\/fervex-adulto\/","title":{"rendered":"Fervex Adulto"},"content":{"rendered":"<h3 data-start=\"292\" data-end=\"342\">Composici\u00f3n habitual de Fervex (para adultos):<\/h3>\n<p><strong data-start=\"345\" data-end=\"360\">-Paracetamol<\/strong>: analg\u00e9sico y antipir\u00e9tico (reduce el dolor y la fiebre).<\/p>\n<p data-start=\"421\" data-end=\"506\"><strong data-start=\"421\" data-end=\"448\">-Maleato de clorfenamina<\/strong>: antihistam\u00ednico (reduce la secreci\u00f3n nasal, estornudos).<\/p>\n<p data-start=\"509\" data-end=\"600\"><strong data-start=\"509\" data-end=\"541\">-\u00c1cido asc\u00f3rbico (vitamina C)<\/strong>: suplemento vitam\u00ednico (refuerza el sistema inmunol\u00f3gico).<\/p>\n<h3 data-start=\"602\" data-end=\"619\">Indicaciones:<\/h3>\n<p data-start=\"622\" data-end=\"639\">-Dolor de cabeza<\/p>\n<p data-start=\"642\" data-end=\"650\">-Fiebre<\/p>\n<p data-start=\"653\" data-end=\"671\">-Congesti\u00f3n nasal<\/p>\n<p data-start=\"674\" data-end=\"702\">-Dolor muscular o articular<\/p>\n<p data-start=\"705\" data-end=\"739\">-Estornudos y secreciones nasales<\/p>\n<h3 data-start=\"741\" data-end=\"757\">Modo de uso:<\/h3>\n<p data-start=\"758\" data-end=\"905\">Generalmente se presenta en <strong data-start=\"786\" data-end=\"827\">sobres para disolver en agua caliente<\/strong>. Se toma cada 4 a 6 horas, sin exceder la dosis diaria m\u00e1xima de paracetamol.<\/p>\n<h3 data-start=\"907\" data-end=\"924\">Precauciones:<\/h3>\n<p data-start=\"927\" data-end=\"1047\">-No debe combinarse con <strong data-start=\"950\" data-end=\"961\">alcohol<\/strong>, <strong data-start=\"963\" data-end=\"1011\">otros medicamentos que contengan paracetamol<\/strong>, ni con <strong data-start=\"1020\" data-end=\"1046\">ciertos antidepresivos<\/strong>.<\/p>\n<p data-start=\"1050\" data-end=\"1188\">-Contraindicado en personas con problemas hep\u00e1ticos severos o ciertas condiciones m\u00e9dicas (por ejemplo, glaucoma o hipertrofia prost\u00e1tica).<\/p>\n<p data-start=\"1191\" data-end=\"1243\">-Consultar al m\u00e9dico en caso de embarazo o lactancia.<\/p>","protected":false},"excerpt":{"rendered":"<p>Fervex es un medicamento antigripal en sobres. Est\u00e1 indicado para el tratamiento de los s\u00edntomas del resfriado, la gripe, la rinitis y la rinofaringitis. Contiene Feniramina que es un antihistam\u00ednico que tiene un disminuye las secreciones nasales. El Paracetamol tiene un efecto antipir\u00e9tico y analg\u00e9sico. La vitamina C (\u00e1cido asc\u00f3rbico) refuerza las defensas.<\/p>","protected":false},"featured_media":13395,"comment_status":"open","ping_status":"closed","template":"","meta":[],"product_brand":[],"product_cat":[282],"product_tag":[],"class_list":{"0":"post-12411","1":"product","2":"type-product","3":"status-publish","4":"has-post-thumbnail","6":"product_cat-salud","7":"thunk-woo-product-list","8":"th-shop-mania-woo-hover-","9":"open-single-product-tab-horizontal","10":"open-shadow-","11":"open-shadow-hover-","12":"th-shop-mania-single-product-content-left","14":"first","15":"instock","16":"downloadable","17":"sold-individually","18":"taxable","19":"shipping-taxable","20":"purchasable","21":"product-type-simple"},"_links":{"self":[{"href":"https:\/\/macketi.com\/en\/wp-json\/wp\/v2\/product\/12411","targetHints":{"allow":["GET"]}}],"collection":[{"href":"https:\/\/macketi.com\/en\/wp-json\/wp\/v2\/product"}],"about":[{"href":"https:\/\/macketi.com\/en\/wp-json\/wp\/v2\/types\/product"}],"replies":[{"embeddable":true,"href":"https:\/\/macketi.com\/en\/wp-json\/wp\/v2\/comments?post=12411"}],"wp:featuredmedia":[{"embeddable":true,"href":"https:\/\/macketi.com\/en\/wp-json\/wp\/v2\/media\/13395"}],"wp:attachment":[{"href":"https:\/\/macketi.com\/en\/wp-json\/wp\/v2\/media?parent=12411"}],"wp:term":[{"taxonomy":"product_brand","embeddable":true,"href":"https:\/\/macketi.com\/en\/wp-json\/wp\/v2\/product_brand?post=12411"},{"taxonomy":"product_cat","embeddable":true,"href":"https:\/\/macketi.com\/en\/wp-json\/wp\/v2\/product_cat?post=12411"},{"taxonomy":"product_tag","embeddable":true,"href":"https:\/\/macketi.com\/en\/wp-json\/wp\/v2\/product_tag?post=12411"}],"curies":[{"name":"wp","href":"https:\/\/api.w.org\/{rel}","templated":true}]}}