{"id":11979,"date":"2025-05-30T12:35:51","date_gmt":"2025-05-30T10:35:51","guid":{"rendered":"https:\/\/macketi.com\/?post_type=product&#038;p=11979"},"modified":"2025-05-30T12:47:34","modified_gmt":"2025-05-30T10:47:34","slug":"tapo-sensor-de-control-de-puertas","status":"publish","type":"product","link":"https:\/\/macketi.com\/en\/product\/tapo-sensor-de-control-de-puertas\/","title":{"rendered":"Tapo sensor de control de puertas"},"content":{"rendered":"<ul class=\"a-unordered-list a-vertical a-spacing-mini\">\n<li class=\"a-spacing-mini\">\n<h6><span class=\"a-list-item\">PROTECCI\u00d3N CONTRA ROBOS &#8211; Detecta si se abren y cierran tanto puertas como ventanas y hace saltar la alarma de sonido<\/span><\/h6>\n<\/li>\n<li class=\"a-spacing-mini\">\n<h6><span class=\"a-list-item\">NOTIFICACIONES INSTANT\u00c1NEAS &#8211; Recibe en el m\u00f3vil un mensaje cuando el sensor se active para saber que ocurre en casa<\/span><\/h6>\n<\/li>\n<li class=\"a-spacing-mini\">\n<h6><span class=\"a-list-item\">COMPATIBILIDAD CON DISPOSITIVOS INTELIGENTES &#8211; Crea tus propias acciones inteligentes con otros dispositivos conectados compatibles<\/span><\/h6>\n<\/li>\n<li class=\"a-spacing-mini\">\n<h6><span class=\"a-list-item\">F\u00c1CIL INSTALACI\u00d3N -Col\u00f3calo en en casi cualquier superficie con el adhesivo 3M incluido<\/span><\/h6>\n<h6><\/h6>\n<\/li>\n<\/ul>","protected":false},"excerpt":{"rendered":"<h5 id=\"title\" class=\"a-size-large a-spacing-none\"><span id=\"productTitle\" class=\"a-size-large product-title-word-break\">TP-Link Tapo T110 &#8211; Sensor de Contacto Inteligente.<\/span><\/h5>","protected":false},"featured_media":11980,"comment_status":"open","ping_status":"closed","template":"","meta":[],"product_brand":[],"product_cat":[274],"product_tag":[],"class_list":{"0":"post-11979","1":"product","2":"type-product","3":"status-publish","4":"has-post-thumbnail","6":"product_cat-herramientas","7":"thunk-woo-product-list","8":"th-shop-mania-woo-hover-","9":"open-single-product-tab-horizontal","10":"open-shadow-","11":"open-shadow-hover-","12":"th-shop-mania-single-product-content-left","14":"first","15":"instock","16":"taxable","17":"shipping-taxable","18":"purchasable","19":"product-type-simple"},"_links":{"self":[{"href":"https:\/\/macketi.com\/en\/wp-json\/wp\/v2\/product\/11979","targetHints":{"allow":["GET"]}}],"collection":[{"href":"https:\/\/macketi.com\/en\/wp-json\/wp\/v2\/product"}],"about":[{"href":"https:\/\/macketi.com\/en\/wp-json\/wp\/v2\/types\/product"}],"replies":[{"embeddable":true,"href":"https:\/\/macketi.com\/en\/wp-json\/wp\/v2\/comments?post=11979"}],"wp:featuredmedia":[{"embeddable":true,"href":"https:\/\/macketi.com\/en\/wp-json\/wp\/v2\/media\/11980"}],"wp:attachment":[{"href":"https:\/\/macketi.com\/en\/wp-json\/wp\/v2\/media?parent=11979"}],"wp:term":[{"taxonomy":"product_brand","embeddable":true,"href":"https:\/\/macketi.com\/en\/wp-json\/wp\/v2\/product_brand?post=11979"},{"taxonomy":"product_cat","embeddable":true,"href":"https:\/\/macketi.com\/en\/wp-json\/wp\/v2\/product_cat?post=11979"},{"taxonomy":"product_tag","embeddable":true,"href":"https:\/\/macketi.com\/en\/wp-json\/wp\/v2\/product_tag?post=11979"}],"curies":[{"name":"wp","href":"https:\/\/api.w.org\/{rel}","templated":true}]}}